{"id":1012,"date":"2025-09-27T03:26:31","date_gmt":"2025-09-27T03:26:31","guid":{"rendered":"https:\/\/eqgymcu.com\/?post_type=product&#038;p=1012"},"modified":"2025-11-07T14:52:38","modified_gmt":"2025-11-07T14:52:38","slug":"shake4-fitslim","status":"publish","type":"product","link":"https:\/\/eqgymcu.com\/en\/product\/shake4-fitslim\/","title":{"rendered":"Shake4 Fit&#038;Slim"},"content":{"rendered":"<div class=\"accordion\">\n\t<div id=\"accordion-3276305366\" class=\"accordion-item\">\n\t\t<a id=\"accordion-3276305366-label\" class=\"accordion-title plain\" href=\"#accordion-item-descripcion-general-del-producto\" aria-expanded=\"false\" aria-controls=\"accordion-3276305366-content\" >\n\t\t\t<button class=\"toggle\" aria-label=\"Toggle\"><i class=\"icon-angle-down\"><\/i><\/button>\n\t\t\t<span>Descripcion General del Producto<\/span>\n\t\t<\/a>\n\t\t<div id=\"accordion-3276305366-content\" class=\"accordion-inner\" aria-labelledby=\"accordion-3276305366-label\" >\n\t\t\t\n\t<div id=\"text-3871648451\" class=\"text\">\n\t\t\n<p><strong>Shake4 Fit&amp;Slim<\/strong> de <em><strong>Amix\u2122<\/strong><\/em>\u00a0es un c\u00f3ctel muy popular, delicioso y f\u00e1cil de preparar para el control de peso, dise\u00f1ado especialmente para apoyar tus objetivos de dieta y fitness, ya seas hombre o mujer. Esta soluci\u00f3n r\u00e1pida y f\u00e1cil de preparar \u00ab<em><strong>Shake &amp; GO!<\/strong><\/em>\u00bb proporciona a tu cuerpo nutrientes de calidad entre comidas principales. Bajo en grasas y formulado con una mezcla de <em><strong>prote\u00ednas de la m\u00e1s alta calidad<\/strong><\/em>, incluye carbohidratos para suministrar energ\u00eda durante tus entrenamientos y ayudar a reponer el gluc\u00f3geno. Para promover y acelerar el proceso de dieta, contiene mezclas especiales de ingredientes funcionales adicionales. Contiene cafe\u00edna (<strong>33 mg<\/strong> por <strong>100 g<\/strong>).<\/p>\n<p><strong>Shake4 Fit&amp;Slim<\/strong> ya est\u00e1 en Cuba. Distribuido por <strong>EQGYM<\/strong>.<\/p>\n\t\t\n<style>\n#text-3871648451 {\n  font-size: 0.9rem;\n  line-height: 1.5;\n}\n<\/style>\n\t<\/div>\n\t\n\t\t<\/div>\n\t<\/div>\n\t\n\t<div id=\"accordion-635951856\" class=\"accordion-item\">\n\t\t<a id=\"accordion-635951856-label\" class=\"accordion-title plain\" href=\"#accordion-item-beneficios\" aria-expanded=\"false\" aria-controls=\"accordion-635951856-content\" >\n\t\t\t<button class=\"toggle\" aria-label=\"Toggle\"><i class=\"icon-angle-down\"><\/i><\/button>\n\t\t\t<span>Beneficios<\/span>\n\t\t<\/a>\n\t\t<div id=\"accordion-635951856-content\" class=\"accordion-inner\" aria-labelledby=\"accordion-635951856-label\" >\n\t\t\t\n\t<div id=\"text-4193850016\" class=\"text\">\n\t\t\n<ul>\n<li><strong>Apoyo al Control de Peso:<\/strong> F\u00f3rmula especializada para apoyar tu dieta y objetivos fitness.<\/li>\n<li><strong>Contribuye al Mantenimiento Muscular:<\/strong> La prote\u00edna contribuye al crecimiento y mantenimiento de la masa muscular.<\/li>\n<li><strong>Delicioso y F\u00e1cil de Preparar:<\/strong> Textura y sabor agradables con preparaci\u00f3n r\u00e1pida \u00abShake &#038; GO!\u00bb.<\/li>\n<li><strong>Enriquecido con DigeZyme\u00ae:<\/strong> Mejora la digesti\u00f3n y absorci\u00f3n de nutrientes.<\/li>\n<li><strong>Libre de Aspartamo:<\/strong> Formulada sin este endulzante artificial.<\/li>\n<li><strong>Energ\u00eda para Entrenar:<\/strong> Carbohidratos que ayudan a reponer gluc\u00f3geno y proporcionan energ\u00eda.<\/li>\n<li><strong>Tecnolog\u00eda Avanzada:<\/strong> Benef\u00edciate de la tecnolog\u00eda nutricional usada por atletas profesionales.<\/li>\n<\/ul>\n\t\t\n<style>\n#text-4193850016 {\n  font-size: 0.9rem;\n  line-height: 1.5;\n}\n<\/style>\n\t<\/div>\n\t\n\t\t<\/div>\n\t<\/div>\n\t\n\t<div id=\"accordion-890768160\" class=\"accordion-item\">\n\t\t<a id=\"accordion-890768160-label\" class=\"accordion-title plain\" href=\"#accordion-item-informacion-nutricional\" aria-expanded=\"false\" aria-controls=\"accordion-890768160-content\" >\n\t\t\t<button class=\"toggle\" aria-label=\"Toggle\"><i class=\"icon-angle-down\"><\/i><\/button>\n\t\t\t<span>Informacion Nutricional<\/span>\n\t\t<\/a>\n\t\t<div id=\"accordion-890768160-content\" class=\"accordion-inner\" aria-labelledby=\"accordion-890768160-label\" >\n\t\t\t\n\t<div class=\"img has-hover x md-x lg-x y md-y lg-y\" id=\"image_878647737\">\n\t\t\t\t\t\t\t\t<div class=\"img-inner dark\" >\n\t\t\t<img loading=\"lazy\" decoding=\"async\" width=\"1580\" height=\"657\" src=\"https:\/\/eqgymcu.com\/wp-content\/uploads\/2025\/09\/shake4tabla.png\" class=\"attachment-original size-original\" alt=\"\" srcset=\"https:\/\/eqgymcu.com\/wp-content\/uploads\/2025\/09\/shake4tabla.png 1580w, https:\/\/eqgymcu.com\/wp-content\/uploads\/2025\/09\/shake4tabla-300x125.png 300w, https:\/\/eqgymcu.com\/wp-content\/uploads\/2025\/09\/shake4tabla-1024x426.png 1024w, https:\/\/eqgymcu.com\/wp-content\/uploads\/2025\/09\/shake4tabla-768x319.png 768w, https:\/\/eqgymcu.com\/wp-content\/uploads\/2025\/09\/shake4tabla-1536x639.png 1536w, https:\/\/eqgymcu.com\/wp-content\/uploads\/2025\/09\/shake4tabla-18x7.png 18w, https:\/\/eqgymcu.com\/wp-content\/uploads\/2025\/09\/shake4tabla-500x208.png 500w\" sizes=\"auto, (max-width: 1580px) 100vw, 1580px\" \/>\t\t\t\t\t\t\n\t\t\t\t\t<\/div>\n\t\t\t\t\t\t\t\t\n<style>\n#image_878647737 {\n  width: 100%;\n}\n<\/style>\n\t<\/div>\n\t\n\t\t<\/div>\n\t<\/div>\n\t\n\t<div id=\"accordion-1641272120\" class=\"accordion-item\">\n\t\t<a id=\"accordion-1641272120-label\" class=\"accordion-title plain\" href=\"#accordion-item-precauciones\" aria-expanded=\"false\" aria-controls=\"accordion-1641272120-content\" >\n\t\t\t<button class=\"toggle\" aria-label=\"Toggle\"><i class=\"icon-angle-down\"><\/i><\/button>\n\t\t\t<span>Precauciones<\/span>\n\t\t<\/a>\n\t\t<div id=\"accordion-1641272120-content\" class=\"accordion-inner\" aria-labelledby=\"accordion-1641272120-label\" >\n\t\t\t\n\t<div id=\"text-4261147999\" class=\"text\">\n\t\t\n<p class=\"ds-markdown-paragraph\">Contiene cafe\u00edna (<strong>33 mg <\/strong>por <strong>100 g<\/strong>). No recomendado para ni\u00f1os o mujeres embarazadas. Mantener fuera del alcance de los ni\u00f1os. No superar la dosis diaria recomendada. Conservar en lugar fresco y seco (&lt;<strong>25\u00b0C<\/strong>).<\/p>\n<p class=\"ds-markdown-paragraph\">\u00a0<\/p>\n\t\t\n<style>\n#text-4261147999 {\n  font-size: 0.9rem;\n  line-height: 1.5;\n}\n<\/style>\n\t<\/div>\n\t\n\t\t<\/div>\n\t<\/div>\n\t\n<\/div>","protected":false},"excerpt":{"rendered":"<div><span style=\"color: #50b848;\"><em><strong>\u2713<\/strong><\/em><\/span> <strong>C\u00f3ctel para el Control de Peso<\/strong>: F\u00f3rmula popular y deliciosa dise\u00f1ada para apoyar tus objetivos de dieta y fitness.<\/div>\n<div><span style=\"color: #50b848;\"><em><strong>\u2713<\/strong><\/em><\/span> <strong>Preparaci\u00f3n F\u00e1cil y R\u00e1pida<\/strong>: <strong><em>Shake4 Fit&amp;Slim de Amix<\/em> <\/strong>ideal para un manejo sencillo del peso en hombres y mujeres.<\/div>\n<div><span style=\"color: #50b848;\"><em><strong>\u2713<\/strong><\/em><\/span> <strong>Dise\u00f1ado por Amix<\/strong>: Creaci\u00f3n especializada para un apoyo efectivo en tu plan de alimentaci\u00f3n.<\/div>","protected":false},"featured_media":1014,"comment_status":"open","ping_status":"closed","template":"","meta":[],"product_brand":[37],"product_cat":[36],"product_tag":[],"class_list":{"0":"post-1012","1":"product","2":"type-product","3":"status-publish","4":"has-post-thumbnail","6":"product_brand-amix","7":"product_cat-suplementos","8":"pa_sabor-chocolate","9":"pa_sabor-fresa","11":"first","12":"onbackorder","13":"shipping-taxable","14":"purchasable","15":"product-type-variable"},"_links":{"self":[{"href":"https:\/\/eqgymcu.com\/en\/wp-json\/wp\/v2\/product\/1012","targetHints":{"allow":["GET"]}}],"collection":[{"href":"https:\/\/eqgymcu.com\/en\/wp-json\/wp\/v2\/product"}],"about":[{"href":"https:\/\/eqgymcu.com\/en\/wp-json\/wp\/v2\/types\/product"}],"replies":[{"embeddable":true,"href":"https:\/\/eqgymcu.com\/en\/wp-json\/wp\/v2\/comments?post=1012"}],"wp:featuredmedia":[{"embeddable":true,"href":"https:\/\/eqgymcu.com\/en\/wp-json\/wp\/v2\/media\/1014"}],"wp:attachment":[{"href":"https:\/\/eqgymcu.com\/en\/wp-json\/wp\/v2\/media?parent=1012"}],"wp:term":[{"taxonomy":"product_brand","embeddable":true,"href":"https:\/\/eqgymcu.com\/en\/wp-json\/wp\/v2\/product_brand?post=1012"},{"taxonomy":"product_cat","embeddable":true,"href":"https:\/\/eqgymcu.com\/en\/wp-json\/wp\/v2\/product_cat?post=1012"},{"taxonomy":"product_tag","embeddable":true,"href":"https:\/\/eqgymcu.com\/en\/wp-json\/wp\/v2\/product_tag?post=1012"}],"curies":[{"name":"wp","href":"https:\/\/api.w.org\/{rel}","templated":true}]}}