{"id":1032,"date":"2025-10-04T12:36:26","date_gmt":"2025-10-04T12:36:26","guid":{"rendered":"https:\/\/eqgymcu.com\/?post_type=product&#038;p=1032"},"modified":"2025-11-20T00:42:03","modified_gmt":"2025-11-20T00:42:03","slug":"creatine-monohydrate-powder-drink","status":"publish","type":"product","link":"https:\/\/eqgymcu.com\/en\/product\/creatine-monohydrate-powder-drink\/","title":{"rendered":"Creatine Monohydrate Powder Drink"},"content":{"rendered":"<div class=\"accordion\">\n\t<div id=\"accordion-124964813\" class=\"accordion-item\">\n\t\t<a id=\"accordion-124964813-label\" class=\"accordion-title plain\" href=\"#accordion-item-descripcion-general-del-producto\" aria-expanded=\"false\" aria-controls=\"accordion-124964813-content\" >\n\t\t\t<button class=\"toggle\" aria-label=\"Toggle\"><i class=\"icon-angle-down\"><\/i><\/button>\n\t\t\t<span>Descripcion General del Producto<\/span>\n\t\t<\/a>\n\t\t<div id=\"accordion-124964813-content\" class=\"accordion-inner\" aria-labelledby=\"accordion-124964813-label\" >\n\t\t\t\n\t<div id=\"text-3050163233\" class=\"text\">\n\t\t\n<p><strong>Creatine Monohydrate Power Drink<\/strong> de <strong>Amix<\/strong> es un suplemento alimenticio con edulcorantes y aroma que representa una nueva forma r\u00e1pida y refrescante de consumir creatina.<\/p>\n<p><strong>NUEVA FORMA R\u00c1PIDA Y REFRESCANTE DE CONSUMIR CREATINA<\/strong><\/p>\n<p>Esta bebida refrescante y de agradable sabor contiene <strong><em>Creatine Monohydrate<\/em><\/strong>, probablemente el suplemento m\u00e1s estudiado y ampliamente aceptado cient\u00edficamente. La creatina aumenta el rendimiento f\u00edsico en ejercicios sucesivos de corta duraci\u00f3n y alta intensidad. El efecto beneficioso se obtiene con una ingesta diaria de 3 g de creatina.<\/p>\n<p><strong>Creatine Monohydrate Power Drink<\/strong> ya est\u00e1 en Cuba. Distribuido por <strong>EQGYM<\/strong>.<br \/>\n\t\t\n<style>\n#text-3050163233 {\n  font-size: 0.9rem;\n  line-height: 1.5;\n}\n<\/style>\n\t<\/div>\n\t\n\t\t<\/div>\n\t<\/div>\n\t\n\t<div id=\"accordion-349532365\" class=\"accordion-item\">\n\t\t<a id=\"accordion-349532365-label\" class=\"accordion-title plain\" href=\"#accordion-item-beneficios\" aria-expanded=\"false\" aria-controls=\"accordion-349532365-content\" >\n\t\t\t<button class=\"toggle\" aria-label=\"Toggle\"><i class=\"icon-angle-down\"><\/i><\/button>\n\t\t\t<span>Beneficios<\/span>\n\t\t<\/a>\n\t\t<div id=\"accordion-349532365-content\" class=\"accordion-inner\" aria-labelledby=\"accordion-349532365-label\" >\n\t\t\t\n\t<div id=\"text-1966731358\" class=\"text\">\n\t\t\n<ul>\n<li><strong>Formato Innovador:<\/strong> Bebida lista para consumir, pr\u00e1ctica y refrescante.<\/li>\n<li><strong>Suplemento de Referencia:<\/strong> Contiene Creatina Monohidrato, la forma m\u00e1s estudiada y aceptada.<\/li>\n<li><strong>Maximiza el Rendimiento:<\/strong> Aumenta el desempe\u00f1o f\u00edsico en ejercicios de alta intensidad.<\/li>\n<li><strong>Dosis \u00d3ptima:<\/strong> Efecto beneficioso confirmado con una ingesta diaria de 3 g de creatina.<\/li>\n<li><strong>Consumo Sencillo:<\/strong> Sin preparaciones complicadas, ideal para uso post-entreno.<\/li>\n<li><strong>Sabor Agradable:<\/strong> F\u00f3rmula sabrosa que facilita la suplementaci\u00f3n diaria.<\/li>\n<\/ul>\n\t\t\n<style>\n#text-1966731358 {\n  font-size: 0.9rem;\n  line-height: 1.5;\n}\n<\/style>\n\t<\/div>\n\t\n\t\t<\/div>\n\t<\/div>\n\t\n\t<div id=\"accordion-1882998833\" class=\"accordion-item\">\n\t\t<a id=\"accordion-1882998833-label\" class=\"accordion-title plain\" href=\"#accordion-item-informacion-nutricional\" aria-expanded=\"false\" aria-controls=\"accordion-1882998833-content\" >\n\t\t\t<button class=\"toggle\" aria-label=\"Toggle\"><i class=\"icon-angle-down\"><\/i><\/button>\n\t\t\t<span>Informacion Nutricional<\/span>\n\t\t<\/a>\n\t\t<div id=\"accordion-1882998833-content\" class=\"accordion-inner\" aria-labelledby=\"accordion-1882998833-label\" >\n\t\t\t\n\t<div class=\"img has-hover x md-x lg-x y md-y lg-y\" id=\"image_886714434\">\n\t\t\t\t\t\t\t\t<div class=\"img-inner dark\" >\n\t\t\t<img loading=\"lazy\" decoding=\"async\" width=\"1578\" height=\"147\" src=\"https:\/\/eqgymcu.com\/wp-content\/uploads\/2025\/10\/monohydratedrinktable.png\" class=\"attachment-original size-original\" alt=\"\" srcset=\"https:\/\/eqgymcu.com\/wp-content\/uploads\/2025\/10\/monohydratedrinktable.png 1578w, https:\/\/eqgymcu.com\/wp-content\/uploads\/2025\/10\/monohydratedrinktable-300x28.png 300w, https:\/\/eqgymcu.com\/wp-content\/uploads\/2025\/10\/monohydratedrinktable-1024x95.png 1024w, https:\/\/eqgymcu.com\/wp-content\/uploads\/2025\/10\/monohydratedrinktable-768x72.png 768w, https:\/\/eqgymcu.com\/wp-content\/uploads\/2025\/10\/monohydratedrinktable-1536x143.png 1536w, https:\/\/eqgymcu.com\/wp-content\/uploads\/2025\/10\/monohydratedrinktable-18x2.png 18w, https:\/\/eqgymcu.com\/wp-content\/uploads\/2025\/10\/monohydratedrinktable-500x47.png 500w\" sizes=\"auto, (max-width: 1578px) 100vw, 1578px\" \/>\t\t\t\t\t\t\n\t\t\t\t\t<\/div>\n\t\t\t\t\t\t\t\t\n<style>\n#image_886714434 {\n  width: 100%;\n}\n<\/style>\n\t<\/div>\n\t\n\t\t<\/div>\n\t<\/div>\n\t\n\t<div id=\"accordion-1300547344\" class=\"accordion-item\">\n\t\t<a id=\"accordion-1300547344-label\" class=\"accordion-title plain\" href=\"#accordion-item-precauciones\" aria-expanded=\"false\" aria-controls=\"accordion-1300547344-content\" >\n\t\t\t<button class=\"toggle\" aria-label=\"Toggle\"><i class=\"icon-angle-down\"><\/i><\/button>\n\t\t\t<span>Precauciones<\/span>\n\t\t<\/a>\n\t\t<div id=\"accordion-1300547344-content\" class=\"accordion-inner\" aria-labelledby=\"accordion-1300547344-label\" >\n\t\t\t\n\t<div id=\"text-3009236098\" class=\"text\">\n\t\t\n<p class=\"ds-markdown-paragraph\"><strong>ADVERTENCIA<\/strong>: No utilizar este producto si est\u00e1 embarazada o en per\u00edodo de lactancia. El producto no est\u00e1 dise\u00f1ado para ni\u00f1os. Mantener fuera del alcance de los ni\u00f1os. No exceder la dosis diaria recomendada. Los suplementos alimenticios no deben utilizarse como sustituto de una dieta variada. El fabricante no se hace responsable de los da\u00f1os causados por un uso o almacenamiento inadecuado. Almacenar a una temperatura que no supere los <strong>25\u00b0C<\/strong> en un lugar fresco y seco, protegido de la luz solar.<\/p>\n\t\t\n<style>\n#text-3009236098 {\n  font-size: 0.9rem;\n  line-height: 1.5;\n}\n<\/style>\n\t<\/div>\n\t\n\t\t<\/div>\n\t<\/div>\n\t\n<\/div>","protected":false},"excerpt":{"rendered":"<p><span style=\"color: #50b848;\"><em><strong>\u2713<\/strong><\/em><\/span>\u00a0<strong>Bebida Refrescante con Creatina<\/strong>:\u00a0Formato l\u00edquido listo para consumir, pr\u00e1ctico y de agradable sabor.<br \/>\n<span style=\"color: #50b848;\"><em><strong>\u2713<\/strong><\/em><\/span>\u00a0<strong>Suplemento de Referencia<\/strong>: Contiene Creatine Monohydrate, la forma m\u00e1s estudiada y aceptada.<br \/>\n<span style=\"color: #50b848;\"><em><strong>\u2713<\/strong><\/em><\/span>\u00a0<strong>Mejora del Rendimiento<\/strong>:\u00a0Aumenta el desempe\u00f1o f\u00edsico en ejercicios de alta intensidad y corta duraci\u00f3n.<br \/>\n<span style=\"color: #50b848;\"><em><strong>\u2713<\/strong><\/em><\/span>\u00a0<strong>Dosis \u00d3ptima<\/strong>:\u00a0Efecto beneficioso confirmado con una ingesta diaria de 3 g de creatina.<\/p>","protected":false},"featured_media":1034,"comment_status":"open","ping_status":"closed","template":"","meta":[],"product_brand":[37],"product_cat":[36],"product_tag":[],"class_list":{"0":"post-1032","1":"product","2":"type-product","3":"status-publish","4":"has-post-thumbnail","6":"product_brand-amix","7":"product_cat-suplementos","8":"pa_sabor-cola","9":"pa_sabor-frutos-del-bosque","10":"pa_sabor-naranja","12":"first","13":"onbackorder","14":"shipping-taxable","15":"purchasable","16":"product-type-variable"},"_links":{"self":[{"href":"https:\/\/eqgymcu.com\/en\/wp-json\/wp\/v2\/product\/1032","targetHints":{"allow":["GET"]}}],"collection":[{"href":"https:\/\/eqgymcu.com\/en\/wp-json\/wp\/v2\/product"}],"about":[{"href":"https:\/\/eqgymcu.com\/en\/wp-json\/wp\/v2\/types\/product"}],"replies":[{"embeddable":true,"href":"https:\/\/eqgymcu.com\/en\/wp-json\/wp\/v2\/comments?post=1032"}],"wp:featuredmedia":[{"embeddable":true,"href":"https:\/\/eqgymcu.com\/en\/wp-json\/wp\/v2\/media\/1034"}],"wp:attachment":[{"href":"https:\/\/eqgymcu.com\/en\/wp-json\/wp\/v2\/media?parent=1032"}],"wp:term":[{"taxonomy":"product_brand","embeddable":true,"href":"https:\/\/eqgymcu.com\/en\/wp-json\/wp\/v2\/product_brand?post=1032"},{"taxonomy":"product_cat","embeddable":true,"href":"https:\/\/eqgymcu.com\/en\/wp-json\/wp\/v2\/product_cat?post=1032"},{"taxonomy":"product_tag","embeddable":true,"href":"https:\/\/eqgymcu.com\/en\/wp-json\/wp\/v2\/product_tag?post=1032"}],"curies":[{"name":"wp","href":"https:\/\/api.w.org\/{rel}","templated":true}]}}