{"id":455,"date":"2025-07-03T05:23:50","date_gmt":"2025-07-03T05:23:50","guid":{"rendered":"https:\/\/eqgymcu.com\/?post_type=product&#038;p=455"},"modified":"2025-12-17T14:33:34","modified_gmt":"2025-12-17T14:33:34","slug":"isoprime-cfm-isolate-1kg","status":"publish","type":"product","link":"https:\/\/eqgymcu.com\/en\/product\/isoprime-cfm-isolate-1kg\/","title":{"rendered":"Isoprime CFM Isolate"},"content":{"rendered":"<div class=\"accordion\">\n\t<div id=\"accordion-1709917545\" class=\"accordion-item\">\n\t\t<a id=\"accordion-1709917545-label\" class=\"accordion-title plain\" href=\"#accordion-item-descripcion-general-del-producto\" aria-expanded=\"false\" aria-controls=\"accordion-1709917545-content\" >\n\t\t\t<button class=\"toggle\" aria-label=\"Toggle\"><i class=\"icon-angle-down\"><\/i><\/button>\n\t\t\t<span>Descripcion General del Producto<\/span>\n\t\t<\/a>\n\t\t<div id=\"accordion-1709917545-content\" class=\"accordion-inner\" aria-labelledby=\"accordion-1709917545-label\" >\n\t\t\t\n\t<div id=\"text-3374652655\" class=\"text\">\n\t\t\n<p><span style=\"font-size: 100%;\"><strong>Descripci\u00f3n General del Producto<\/strong><\/span><\/p>\n<p><strong>IsoPrime CFM Isolate<\/strong> Nro. 1 en Pureza y Tecnolog\u00eda.<\/p>\n<p><strong>IsoPrime CFM Isolate<\/strong>\u00a0de <strong>Amix\u2122<\/strong> es un suplemento alimenticio con edulcorantes y aromas que contiene un <strong>90%<\/strong> de prote\u00edna de suero de ultra pureza. Formulado mediante tecnolog\u00eda avanzada de\u00a0Microfiltraci\u00f3n por Flujo Cruzado (<strong>CFM\u00ae<\/strong>), ofrece un valor biol\u00f3gico excepcional y una digesti\u00f3n r\u00e1pida para una \u00f3ptima recuperaci\u00f3n muscular.<\/p>\n<p>Ideal para atletas profesionales y entusiastas del fitness, proporciona el espectro completo de amino\u00e1cidos esenciales, incluida la m\u00e1s alta concentraci\u00f3n de <strong>BCAA<\/strong> naturales. Con menos de <strong>1%<\/strong> de grasa y disponible en <strong>16 sabores premium<\/strong>, es la elecci\u00f3n perfecta para quienes buscan m\u00e1xima calidad y versatilidad.<\/p>\n<p><strong>IsoPrime CFM Isolate<\/strong>\u00a0ya esta en Cuba. Distribuido por <strong>EQGYM<\/strong>.<br \/>\n\t\t\n<style>\n#text-3374652655 {\n  font-size: 0.9rem;\n  line-height: 1.5;\n}\n<\/style>\n\t<\/div>\n\t\n\t\t<\/div>\n\t<\/div>\n\t\n\t<div id=\"accordion-688571305\" class=\"accordion-item\">\n\t\t<a id=\"accordion-688571305-label\" class=\"accordion-title plain\" href=\"#accordion-item-beneficios\" aria-expanded=\"false\" aria-controls=\"accordion-688571305-content\" >\n\t\t\t<button class=\"toggle\" aria-label=\"Toggle\"><i class=\"icon-angle-down\"><\/i><\/button>\n\t\t\t<span>Beneficios<\/span>\n\t\t<\/a>\n\t\t<div id=\"accordion-688571305-content\" class=\"accordion-inner\" aria-labelledby=\"accordion-688571305-label\" >\n\t\t\t\n\t<div id=\"text-886658526\" class=\"text\">\n\t\t\n<ul>\n<li>\n<p class=\"ds-markdown-paragraph\"><strong>90% de prote\u00edna por servicio<\/strong>: M\u00e1xima pureza y calidad para desarrollo muscular.<\/p>\n<\/li>\n<li>\n<p class=\"ds-markdown-paragraph\"><strong>Tecnolog\u00eda CFM\u00ae<\/strong>: Microfiltraci\u00f3n en fr\u00edo que preserva los nutrientes esenciales.<\/p>\n<\/li>\n<li>\n<p class=\"ds-markdown-paragraph\"><strong>Bajo en grasa<\/strong>: Menos de 1% de l\u00edpidos por servicio.<\/p>\n<\/li>\n<li>\n<p class=\"ds-markdown-paragraph\"><strong>Alta concentraci\u00f3n de BCAA<\/strong>: Recuperaci\u00f3n muscular acelerada.<\/p>\n<\/li>\n<li>\n<p class=\"ds-markdown-paragraph\"><strong>16 sabores premium<\/strong>: Desde Chocolate hasta Pi\u00f1a Colada y sabores innovadores.<\/p>\n<\/li>\n<li><strong>35 gramos de proteina (1 scoop):\u00a0<\/strong> 29 servicios apx.<\/li>\n<li>\n<p class=\"ds-markdown-paragraph\"><strong>Incluye DigeZyme\u00ae<\/strong>: Complejo multienzim\u00e1tico para mejor digesti\u00f3n y absorci\u00f3n.<\/p>\n<\/li>\n<\/ul>\n\t\t\n<style>\n#text-886658526 {\n  font-size: 0.9rem;\n  line-height: 1.5;\n}\n<\/style>\n\t<\/div>\n\t\n\t\t<\/div>\n\t<\/div>\n\t\n\t<div id=\"accordion-2622468316\" class=\"accordion-item\">\n\t\t<a id=\"accordion-2622468316-label\" class=\"accordion-title plain\" href=\"#accordion-item-informacion-nutricional\" aria-expanded=\"false\" aria-controls=\"accordion-2622468316-content\" >\n\t\t\t<button class=\"toggle\" aria-label=\"Toggle\"><i class=\"icon-angle-down\"><\/i><\/button>\n\t\t\t<span>Informacion Nutricional<\/span>\n\t\t<\/a>\n\t\t<div id=\"accordion-2622468316-content\" class=\"accordion-inner\" aria-labelledby=\"accordion-2622468316-label\" >\n\t\t\t\n\t<div class=\"img has-hover x md-x lg-x y md-y lg-y\" id=\"image_173044215\">\n\t\t\t\t\t\t\t\t<div class=\"img-inner dark\" >\n\t\t\t<img loading=\"lazy\" decoding=\"async\" width=\"1920\" height=\"579\" src=\"https:\/\/eqgymcu.com\/wp-content\/uploads\/2025\/07\/tabla1isoprime_PhotoGrid.png\" class=\"attachment-original size-original\" alt=\"\" srcset=\"https:\/\/eqgymcu.com\/wp-content\/uploads\/2025\/07\/tabla1isoprime_PhotoGrid.png 1920w, https:\/\/eqgymcu.com\/wp-content\/uploads\/2025\/07\/tabla1isoprime_PhotoGrid-300x90.png 300w, https:\/\/eqgymcu.com\/wp-content\/uploads\/2025\/07\/tabla1isoprime_PhotoGrid-1024x309.png 1024w, https:\/\/eqgymcu.com\/wp-content\/uploads\/2025\/07\/tabla1isoprime_PhotoGrid-768x232.png 768w, https:\/\/eqgymcu.com\/wp-content\/uploads\/2025\/07\/tabla1isoprime_PhotoGrid-1536x463.png 1536w, https:\/\/eqgymcu.com\/wp-content\/uploads\/2025\/07\/tabla1isoprime_PhotoGrid-18x5.png 18w, https:\/\/eqgymcu.com\/wp-content\/uploads\/2025\/07\/tabla1isoprime_PhotoGrid-500x151.png 500w\" sizes=\"auto, (max-width: 1920px) 100vw, 1920px\" \/>\t\t\t\t\t\t\n\t\t\t\t\t<\/div>\n\t\t\t\t\t\t\t\t\n<style>\n#image_173044215 {\n  width: 100%;\n}\n<\/style>\n\t<\/div>\n\t\n\t<div class=\"img has-hover x md-x lg-x y md-y lg-y\" id=\"image_929697726\">\n\t\t\t\t\t\t\t\t<div class=\"img-inner dark\" >\n\t\t\t<img loading=\"lazy\" decoding=\"async\" width=\"1920\" height=\"541\" src=\"https:\/\/eqgymcu.com\/wp-content\/uploads\/2025\/07\/tabla2isoprime_PhotoGrid.png\" class=\"attachment-original size-original\" alt=\"\" srcset=\"https:\/\/eqgymcu.com\/wp-content\/uploads\/2025\/07\/tabla2isoprime_PhotoGrid.png 1920w, https:\/\/eqgymcu.com\/wp-content\/uploads\/2025\/07\/tabla2isoprime_PhotoGrid-300x85.png 300w, https:\/\/eqgymcu.com\/wp-content\/uploads\/2025\/07\/tabla2isoprime_PhotoGrid-1024x289.png 1024w, https:\/\/eqgymcu.com\/wp-content\/uploads\/2025\/07\/tabla2isoprime_PhotoGrid-768x216.png 768w, https:\/\/eqgymcu.com\/wp-content\/uploads\/2025\/07\/tabla2isoprime_PhotoGrid-1536x433.png 1536w, https:\/\/eqgymcu.com\/wp-content\/uploads\/2025\/07\/tabla2isoprime_PhotoGrid-18x5.png 18w, https:\/\/eqgymcu.com\/wp-content\/uploads\/2025\/07\/tabla2isoprime_PhotoGrid-500x141.png 500w\" sizes=\"auto, (max-width: 1920px) 100vw, 1920px\" \/>\t\t\t\t\t\t\n\t\t\t\t\t<\/div>\n\t\t\t\t\t\t\t\t\n<style>\n#image_929697726 {\n  width: 100%;\n}\n<\/style>\n\t<\/div>\n\t\n\t\t<\/div>\n\t<\/div>\n\t\n\t<div id=\"accordion-2426256915\" class=\"accordion-item\">\n\t\t<a id=\"accordion-2426256915-label\" class=\"accordion-title plain\" href=\"#accordion-item-precauciones\" aria-expanded=\"false\" aria-controls=\"accordion-2426256915-content\" >\n\t\t\t<button class=\"toggle\" aria-label=\"Toggle\"><i class=\"icon-angle-down\"><\/i><\/button>\n\t\t\t<span>Precauciones<\/span>\n\t\t<\/a>\n\t\t<div id=\"accordion-2426256915-content\" class=\"accordion-inner\" aria-labelledby=\"accordion-2426256915-label\" >\n\t\t\t\n\t<div id=\"text-1774449701\" class=\"text\">\n\t\t\n<p class=\"ds-markdown-paragraph\">No recomendado para mujeres embarazadas o en lactancia. Mantener fuera del alcance de los ni\u00f1os. No superar la dosis diaria recomendada. Conservar en lugar fresco y seco (&lt;25\u00b0C).<\/p>\n<p class=\"ds-markdown-paragraph\"><strong>Disponible en formatos<\/strong>: 28 g (muestra), 500 g, 1000 g, 2000 g.<\/p>\n\t\t\n<style>\n#text-1774449701 {\n  font-size: 0.9rem;\n  line-height: 1.5;\n}\n<\/style>\n\t<\/div>\n\t\n\t\t<\/div>\n\t<\/div>\n\t\n<\/div>","protected":false},"excerpt":{"rendered":"<p><em><strong><span style=\"color: #50b848;\">\u2713<\/span><\/strong><\/em>\u00a0<strong>90% de Prote\u00edna Pura<\/strong>: Aislado de suero de m\u00e1xima calidad con alto valor biol\u00f3gico.<br \/>\n<em><strong><span style=\"color: #50b848;\">\u2713<\/span><\/strong><\/em>\u00a0<strong>R\u00e1pida Absorci\u00f3n<\/strong>: F\u00e1cil digesti\u00f3n y asimilaci\u00f3n por el organismo.<br \/>\n<em><strong><span style=\"color: #50b848;\">\u2713<\/span><\/strong><\/em>\u00a0<strong>BCAA y Amino\u00e1cidos Esenciales<\/strong>: Espectro completo de amino\u00e1cidos naturales.<br \/>\n<em><strong><span style=\"color: #50b848;\">\u2713<\/span><\/strong><\/em>\u00a0<strong>Bajo en Grasas<\/strong>: Ideal para definici\u00f3n muscular y dietas estrictas.<br \/>\n<em><strong><span style=\"color: #50b848;\">\u2713<\/span><\/strong><\/em>\u00a0<strong>Tecnolog\u00eda CFM\u00ae<\/strong>: Microfiltraci\u00f3n en fr\u00edo que preserva la calidad proteica.<\/p>","protected":false},"featured_media":597,"comment_status":"open","ping_status":"closed","template":"","meta":[],"product_brand":[37],"product_cat":[36],"product_tag":[],"class_list":{"0":"post-455","1":"product","2":"type-product","3":"status-publish","4":"has-post-thumbnail","6":"product_brand-amix","7":"product_cat-suplementos","8":"pa_sabor-chocolate","9":"pa_sabor-cookie-cream","10":"pa_sabor-doble-chocolate","12":"first","13":"onbackorder","14":"shipping-taxable","15":"purchasable","16":"product-type-variable","17":"has-default-attributes"},"_links":{"self":[{"href":"https:\/\/eqgymcu.com\/en\/wp-json\/wp\/v2\/product\/455","targetHints":{"allow":["GET"]}}],"collection":[{"href":"https:\/\/eqgymcu.com\/en\/wp-json\/wp\/v2\/product"}],"about":[{"href":"https:\/\/eqgymcu.com\/en\/wp-json\/wp\/v2\/types\/product"}],"replies":[{"embeddable":true,"href":"https:\/\/eqgymcu.com\/en\/wp-json\/wp\/v2\/comments?post=455"}],"wp:featuredmedia":[{"embeddable":true,"href":"https:\/\/eqgymcu.com\/en\/wp-json\/wp\/v2\/media\/597"}],"wp:attachment":[{"href":"https:\/\/eqgymcu.com\/en\/wp-json\/wp\/v2\/media?parent=455"}],"wp:term":[{"taxonomy":"product_brand","embeddable":true,"href":"https:\/\/eqgymcu.com\/en\/wp-json\/wp\/v2\/product_brand?post=455"},{"taxonomy":"product_cat","embeddable":true,"href":"https:\/\/eqgymcu.com\/en\/wp-json\/wp\/v2\/product_cat?post=455"},{"taxonomy":"product_tag","embeddable":true,"href":"https:\/\/eqgymcu.com\/en\/wp-json\/wp\/v2\/product_tag?post=455"}],"curies":[{"name":"wp","href":"https:\/\/api.w.org\/{rel}","templated":true}]}}