{"id":459,"date":"2025-07-03T05:41:38","date_gmt":"2025-07-03T05:41:38","guid":{"rendered":"https:\/\/eqgymcu.com\/?post_type=product&#038;p=459"},"modified":"2025-12-18T02:24:11","modified_gmt":"2025-12-18T02:24:11","slug":"black-cfm-isolate-1-kg","status":"publish","type":"product","link":"https:\/\/eqgymcu.com\/en\/product\/black-cfm-isolate-1-kg\/","title":{"rendered":"BLACK CFM ISOLATE"},"content":{"rendered":"<div class=\"accordion\">\n\t<div id=\"accordion-1578990449\" class=\"accordion-item\">\n\t\t<a id=\"accordion-1578990449-label\" class=\"accordion-title plain\" href=\"#accordion-item-descripci\u00f3n-general-del-producto\" aria-expanded=\"false\" aria-controls=\"accordion-1578990449-content\" >\n\t\t\t<button class=\"toggle\" aria-label=\"Toggle\"><i class=\"icon-angle-down\"><\/i><\/button>\n\t\t\t<span>Descripci\u00f3n General del Producto<\/span>\n\t\t<\/a>\n\t\t<div id=\"accordion-1578990449-content\" class=\"accordion-inner\" aria-labelledby=\"accordion-1578990449-label\" >\n\t\t\t\n\t<div id=\"text-241869183\" class=\"text\">\n\t\t\n<p><strong>Black CFM Isolate<\/strong> Aislado de Prote\u00edna con Probi\u00f3ticos y Enzimas<\/p>\n<p><strong>Amix\u2122 Black CFM\u00ae<\/strong> Isolate es un suplemento alimenticio con edulcorantes y aromas, formulado con aislado de prote\u00edna de suero de calidad premium enriquecido con probi\u00f3ticos (<strong>Lactospore\u2122<\/strong>) y el complejo enzim\u00e1tico<strong> DigeZyme\u00ae<\/strong>. Gracias a esta exclusiva combinaci\u00f3n, <strong>Black CFM\u00ae Isolate<\/strong> ofrece <em><strong>digesti\u00f3n r\u00e1pida y<\/strong><\/em> <em><strong>f\u00e1cil absorci\u00f3n<\/strong><\/em>, ideal para est\u00f3magos sensibles. Proporciona el espectro completo de amino\u00e1cidos naturales de la prote\u00edna de suero, incluyendo la m\u00e1xima concentraci\u00f3n de <strong>BCAA<\/strong> y amino\u00e1cidos esenciales.<\/p>\n<p>Dise\u00f1ado para apoyar el <em><strong>crecimiento y mantenimiento de la masa muscular<\/strong><\/em>, este producto es bajo en grasa, sin aspartamo y est\u00e1 disponible en 9 sabores <strong>gourmet<\/strong>.<\/p>\n<p>Distribuido exclusivamente en Cuba por <strong>EQGYM<\/strong>.<\/p>\n\t\t\n<style>\n#text-241869183 {\n  font-size: 0.9rem;\n  line-height: 1.05;\n}\n<\/style>\n\t<\/div>\n\t\n\t\t<\/div>\n\t<\/div>\n\t\n\t<div id=\"accordion-596706121\" class=\"accordion-item\">\n\t\t<a id=\"accordion-596706121-label\" class=\"accordion-title plain\" href=\"#accordion-item-beneficios\" aria-expanded=\"false\" aria-controls=\"accordion-596706121-content\" >\n\t\t\t<button class=\"toggle\" aria-label=\"Toggle\"><i class=\"icon-angle-down\"><\/i><\/button>\n\t\t\t<span>Beneficios<\/span>\n\t\t<\/a>\n\t\t<div id=\"accordion-596706121-content\" class=\"accordion-inner\" aria-labelledby=\"accordion-596706121-label\" >\n\t\t\t\n\t<div id=\"text-3144396358\" class=\"text\">\n\t\t\n<ul>\n<li><strong>Prote\u00edna de alta calidad<\/strong>: Aislado de suero <strong>CFM\u00ae<\/strong> con <em><strong>90%<\/strong><\/em> de pureza.<\/li>\n<li><strong>Con probi\u00f3ticos Lactospore\u2122<\/strong>: Favorece la salud intestinal y la absorci\u00f3n de nutrientes.<\/li>\n<li><strong>Complejo enzim\u00e1tico DigeZyme\u00ae<\/strong>: Mejora la digesti\u00f3n y reduce molestias gastrointestinales.<\/li>\n<li><strong>Bajo en grasa<\/strong>: Ideal para etapas de definici\u00f3n muscular.<\/li>\n<li><strong>Sin aspartamo<\/strong>: Endulzado con alternativas seguras.<\/li>\n<li><strong>9 sabores gourmet<\/strong>: Desde Bombon Crunchy hasta Iced Coffee.<\/li>\n<\/ul>\n\t\t\n<style>\n#text-3144396358 {\n  font-size: 0.9rem;\n  line-height: 1.05;\n}\n<\/style>\n\t<\/div>\n\t\n\t\t<\/div>\n\t<\/div>\n\t\n\t<div id=\"accordion-3522592723\" class=\"accordion-item\">\n\t\t<a id=\"accordion-3522592723-label\" class=\"accordion-title plain\" href=\"#accordion-item-informacion-nutricional\" aria-expanded=\"false\" aria-controls=\"accordion-3522592723-content\" >\n\t\t\t<button class=\"toggle\" aria-label=\"Toggle\"><i class=\"icon-angle-down\"><\/i><\/button>\n\t\t\t<span>Informacion Nutricional<\/span>\n\t\t<\/a>\n\t\t<div id=\"accordion-3522592723-content\" class=\"accordion-inner\" aria-labelledby=\"accordion-3522592723-label\" >\n\t\t\t\n\t<div class=\"img has-hover x md-x lg-x y md-y lg-y\" id=\"image_1339016480\">\n\t\t\t\t\t\t\t\t<div class=\"img-inner dark\" >\n\t\t\t<img loading=\"lazy\" decoding=\"async\" width=\"1020\" height=\"368\" src=\"https:\/\/eqgymcu.com\/wp-content\/uploads\/2025\/07\/blackcmftabla1-1024x369.png\" class=\"attachment-large size-large\" alt=\"\" srcset=\"https:\/\/eqgymcu.com\/wp-content\/uploads\/2025\/07\/blackcmftabla1-1024x369.png 1024w, https:\/\/eqgymcu.com\/wp-content\/uploads\/2025\/07\/blackcmftabla1-300x108.png 300w, https:\/\/eqgymcu.com\/wp-content\/uploads\/2025\/07\/blackcmftabla1-768x277.png 768w, https:\/\/eqgymcu.com\/wp-content\/uploads\/2025\/07\/blackcmftabla1-1536x554.png 1536w, https:\/\/eqgymcu.com\/wp-content\/uploads\/2025\/07\/blackcmftabla1-18x6.png 18w, https:\/\/eqgymcu.com\/wp-content\/uploads\/2025\/07\/blackcmftabla1-500x180.png 500w, https:\/\/eqgymcu.com\/wp-content\/uploads\/2025\/07\/blackcmftabla1.png 1597w\" sizes=\"auto, (max-width: 1020px) 100vw, 1020px\" \/>\t\t\t\t\t\t\n\t\t\t\t\t<\/div>\n\t\t\t\t\t\t\t\t\n<style>\n#image_1339016480 {\n  width: 100%;\n}\n<\/style>\n\t<\/div>\n\t\n\t<div class=\"img has-hover x md-x lg-x y md-y lg-y\" id=\"image_1242595429\">\n\t\t\t\t\t\t\t\t<div class=\"img-inner dark\" >\n\t\t\t<img loading=\"lazy\" decoding=\"async\" width=\"1597\" height=\"576\" src=\"https:\/\/eqgymcu.com\/wp-content\/uploads\/2025\/07\/blackmfttabla2.png\" class=\"attachment-original size-original\" alt=\"\" srcset=\"https:\/\/eqgymcu.com\/wp-content\/uploads\/2025\/07\/blackmfttabla2.png 1597w, https:\/\/eqgymcu.com\/wp-content\/uploads\/2025\/07\/blackmfttabla2-300x108.png 300w, https:\/\/eqgymcu.com\/wp-content\/uploads\/2025\/07\/blackmfttabla2-1024x369.png 1024w, https:\/\/eqgymcu.com\/wp-content\/uploads\/2025\/07\/blackmfttabla2-768x277.png 768w, https:\/\/eqgymcu.com\/wp-content\/uploads\/2025\/07\/blackmfttabla2-1536x554.png 1536w, https:\/\/eqgymcu.com\/wp-content\/uploads\/2025\/07\/blackmfttabla2-18x6.png 18w, https:\/\/eqgymcu.com\/wp-content\/uploads\/2025\/07\/blackmfttabla2-500x180.png 500w\" sizes=\"auto, (max-width: 1597px) 100vw, 1597px\" \/>\t\t\t\t\t\t\n\t\t\t\t\t<\/div>\n\t\t\t\t\t\t\t\t\n<style>\n#image_1242595429 {\n  width: 100%;\n}\n<\/style>\n\t<\/div>\n\t\n\t<div class=\"img has-hover x md-x lg-x y md-y lg-y\" id=\"image_1832428431\">\n\t\t\t\t\t\t\t\t<div class=\"img-inner dark\" >\n\t\t\t<img loading=\"lazy\" decoding=\"async\" width=\"1600\" height=\"577\" src=\"https:\/\/eqgymcu.com\/wp-content\/uploads\/2025\/07\/blackmfttabla3.png\" class=\"attachment-original size-original\" alt=\"\" srcset=\"https:\/\/eqgymcu.com\/wp-content\/uploads\/2025\/07\/blackmfttabla3.png 1600w, https:\/\/eqgymcu.com\/wp-content\/uploads\/2025\/07\/blackmfttabla3-300x108.png 300w, https:\/\/eqgymcu.com\/wp-content\/uploads\/2025\/07\/blackmfttabla3-1024x369.png 1024w, https:\/\/eqgymcu.com\/wp-content\/uploads\/2025\/07\/blackmfttabla3-768x277.png 768w, https:\/\/eqgymcu.com\/wp-content\/uploads\/2025\/07\/blackmfttabla3-1536x554.png 1536w, https:\/\/eqgymcu.com\/wp-content\/uploads\/2025\/07\/blackmfttabla3-18x6.png 18w, https:\/\/eqgymcu.com\/wp-content\/uploads\/2025\/07\/blackmfttabla3-500x180.png 500w\" sizes=\"auto, (max-width: 1600px) 100vw, 1600px\" \/>\t\t\t\t\t\t\n\t\t\t\t\t<\/div>\n\t\t\t\t\t\t\t\t\n<style>\n#image_1832428431 {\n  width: 100%;\n}\n<\/style>\n\t<\/div>\n\t\n\t<div class=\"img has-hover x md-x lg-x y md-y lg-y\" id=\"image_720131299\">\n\t\t\t\t\t\t\t\t<div class=\"img-inner dark\" >\n\t\t\t<img loading=\"lazy\" decoding=\"async\" width=\"1597\" height=\"576\" src=\"https:\/\/eqgymcu.com\/wp-content\/uploads\/2025\/07\/blackcmftabla4.png\" class=\"attachment-original size-original\" alt=\"\" srcset=\"https:\/\/eqgymcu.com\/wp-content\/uploads\/2025\/07\/blackcmftabla4.png 1597w, https:\/\/eqgymcu.com\/wp-content\/uploads\/2025\/07\/blackcmftabla4-300x108.png 300w, https:\/\/eqgymcu.com\/wp-content\/uploads\/2025\/07\/blackcmftabla4-1024x369.png 1024w, https:\/\/eqgymcu.com\/wp-content\/uploads\/2025\/07\/blackcmftabla4-768x277.png 768w, https:\/\/eqgymcu.com\/wp-content\/uploads\/2025\/07\/blackcmftabla4-1536x554.png 1536w, https:\/\/eqgymcu.com\/wp-content\/uploads\/2025\/07\/blackcmftabla4-18x6.png 18w, https:\/\/eqgymcu.com\/wp-content\/uploads\/2025\/07\/blackcmftabla4-500x180.png 500w\" sizes=\"auto, (max-width: 1597px) 100vw, 1597px\" \/>\t\t\t\t\t\t\n\t\t\t\t\t<\/div>\n\t\t\t\t\t\t\t\t\n<style>\n#image_720131299 {\n  width: 100%;\n}\n<\/style>\n\t<\/div>\n\t\n\t<div class=\"img has-hover x md-x lg-x y md-y lg-y\" id=\"image_653169448\">\n\t\t\t\t\t\t\t\t<div class=\"img-inner dark\" >\n\t\t\t<img loading=\"lazy\" decoding=\"async\" width=\"1597\" height=\"576\" src=\"https:\/\/eqgymcu.com\/wp-content\/uploads\/2025\/07\/blackmfttabla5.png\" class=\"attachment-original size-original\" alt=\"\" srcset=\"https:\/\/eqgymcu.com\/wp-content\/uploads\/2025\/07\/blackmfttabla5.png 1597w, https:\/\/eqgymcu.com\/wp-content\/uploads\/2025\/07\/blackmfttabla5-300x108.png 300w, https:\/\/eqgymcu.com\/wp-content\/uploads\/2025\/07\/blackmfttabla5-1024x369.png 1024w, https:\/\/eqgymcu.com\/wp-content\/uploads\/2025\/07\/blackmfttabla5-768x277.png 768w, https:\/\/eqgymcu.com\/wp-content\/uploads\/2025\/07\/blackmfttabla5-1536x554.png 1536w, https:\/\/eqgymcu.com\/wp-content\/uploads\/2025\/07\/blackmfttabla5-18x6.png 18w, https:\/\/eqgymcu.com\/wp-content\/uploads\/2025\/07\/blackmfttabla5-500x180.png 500w\" sizes=\"auto, (max-width: 1597px) 100vw, 1597px\" \/>\t\t\t\t\t\t\n\t\t\t\t\t<\/div>\n\t\t\t\t\t\t\t\t\n<style>\n#image_653169448 {\n  width: 100%;\n}\n<\/style>\n\t<\/div>\n\t\n\t<div class=\"img has-hover x md-x lg-x y md-y lg-y\" id=\"image_2050159834\">\n\t\t\t\t\t\t\t\t<div class=\"img-inner dark\" >\n\t\t\t<img loading=\"lazy\" decoding=\"async\" width=\"1595\" height=\"576\" src=\"https:\/\/eqgymcu.com\/wp-content\/uploads\/2025\/07\/blackmfttabla6.png\" class=\"attachment-original size-original\" alt=\"\" srcset=\"https:\/\/eqgymcu.com\/wp-content\/uploads\/2025\/07\/blackmfttabla6.png 1595w, https:\/\/eqgymcu.com\/wp-content\/uploads\/2025\/07\/blackmfttabla6-300x108.png 300w, https:\/\/eqgymcu.com\/wp-content\/uploads\/2025\/07\/blackmfttabla6-1024x370.png 1024w, https:\/\/eqgymcu.com\/wp-content\/uploads\/2025\/07\/blackmfttabla6-768x277.png 768w, https:\/\/eqgymcu.com\/wp-content\/uploads\/2025\/07\/blackmfttabla6-1536x555.png 1536w, https:\/\/eqgymcu.com\/wp-content\/uploads\/2025\/07\/blackmfttabla6-18x7.png 18w, https:\/\/eqgymcu.com\/wp-content\/uploads\/2025\/07\/blackmfttabla6-500x181.png 500w\" sizes=\"auto, (max-width: 1595px) 100vw, 1595px\" \/>\t\t\t\t\t\t\n\t\t\t\t\t<\/div>\n\t\t\t\t\t\t\t\t\n<style>\n#image_2050159834 {\n  width: 100%;\n}\n<\/style>\n\t<\/div>\n\t\n\t<div class=\"img has-hover x md-x lg-x y md-y lg-y\" id=\"image_1410750937\">\n\t\t\t\t\t\t\t\t<div class=\"img-inner dark\" >\n\t\t\t<img loading=\"lazy\" decoding=\"async\" width=\"1600\" height=\"577\" src=\"https:\/\/eqgymcu.com\/wp-content\/uploads\/2025\/07\/blackmfttabla7.png\" class=\"attachment-original size-original\" alt=\"\" srcset=\"https:\/\/eqgymcu.com\/wp-content\/uploads\/2025\/07\/blackmfttabla7.png 1600w, https:\/\/eqgymcu.com\/wp-content\/uploads\/2025\/07\/blackmfttabla7-300x108.png 300w, https:\/\/eqgymcu.com\/wp-content\/uploads\/2025\/07\/blackmfttabla7-1024x369.png 1024w, https:\/\/eqgymcu.com\/wp-content\/uploads\/2025\/07\/blackmfttabla7-768x277.png 768w, https:\/\/eqgymcu.com\/wp-content\/uploads\/2025\/07\/blackmfttabla7-1536x554.png 1536w, https:\/\/eqgymcu.com\/wp-content\/uploads\/2025\/07\/blackmfttabla7-18x6.png 18w, https:\/\/eqgymcu.com\/wp-content\/uploads\/2025\/07\/blackmfttabla7-500x180.png 500w\" sizes=\"auto, (max-width: 1600px) 100vw, 1600px\" \/>\t\t\t\t\t\t\n\t\t\t\t\t<\/div>\n\t\t\t\t\t\t\t\t\n<style>\n#image_1410750937 {\n  width: 100%;\n}\n<\/style>\n\t<\/div>\n\t\n\t<div class=\"img has-hover x md-x lg-x y md-y lg-y\" id=\"image_1814641397\">\n\t\t\t\t\t\t\t\t<div class=\"img-inner dark\" >\n\t\t\t<img loading=\"lazy\" decoding=\"async\" width=\"1596\" height=\"697\" src=\"https:\/\/eqgymcu.com\/wp-content\/uploads\/2025\/07\/blackcmfttabla8.png\" class=\"attachment-original size-original\" alt=\"\" srcset=\"https:\/\/eqgymcu.com\/wp-content\/uploads\/2025\/07\/blackcmfttabla8.png 1596w, https:\/\/eqgymcu.com\/wp-content\/uploads\/2025\/07\/blackcmfttabla8-300x131.png 300w, https:\/\/eqgymcu.com\/wp-content\/uploads\/2025\/07\/blackcmfttabla8-1024x447.png 1024w, https:\/\/eqgymcu.com\/wp-content\/uploads\/2025\/07\/blackcmfttabla8-768x335.png 768w, https:\/\/eqgymcu.com\/wp-content\/uploads\/2025\/07\/blackcmfttabla8-1536x671.png 1536w, https:\/\/eqgymcu.com\/wp-content\/uploads\/2025\/07\/blackcmfttabla8-18x8.png 18w, https:\/\/eqgymcu.com\/wp-content\/uploads\/2025\/07\/blackcmfttabla8-500x218.png 500w\" sizes=\"auto, (max-width: 1596px) 100vw, 1596px\" \/>\t\t\t\t\t\t\n\t\t\t\t\t<\/div>\n\t\t\t\t\t\t\t\t\n<style>\n#image_1814641397 {\n  width: 100%;\n}\n<\/style>\n\t<\/div>\n\t\n\t<div class=\"img has-hover x md-x lg-x y md-y lg-y\" id=\"image_1353198353\">\n\t\t\t\t\t\t\t\t<div class=\"img-inner dark\" >\n\t\t\t<img loading=\"lazy\" decoding=\"async\" width=\"1597\" height=\"573\" src=\"https:\/\/eqgymcu.com\/wp-content\/uploads\/2025\/07\/blackmfttabla9.png\" class=\"attachment-original size-original\" alt=\"\" srcset=\"https:\/\/eqgymcu.com\/wp-content\/uploads\/2025\/07\/blackmfttabla9.png 1597w, https:\/\/eqgymcu.com\/wp-content\/uploads\/2025\/07\/blackmfttabla9-300x108.png 300w, https:\/\/eqgymcu.com\/wp-content\/uploads\/2025\/07\/blackmfttabla9-1024x367.png 1024w, https:\/\/eqgymcu.com\/wp-content\/uploads\/2025\/07\/blackmfttabla9-768x276.png 768w, https:\/\/eqgymcu.com\/wp-content\/uploads\/2025\/07\/blackmfttabla9-1536x551.png 1536w, https:\/\/eqgymcu.com\/wp-content\/uploads\/2025\/07\/blackmfttabla9-18x6.png 18w, https:\/\/eqgymcu.com\/wp-content\/uploads\/2025\/07\/blackmfttabla9-500x179.png 500w\" sizes=\"auto, (max-width: 1597px) 100vw, 1597px\" \/>\t\t\t\t\t\t\n\t\t\t\t\t<\/div>\n\t\t\t\t\t\t\t\t\n<style>\n#image_1353198353 {\n  width: 100%;\n}\n<\/style>\n\t<\/div>\n\t\n\t<div class=\"img has-hover x md-x lg-x y md-y lg-y\" id=\"image_268993795\">\n\t\t\t\t\t\t\t\t<div class=\"img-inner dark\" >\n\t\t\t<img loading=\"lazy\" decoding=\"async\" width=\"1598\" height=\"412\" src=\"https:\/\/eqgymcu.com\/wp-content\/uploads\/2025\/07\/blackmfttabla10.png\" class=\"attachment-original size-original\" alt=\"\" srcset=\"https:\/\/eqgymcu.com\/wp-content\/uploads\/2025\/07\/blackmfttabla10.png 1598w, https:\/\/eqgymcu.com\/wp-content\/uploads\/2025\/07\/blackmfttabla10-300x77.png 300w, https:\/\/eqgymcu.com\/wp-content\/uploads\/2025\/07\/blackmfttabla10-1024x264.png 1024w, https:\/\/eqgymcu.com\/wp-content\/uploads\/2025\/07\/blackmfttabla10-768x198.png 768w, https:\/\/eqgymcu.com\/wp-content\/uploads\/2025\/07\/blackmfttabla10-1536x396.png 1536w, https:\/\/eqgymcu.com\/wp-content\/uploads\/2025\/07\/blackmfttabla10-18x5.png 18w, https:\/\/eqgymcu.com\/wp-content\/uploads\/2025\/07\/blackmfttabla10-500x129.png 500w\" sizes=\"auto, (max-width: 1598px) 100vw, 1598px\" \/>\t\t\t\t\t\t\n\t\t\t\t\t<\/div>\n\t\t\t\t\t\t\t\t\n<style>\n#image_268993795 {\n  width: 100%;\n}\n<\/style>\n\t<\/div>\n\t\n\t\t<\/div>\n\t<\/div>\n\t\n\t<div id=\"accordion-119166422\" class=\"accordion-item\">\n\t\t<a id=\"accordion-119166422-label\" class=\"accordion-title plain\" href=\"#accordion-item-precauciones\" aria-expanded=\"false\" aria-controls=\"accordion-119166422-content\" >\n\t\t\t<button class=\"toggle\" aria-label=\"Toggle\"><i class=\"icon-angle-down\"><\/i><\/button>\n\t\t\t<span>Precauciones<\/span>\n\t\t<\/a>\n\t\t<div id=\"accordion-119166422-content\" class=\"accordion-inner\" aria-labelledby=\"accordion-119166422-label\" >\n\t\t\t\n\t<div id=\"text-739347479\" class=\"text\">\n\t\t\n<p class=\"ds-markdown-paragraph\"><strong>Advertencia sobre al\u00e9rgenos:<\/strong><br \/>\nPuede contener trazas de huevo, gluten, pescado, frutos secos, cacahuetes (man\u00ed) y crust\u00e1ceos.<\/p>\n<p class=\"ds-markdown-paragraph\"><strong>Advertencias:<\/strong><\/p>\n<ul>\n<li>\n<p class=\"ds-markdown-paragraph\">No utilizar durante el embarazo o la lactancia.<\/p>\n<\/li>\n<li>\n<p class=\"ds-markdown-paragraph\">Este producto no est\u00e1 dise\u00f1ado para ni\u00f1os.<\/p>\n<\/li>\n<li>\n<p class=\"ds-markdown-paragraph\">Mantener fuera del alcance de los ni\u00f1os.<\/p>\n<\/li>\n<li>\n<p class=\"ds-markdown-paragraph\">No exceder la dosis diaria recomendada.<\/p>\n<\/li>\n<li>\n<p class=\"ds-markdown-paragraph\">Los suplementos alimenticios no deben sustituir una dieta variada y equilibrada.<\/p>\n<\/li>\n<li>\n<p class=\"ds-markdown-paragraph\">El fabricante no se hace responsable de los da\u00f1os causados por un uso o almacenamiento inadecuado.<\/p>\n<\/li>\n<li>\n<p class=\"ds-markdown-paragraph\">Almacenar en un lugar fresco y seco (a temperatura inferior a 25\u00b0C), protegido de la luz solar.<\/p>\n<\/li>\n<\/ul>\n\t\t\n<style>\n#text-739347479 {\n  font-size: 0.9rem;\n  line-height: 1.05;\n}\n<\/style>\n\t<\/div>\n\t\n\t\t<\/div>\n\t<\/div>\n\t\n<\/div>","protected":false},"excerpt":{"rendered":"<p><em><strong><span style=\"color: #50b848;\">\u2713<\/span><\/strong><\/em>\u00a0<strong>Prote\u00edna Aislada de Primera Calidad<\/strong>: Formulada con aislado de prote\u00edna de suero premium.<br \/>\n<strong><em><span style=\"color: #50b848;\">\u2713<\/span><\/em><\/strong>\u00a0<strong>Enriquecido con Probi\u00f3ticos<\/strong>: Contiene\u00a0Lactospore\u00a0para favorecer la salud intestinal.<br \/>\n<em><strong><span style=\"color: #50b848;\">\u2713<\/span><\/strong><\/em>\u00a0<strong>Complejo Enzim\u00e1tico DigeZyme\u00ae<\/strong>: Mejora la digesti\u00f3n y absorci\u00f3n de nutrientes.<br \/>\n<em><strong><span style=\"color: #50b848;\">\u2713<\/span><\/strong><\/em>\u00a0<strong>Absorci\u00f3n R\u00e1pida y F\u00e1cil Digesti\u00f3n<\/strong>: Ideal para consumo post-entreno y est\u00f3magos sensibles.<br \/>\n<em><strong><span style=\"color: #50b848;\">\u2713<\/span><\/strong><\/em>\u00a0<strong>Tecnolog\u00eda CFM\u00ae<\/strong>: Microfiltraci\u00f3n en fr\u00edo que preserva la pureza y calidad del producto.<\/p>","protected":false},"featured_media":923,"comment_status":"open","ping_status":"closed","template":"","meta":[],"product_brand":[37],"product_cat":[36],"product_tag":[],"class_list":{"0":"post-459","1":"product","2":"type-product","3":"status-publish","4":"has-post-thumbnail","6":"product_brand-amix","7":"product_cat-suplementos","8":"pa_sabor-chocolate-blanco","9":"pa_sabor-cookie","10":"pa_sabor-fresa-cheese-cake","11":"pa_sabor-tarta-de-chocolate","13":"first","14":"onbackorder","15":"shipping-taxable","16":"purchasable","17":"product-type-variable","18":"has-default-attributes"},"_links":{"self":[{"href":"https:\/\/eqgymcu.com\/en\/wp-json\/wp\/v2\/product\/459","targetHints":{"allow":["GET"]}}],"collection":[{"href":"https:\/\/eqgymcu.com\/en\/wp-json\/wp\/v2\/product"}],"about":[{"href":"https:\/\/eqgymcu.com\/en\/wp-json\/wp\/v2\/types\/product"}],"replies":[{"embeddable":true,"href":"https:\/\/eqgymcu.com\/en\/wp-json\/wp\/v2\/comments?post=459"}],"wp:featuredmedia":[{"embeddable":true,"href":"https:\/\/eqgymcu.com\/en\/wp-json\/wp\/v2\/media\/923"}],"wp:attachment":[{"href":"https:\/\/eqgymcu.com\/en\/wp-json\/wp\/v2\/media?parent=459"}],"wp:term":[{"taxonomy":"product_brand","embeddable":true,"href":"https:\/\/eqgymcu.com\/en\/wp-json\/wp\/v2\/product_brand?post=459"},{"taxonomy":"product_cat","embeddable":true,"href":"https:\/\/eqgymcu.com\/en\/wp-json\/wp\/v2\/product_cat?post=459"},{"taxonomy":"product_tag","embeddable":true,"href":"https:\/\/eqgymcu.com\/en\/wp-json\/wp\/v2\/product_tag?post=459"}],"curies":[{"name":"wp","href":"https:\/\/api.w.org\/{rel}","templated":true}]}}