{"id":483,"date":"2025-07-03T05:50:10","date_gmt":"2025-07-03T05:50:10","guid":{"rendered":"https:\/\/eqgymcu.com\/?post_type=product&#038;p=483"},"modified":"2025-09-13T12:54:14","modified_gmt":"2025-09-13T12:54:14","slug":"predator-protein-4kg","status":"publish","type":"product","link":"https:\/\/eqgymcu.com\/en\/product\/predator-protein-4kg\/","title":{"rendered":"PREDATOR PROTEIN"},"content":{"rendered":"<div class=\"accordion\">\n\t<div id=\"accordion-2067658784\" class=\"accordion-item\">\n\t\t<a id=\"accordion-2067658784-label\" class=\"accordion-title plain\" href=\"#accordion-item-descripcion-general-del-producto\" aria-expanded=\"false\" aria-controls=\"accordion-2067658784-content\" >\n\t\t\t<button class=\"toggle\" aria-label=\"Toggle\"><i class=\"icon-angle-down\"><\/i><\/button>\n\t\t\t<span>Descripcion General del Producto<\/span>\n\t\t<\/a>\n\t\t<div id=\"accordion-2067658784-content\" class=\"accordion-inner\" aria-labelledby=\"accordion-2067658784-label\" >\n\t\t\t\n\t<div id=\"text-2046070403\" class=\"text\">\n\t\t\n<p class=\"ds-markdown-paragraph\"><strong>PREDATOR Prote\u00edna<\/strong><br \/>\nComplemento alimenticio con edulcorantes y aroma, en polvo.<\/p>\n<p class=\"ds-markdown-paragraph\"><strong>100 % PREDATOR Prote\u00edna<\/strong> es un concentrado de prote\u00edna de suero de <em><strong>alta calidad<\/strong><\/em>, especialmente dise\u00f1ado como suplemento para dietas altas en prote\u00ednas. Contiene concentrado de prote\u00edna de suero (<strong>WPC<\/strong>) ultrafiltrado, procesado a baja temperatura y vuelto instant\u00e1neo, as\u00ed como un alto contenido de amino\u00e1cidos derivados de la prote\u00edna de carne de res. \u00a1El producto est\u00e1 completamente <em><strong>LIBRE DE ASPARTAMO<\/strong><\/em>! Para la <strong><em>mejor utilizaci\u00f3n de todos los nutrientes importantes<\/em><\/strong>, hemos a\u00f1adido un potente complejo multienzim\u00e1tico digestivo patentado <strong>DigeZyme\u00ae<\/strong>.<\/p>\n<p>Distribuido exclusivamente en Cuba por <strong>EQGYM<\/strong>.<\/p>\n\t\t\n<style>\n#text-2046070403 {\n  font-size: 0.9rem;\n  line-height: 1.5;\n}\n<\/style>\n\t<\/div>\n\t\n\t\t<\/div>\n\t<\/div>\n\t\n\t<div id=\"accordion-4211394446\" class=\"accordion-item\">\n\t\t<a id=\"accordion-4211394446-label\" class=\"accordion-title plain\" href=\"#accordion-item-beneficios\" aria-expanded=\"false\" aria-controls=\"accordion-4211394446-content\" >\n\t\t\t<button class=\"toggle\" aria-label=\"Toggle\"><i class=\"icon-angle-down\"><\/i><\/button>\n\t\t\t<span>Beneficios<\/span>\n\t\t<\/a>\n\t\t<div id=\"accordion-4211394446-content\" class=\"accordion-inner\" aria-labelledby=\"accordion-4211394446-label\" >\n\t\t\t\n\t<div id=\"text-1854467371\" class=\"text\">\n\t\t\n<p>\u2022 Contiene concentrado de prote\u00edna de suero (<strong>WPC<\/strong>) de alta calidad.<br \/>\n\u2022 La prote\u00edna contribuye al crecimiento y al mantenimiento de la masa muscular.<br \/>\n\u2022 Contiene el complejo multienzim\u00e1tico <strong>DigeZyme\u00ae<\/strong>.<br \/>\n\u2022 \u00a1Completamente <em><strong>LIBRE DE ASPARTAMO<\/strong><\/em>!<\/p>\n\t\t\n<style>\n#text-1854467371 {\n  font-size: 0.9rem;\n  line-height: 1.5;\n}\n<\/style>\n\t<\/div>\n\t\n\t\t<\/div>\n\t<\/div>\n\t\n\t<div id=\"accordion-2360066935\" class=\"accordion-item\">\n\t\t<a id=\"accordion-2360066935-label\" class=\"accordion-title plain\" href=\"#accordion-item-informacion-nutricional\" aria-expanded=\"false\" aria-controls=\"accordion-2360066935-content\" >\n\t\t\t<button class=\"toggle\" aria-label=\"Toggle\"><i class=\"icon-angle-down\"><\/i><\/button>\n\t\t\t<span>Informacion Nutricional<\/span>\n\t\t<\/a>\n\t\t<div id=\"accordion-2360066935-content\" class=\"accordion-inner\" aria-labelledby=\"accordion-2360066935-label\" >\n\t\t\t\n\t<div class=\"img has-hover x md-x lg-x y md-y lg-y\" id=\"image_2088770254\">\n\t\t\t\t\t\t\t\t<div class=\"img-inner dark\" >\n\t\t\t<img loading=\"lazy\" decoding=\"async\" width=\"1582\" height=\"426\" src=\"https:\/\/eqgymcu.com\/wp-content\/uploads\/2025\/07\/wheypredatortabla1.png\" class=\"attachment-original size-original\" alt=\"\" srcset=\"https:\/\/eqgymcu.com\/wp-content\/uploads\/2025\/07\/wheypredatortabla1.png 1582w, https:\/\/eqgymcu.com\/wp-content\/uploads\/2025\/07\/wheypredatortabla1-300x81.png 300w, https:\/\/eqgymcu.com\/wp-content\/uploads\/2025\/07\/wheypredatortabla1-1024x276.png 1024w, https:\/\/eqgymcu.com\/wp-content\/uploads\/2025\/07\/wheypredatortabla1-768x207.png 768w, https:\/\/eqgymcu.com\/wp-content\/uploads\/2025\/07\/wheypredatortabla1-1536x414.png 1536w, https:\/\/eqgymcu.com\/wp-content\/uploads\/2025\/07\/wheypredatortabla1-18x5.png 18w, https:\/\/eqgymcu.com\/wp-content\/uploads\/2025\/07\/wheypredatortabla1-500x135.png 500w\" sizes=\"auto, (max-width: 1582px) 100vw, 1582px\" \/>\t\t\t\t\t\t\n\t\t\t\t\t<\/div>\n\t\t\t\t\t\t\t\t\n<style>\n#image_2088770254 {\n  width: 100%;\n}\n<\/style>\n\t<\/div>\n\t\n\t<div class=\"img has-hover x md-x lg-x y md-y lg-y\" id=\"image_811125585\">\n\t\t\t\t\t\t\t\t<div class=\"img-inner dark\" >\n\t\t\t<img loading=\"lazy\" decoding=\"async\" width=\"1582\" height=\"430\" src=\"https:\/\/eqgymcu.com\/wp-content\/uploads\/2025\/07\/wheypredatortabla2.png\" class=\"attachment-original size-original\" alt=\"\" srcset=\"https:\/\/eqgymcu.com\/wp-content\/uploads\/2025\/07\/wheypredatortabla2.png 1582w, https:\/\/eqgymcu.com\/wp-content\/uploads\/2025\/07\/wheypredatortabla2-300x82.png 300w, https:\/\/eqgymcu.com\/wp-content\/uploads\/2025\/07\/wheypredatortabla2-1024x278.png 1024w, https:\/\/eqgymcu.com\/wp-content\/uploads\/2025\/07\/wheypredatortabla2-768x209.png 768w, https:\/\/eqgymcu.com\/wp-content\/uploads\/2025\/07\/wheypredatortabla2-1536x417.png 1536w, https:\/\/eqgymcu.com\/wp-content\/uploads\/2025\/07\/wheypredatortabla2-18x5.png 18w, https:\/\/eqgymcu.com\/wp-content\/uploads\/2025\/07\/wheypredatortabla2-500x136.png 500w\" sizes=\"auto, (max-width: 1582px) 100vw, 1582px\" \/>\t\t\t\t\t\t\n\t\t\t\t\t<\/div>\n\t\t\t\t\t\t\t\t\n<style>\n#image_811125585 {\n  width: 100%;\n}\n<\/style>\n\t<\/div>\n\t\n\t\t<\/div>\n\t<\/div>\n\t\n\t<div id=\"accordion-1999602212\" class=\"accordion-item\">\n\t\t<a id=\"accordion-1999602212-label\" class=\"accordion-title plain\" href=\"#accordion-item-precauciones\" aria-expanded=\"false\" aria-controls=\"accordion-1999602212-content\" >\n\t\t\t<button class=\"toggle\" aria-label=\"Toggle\"><i class=\"icon-angle-down\"><\/i><\/button>\n\t\t\t<span>Precauciones<\/span>\n\t\t<\/a>\n\t\t<div id=\"accordion-1999602212-content\" class=\"accordion-inner\" aria-labelledby=\"accordion-1999602212-label\" >\n\t\t\t\n\t<div id=\"text-2446334019\" class=\"text\">\n\t\t\n<p><strong>Advertencia de al\u00e9rgenos<\/strong>: Puede contener trazas de huevo, gluten, pescado, frutos de c\u00e1scara, cacahuetes y crust\u00e1ceos. Advertencia:<em><strong> No utilice este producto si est\u00e1 embarazada o en per\u00edodo de lactancia<\/strong><\/em>. El producto no est\u00e1 dise\u00f1ado para ni\u00f1os. Debe almacenarse fuera del alcance de los ni\u00f1os peque\u00f1os. No exceda la dosis diaria recomendada indicada. Los complementos alimenticios no deben utilizarse como sustituto de una dieta variada y equilibrada y un estilo de vida saludable. Para el consumo de este complemento alimenticio debe consultar con su profesional de la salud. Almacenar a una temperatura que no supere los <strong>25\u00b0C<\/strong>.<\/p>\n\t\t\n<style>\n#text-2446334019 {\n  font-size: 0.9rem;\n  line-height: 1.5;\n}\n<\/style>\n\t<\/div>\n\t\n\t\t<\/div>\n\t<\/div>\n\t\n<\/div>","protected":false},"excerpt":{"rendered":"<p><strong><span style=\"color: #50b848;\"><em><span class=\"checkmark\">\u2713<\/span><\/em><\/span> Concentrado de prote\u00edna de suero ultrafiltrado<\/strong>: Procesado a baja temperatura para m\u00e1xima calidad<br \/>\n<strong><span style=\"color: #50b848;\"><em><span class=\"checkmark\">\u2713<\/span><\/em><\/span> Instant\u00e1neo<\/strong>: Mezcla inmediata sin grumos<br \/>\n<strong><span style=\"color: #50b848;\"><em><span class=\"checkmark\">\u2713<\/span> <\/em><\/span>Alto contenido de amino\u00e1cidos<\/strong>: Derivados de prote\u00edna de res<br \/>\n<strong><span style=\"color: #50b848;\"><em><span class=\"checkmark\">\u2713<\/span><\/em><\/span> Dise\u00f1ado para dietas hiperproteicas<\/strong>: Ideal para aumentar la ingesta diaria de prote\u00ednas<br \/>\n<strong><span style=\"color: #50b848;\"><em><span class=\"checkmark\">\u2713<\/span><\/em><\/span> Absorci\u00f3n r\u00e1pida<\/strong>: Perfecto para post-entreno y entre comidas<\/p>","protected":false},"featured_media":833,"comment_status":"open","ping_status":"closed","template":"","meta":[],"product_brand":[37],"product_cat":[36],"product_tag":[],"class_list":{"0":"post-483","1":"product","2":"type-product","3":"status-publish","4":"has-post-thumbnail","6":"product_brand-amix","7":"product_cat-suplementos","8":"pa_sabor-chocolate","9":"pa_sabor-cookie-crema","10":"pa_sabor-fresa","11":"pa_sabor-platano","13":"first","14":"instock","15":"shipping-taxable","16":"purchasable","17":"product-type-variable","18":"has-default-attributes"},"_links":{"self":[{"href":"https:\/\/eqgymcu.com\/en\/wp-json\/wp\/v2\/product\/483","targetHints":{"allow":["GET"]}}],"collection":[{"href":"https:\/\/eqgymcu.com\/en\/wp-json\/wp\/v2\/product"}],"about":[{"href":"https:\/\/eqgymcu.com\/en\/wp-json\/wp\/v2\/types\/product"}],"replies":[{"embeddable":true,"href":"https:\/\/eqgymcu.com\/en\/wp-json\/wp\/v2\/comments?post=483"}],"wp:featuredmedia":[{"embeddable":true,"href":"https:\/\/eqgymcu.com\/en\/wp-json\/wp\/v2\/media\/833"}],"wp:attachment":[{"href":"https:\/\/eqgymcu.com\/en\/wp-json\/wp\/v2\/media?parent=483"}],"wp:term":[{"taxonomy":"product_brand","embeddable":true,"href":"https:\/\/eqgymcu.com\/en\/wp-json\/wp\/v2\/product_brand?post=483"},{"taxonomy":"product_cat","embeddable":true,"href":"https:\/\/eqgymcu.com\/en\/wp-json\/wp\/v2\/product_cat?post=483"},{"taxonomy":"product_tag","embeddable":true,"href":"https:\/\/eqgymcu.com\/en\/wp-json\/wp\/v2\/product_tag?post=483"}],"curies":[{"name":"wp","href":"https:\/\/api.w.org\/{rel}","templated":true}]}}