{"id":488,"date":"2025-07-03T05:52:48","date_gmt":"2025-07-03T05:52:48","guid":{"rendered":"https:\/\/eqgymcu.com\/?post_type=product&#038;p=488"},"modified":"2025-09-13T13:04:54","modified_gmt":"2025-09-13T13:04:54","slug":"gourmet-protein-1kg","status":"publish","type":"product","link":"https:\/\/eqgymcu.com\/en\/product\/gourmet-protein-1kg\/","title":{"rendered":"GOURMET PROTEIN"},"content":{"rendered":"<div class=\"accordion\">\n\t<div id=\"accordion-175984192\" class=\"accordion-item\">\n\t\t<a id=\"accordion-175984192-label\" class=\"accordion-title plain\" href=\"#accordion-item-descripcion-general-del-producto\" aria-expanded=\"false\" aria-controls=\"accordion-175984192-content\" >\n\t\t\t<button class=\"toggle\" aria-label=\"Toggle\"><i class=\"icon-angle-down\"><\/i><\/button>\n\t\t\t<span>Descripcion General del Producto<\/span>\n\t\t<\/a>\n\t\t<div id=\"accordion-175984192-content\" class=\"accordion-inner\" aria-labelledby=\"accordion-175984192-label\" >\n\t\t\t\n\t<div id=\"text-2100340673\" class=\"text\">\n\t\t\n<p><span style=\"font-size: 105%;\"><strong>Gourmet Protein <\/strong><\/span><\/p>\n<p>Complemento alimenticio con edulcorantes y aromas.<\/p>\n<p class=\"ds-markdown-paragraph\"><strong>Gourmet Protein<\/strong> con aut\u00e9nticos <strong><em>trozos de fruta deshidratada<\/em><\/strong>. Es un excelente complemento alimenticio proteico dise\u00f1ado y desarrollado por <strong>Amix\u2122<\/strong>. Contiene un premium aislado de prote\u00edna de suero <strong>CFM\u00ae<\/strong>, concentrado de prote\u00edna de suero y p\u00e9ptidos de aislado de prote\u00edna<strong> Micelle XL\u00ae<\/strong> con adici\u00f3n de <strong><em>L-Glutamina, Taurina y<\/em> LactoSpore\u00ae<\/strong>.<\/p>\n<p>Distribuido exclusivamente en Cuba por <strong>EQGYM<\/strong>.<br \/>\n\t\t\n<style>\n#text-2100340673 {\n  font-size: 0.9rem;\n  line-height: 1.5;\n}\n<\/style>\n\t<\/div>\n\t\n\t\t<\/div>\n\t<\/div>\n\t\n\t<div id=\"accordion-924579296\" class=\"accordion-item\">\n\t\t<a id=\"accordion-924579296-label\" class=\"accordion-title plain\" href=\"#accordion-item-beneficios\" aria-expanded=\"false\" aria-controls=\"accordion-924579296-content\" >\n\t\t\t<button class=\"toggle\" aria-label=\"Toggle\"><i class=\"icon-angle-down\"><\/i><\/button>\n\t\t\t<span>Beneficios<\/span>\n\t\t<\/a>\n\t\t<div id=\"accordion-924579296-content\" class=\"accordion-inner\" aria-labelledby=\"accordion-924579296-label\" >\n\t\t\t\n\t<div id=\"text-3345493341\" class=\"text\">\n\t\t\n<ul>\n<li>Con trozos reales de fruta o coco<\/li>\n<li>La prote\u00edna contribuye al crecimiento de la masa muscular<\/li>\n<li>Libre de <em><strong>aspartamo<\/strong><\/em><\/li>\n<li>Textura delicada y cremosa<\/li>\n<li>Prote\u00edna de alta <strong><em>instantaneidad<\/em><\/strong><\/li>\n<\/ul>\n\t\t\n<style>\n#text-3345493341 {\n  font-size: 0.9rem;\n  line-height: 1.5;\n}\n<\/style>\n\t<\/div>\n\t\n\t\t<\/div>\n\t<\/div>\n\t\n\t<div id=\"accordion-1818149601\" class=\"accordion-item\">\n\t\t<a id=\"accordion-1818149601-label\" class=\"accordion-title plain\" href=\"#accordion-item-informacion-nutricional\" aria-expanded=\"false\" aria-controls=\"accordion-1818149601-content\" >\n\t\t\t<button class=\"toggle\" aria-label=\"Toggle\"><i class=\"icon-angle-down\"><\/i><\/button>\n\t\t\t<span>Informacion Nutricional<\/span>\n\t\t<\/a>\n\t\t<div id=\"accordion-1818149601-content\" class=\"accordion-inner\" aria-labelledby=\"accordion-1818149601-label\" >\n\t\t\t\n\t<div class=\"img has-hover x md-x lg-x y md-y lg-y\" id=\"image_1256484368\">\n\t\t\t\t\t\t\t\t<div class=\"img-inner dark\" >\n\t\t\t<img loading=\"lazy\" decoding=\"async\" width=\"1582\" height=\"426\" src=\"https:\/\/eqgymcu.com\/wp-content\/uploads\/2025\/07\/wheypredatortabla1.png\" class=\"attachment-original size-original\" alt=\"\" srcset=\"https:\/\/eqgymcu.com\/wp-content\/uploads\/2025\/07\/wheypredatortabla1.png 1582w, https:\/\/eqgymcu.com\/wp-content\/uploads\/2025\/07\/wheypredatortabla1-300x81.png 300w, https:\/\/eqgymcu.com\/wp-content\/uploads\/2025\/07\/wheypredatortabla1-1024x276.png 1024w, https:\/\/eqgymcu.com\/wp-content\/uploads\/2025\/07\/wheypredatortabla1-768x207.png 768w, https:\/\/eqgymcu.com\/wp-content\/uploads\/2025\/07\/wheypredatortabla1-1536x414.png 1536w, https:\/\/eqgymcu.com\/wp-content\/uploads\/2025\/07\/wheypredatortabla1-18x5.png 18w, https:\/\/eqgymcu.com\/wp-content\/uploads\/2025\/07\/wheypredatortabla1-500x135.png 500w\" sizes=\"auto, (max-width: 1582px) 100vw, 1582px\" \/>\t\t\t\t\t\t\n\t\t\t\t\t<\/div>\n\t\t\t\t\t\t\t\t\n<style>\n#image_1256484368 {\n  width: 100%;\n}\n<\/style>\n\t<\/div>\n\t\n\t<div class=\"img has-hover x md-x lg-x y md-y lg-y\" id=\"image_245964623\">\n\t\t\t\t\t\t\t\t<div class=\"img-inner dark\" >\n\t\t\t<img loading=\"lazy\" decoding=\"async\" width=\"1582\" height=\"430\" src=\"https:\/\/eqgymcu.com\/wp-content\/uploads\/2025\/07\/wheypredatortabla2.png\" class=\"attachment-original size-original\" alt=\"\" srcset=\"https:\/\/eqgymcu.com\/wp-content\/uploads\/2025\/07\/wheypredatortabla2.png 1582w, https:\/\/eqgymcu.com\/wp-content\/uploads\/2025\/07\/wheypredatortabla2-300x82.png 300w, https:\/\/eqgymcu.com\/wp-content\/uploads\/2025\/07\/wheypredatortabla2-1024x278.png 1024w, https:\/\/eqgymcu.com\/wp-content\/uploads\/2025\/07\/wheypredatortabla2-768x209.png 768w, https:\/\/eqgymcu.com\/wp-content\/uploads\/2025\/07\/wheypredatortabla2-1536x417.png 1536w, https:\/\/eqgymcu.com\/wp-content\/uploads\/2025\/07\/wheypredatortabla2-18x5.png 18w, https:\/\/eqgymcu.com\/wp-content\/uploads\/2025\/07\/wheypredatortabla2-500x136.png 500w\" sizes=\"auto, (max-width: 1582px) 100vw, 1582px\" \/>\t\t\t\t\t\t\n\t\t\t\t\t<\/div>\n\t\t\t\t\t\t\t\t\n<style>\n#image_245964623 {\n  width: 100%;\n}\n<\/style>\n\t<\/div>\n\t\n\t<div class=\"img has-hover x md-x lg-x y md-y lg-y\" id=\"image_734575120\">\n\t\t\t\t\t\t\t\t<div class=\"img-inner dark\" >\n\t\t\t<img loading=\"lazy\" decoding=\"async\" width=\"1582\" height=\"503\" src=\"https:\/\/eqgymcu.com\/wp-content\/uploads\/2025\/07\/gourmetprotabla3.png\" class=\"attachment-original size-original\" alt=\"\" srcset=\"https:\/\/eqgymcu.com\/wp-content\/uploads\/2025\/07\/gourmetprotabla3.png 1582w, https:\/\/eqgymcu.com\/wp-content\/uploads\/2025\/07\/gourmetprotabla3-300x95.png 300w, https:\/\/eqgymcu.com\/wp-content\/uploads\/2025\/07\/gourmetprotabla3-1024x326.png 1024w, https:\/\/eqgymcu.com\/wp-content\/uploads\/2025\/07\/gourmetprotabla3-768x244.png 768w, https:\/\/eqgymcu.com\/wp-content\/uploads\/2025\/07\/gourmetprotabla3-1536x488.png 1536w, https:\/\/eqgymcu.com\/wp-content\/uploads\/2025\/07\/gourmetprotabla3-18x6.png 18w, https:\/\/eqgymcu.com\/wp-content\/uploads\/2025\/07\/gourmetprotabla3-500x159.png 500w\" sizes=\"auto, (max-width: 1582px) 100vw, 1582px\" \/>\t\t\t\t\t\t\n\t\t\t\t\t<\/div>\n\t\t\t\t\t\t\t\t\n<style>\n#image_734575120 {\n  width: 100%;\n}\n<\/style>\n\t<\/div>\n\t\n\t<div class=\"img has-hover x md-x lg-x y md-y lg-y\" id=\"image_1617185967\">\n\t\t\t\t\t\t\t\t<div class=\"img-inner dark\" >\n\t\t\t<img loading=\"lazy\" decoding=\"async\" width=\"1581\" height=\"501\" src=\"https:\/\/eqgymcu.com\/wp-content\/uploads\/2025\/07\/gourmetprotabla4.png\" class=\"attachment-original size-original\" alt=\"\" srcset=\"https:\/\/eqgymcu.com\/wp-content\/uploads\/2025\/07\/gourmetprotabla4.png 1581w, https:\/\/eqgymcu.com\/wp-content\/uploads\/2025\/07\/gourmetprotabla4-300x95.png 300w, https:\/\/eqgymcu.com\/wp-content\/uploads\/2025\/07\/gourmetprotabla4-1024x324.png 1024w, https:\/\/eqgymcu.com\/wp-content\/uploads\/2025\/07\/gourmetprotabla4-768x243.png 768w, https:\/\/eqgymcu.com\/wp-content\/uploads\/2025\/07\/gourmetprotabla4-1536x487.png 1536w, https:\/\/eqgymcu.com\/wp-content\/uploads\/2025\/07\/gourmetprotabla4-18x6.png 18w, https:\/\/eqgymcu.com\/wp-content\/uploads\/2025\/07\/gourmetprotabla4-500x158.png 500w\" sizes=\"auto, (max-width: 1581px) 100vw, 1581px\" \/>\t\t\t\t\t\t\n\t\t\t\t\t<\/div>\n\t\t\t\t\t\t\t\t\n<style>\n#image_1617185967 {\n  width: 100%;\n}\n<\/style>\n\t<\/div>\n\t\n\t<div class=\"img has-hover x md-x lg-x y md-y lg-y\" id=\"image_1330449120\">\n\t\t\t\t\t\t\t\t<div class=\"img-inner dark\" >\n\t\t\t<img loading=\"lazy\" decoding=\"async\" width=\"1582\" height=\"431\" src=\"https:\/\/eqgymcu.com\/wp-content\/uploads\/2025\/07\/gourmetprotabla5.png\" class=\"attachment-original size-original\" alt=\"\" srcset=\"https:\/\/eqgymcu.com\/wp-content\/uploads\/2025\/07\/gourmetprotabla5.png 1582w, https:\/\/eqgymcu.com\/wp-content\/uploads\/2025\/07\/gourmetprotabla5-300x82.png 300w, https:\/\/eqgymcu.com\/wp-content\/uploads\/2025\/07\/gourmetprotabla5-1024x279.png 1024w, https:\/\/eqgymcu.com\/wp-content\/uploads\/2025\/07\/gourmetprotabla5-768x209.png 768w, https:\/\/eqgymcu.com\/wp-content\/uploads\/2025\/07\/gourmetprotabla5-1536x418.png 1536w, https:\/\/eqgymcu.com\/wp-content\/uploads\/2025\/07\/gourmetprotabla5-18x5.png 18w, https:\/\/eqgymcu.com\/wp-content\/uploads\/2025\/07\/gourmetprotabla5-500x136.png 500w\" sizes=\"auto, (max-width: 1582px) 100vw, 1582px\" \/>\t\t\t\t\t\t\n\t\t\t\t\t<\/div>\n\t\t\t\t\t\t\t\t\n<style>\n#image_1330449120 {\n  width: 100%;\n}\n<\/style>\n\t<\/div>\n\t\n\t\t<\/div>\n\t<\/div>\n\t\n\t<div id=\"accordion-861067227\" class=\"accordion-item\">\n\t\t<a id=\"accordion-861067227-label\" class=\"accordion-title plain\" href=\"#accordion-item-precauciones\" aria-expanded=\"false\" aria-controls=\"accordion-861067227-content\" >\n\t\t\t<button class=\"toggle\" aria-label=\"Toggle\"><i class=\"icon-angle-down\"><\/i><\/button>\n\t\t\t<span>Precauciones<\/span>\n\t\t<\/a>\n\t\t<div id=\"accordion-861067227-content\" class=\"accordion-inner\" aria-labelledby=\"accordion-861067227-label\" >\n\t\t\t\n\t<div id=\"text-3028620866\" class=\"text\">\n\t\t\n<p class=\"ds-markdown-paragraph\"><strong>Advertencia de al\u00e9rgenos<\/strong>: Puede contener trazas de huevo, gluten, pescado, frutos de c\u00e1scara, cacahuetes y mariscos (crust\u00e1ceos y moluscos).<\/p>\n<p class=\"ds-markdown-paragraph\">Advertencia: No utilice este producto si est\u00e1 embarazada o en per\u00edodo de lactancia. El producto no est\u00e1 dise\u00f1ado para ni\u00f1os. El producto debe almacenarse fuera del alcance de los ni\u00f1os peque\u00f1os. \u00a1No exceda la dosis diaria recomendada indicada! Los complementos alimenticios no deben utilizarse como sustituto de una dieta variada. Para el consumo de este complemento alimenticio debe consultar con su profesional de la salud. Almacenar a una temperatura que no supere los<strong> 25\u00b0C<\/strong> en un lugar fresco y seco alejado de la luz solar. El fabricante no se hace responsable de los da\u00f1os causados por un uso o almacenamiento inadecuados.<\/p>\n\t\t\n<style>\n#text-3028620866 {\n  font-size: 0.9rem;\n  line-height: 1.5;\n}\n<\/style>\n\t<\/div>\n\t\n\t\t<\/div>\n\t<\/div>\n\t\n<\/div>","protected":false},"excerpt":{"rendered":"<p><span style=\"color: #50b848;\"><em><strong>\u2713<\/strong><\/em><\/span> <strong>Gourmet Protein con aut\u00e9nticos trozos de fruta deshidratada<\/strong><br \/>\n<strong><span style=\"color: #50b848;\"><em>\u2713<\/em><\/span> Excelente complemento alimenticio proteico<\/strong><br \/>\n<strong><em><span style=\"color: #50b848;\">\u2713<\/span><\/em> Dise\u00f1ado y desarrollado por Amix\u2122<\/strong><\/p>","protected":false},"featured_media":839,"comment_status":"open","ping_status":"closed","template":"","meta":[],"product_brand":[37],"product_cat":[36],"product_tag":[],"class_list":{"0":"post-488","1":"product","2":"type-product","3":"status-publish","4":"has-post-thumbnail","6":"product_brand-amix","7":"product_cat-suplementos","8":"pa_sabor-fresa-choco-blanco","10":"first","11":"onbackorder","12":"shipping-taxable","13":"purchasable","14":"product-type-variable","15":"has-default-attributes"},"_links":{"self":[{"href":"https:\/\/eqgymcu.com\/en\/wp-json\/wp\/v2\/product\/488","targetHints":{"allow":["GET"]}}],"collection":[{"href":"https:\/\/eqgymcu.com\/en\/wp-json\/wp\/v2\/product"}],"about":[{"href":"https:\/\/eqgymcu.com\/en\/wp-json\/wp\/v2\/types\/product"}],"replies":[{"embeddable":true,"href":"https:\/\/eqgymcu.com\/en\/wp-json\/wp\/v2\/comments?post=488"}],"wp:featuredmedia":[{"embeddable":true,"href":"https:\/\/eqgymcu.com\/en\/wp-json\/wp\/v2\/media\/839"}],"wp:attachment":[{"href":"https:\/\/eqgymcu.com\/en\/wp-json\/wp\/v2\/media?parent=488"}],"wp:term":[{"taxonomy":"product_brand","embeddable":true,"href":"https:\/\/eqgymcu.com\/en\/wp-json\/wp\/v2\/product_brand?post=488"},{"taxonomy":"product_cat","embeddable":true,"href":"https:\/\/eqgymcu.com\/en\/wp-json\/wp\/v2\/product_cat?post=488"},{"taxonomy":"product_tag","embeddable":true,"href":"https:\/\/eqgymcu.com\/en\/wp-json\/wp\/v2\/product_tag?post=488"}],"curies":[{"name":"wp","href":"https:\/\/api.w.org\/{rel}","templated":true}]}}