{"id":490,"date":"2025-07-03T05:54:19","date_gmt":"2025-07-03T05:54:19","guid":{"rendered":"https:\/\/eqgymcu.com\/?post_type=product&#038;p=490"},"modified":"2025-09-13T15:37:51","modified_gmt":"2025-09-13T15:37:51","slug":"whey-pro-fusion-1kg","status":"publish","type":"product","link":"https:\/\/eqgymcu.com\/en\/product\/whey-pro-fusion-1kg\/","title":{"rendered":"Whey-Pro Fusion"},"content":{"rendered":"<div class=\"accordion\">\n\t<div id=\"accordion-2297201580\" class=\"accordion-item\">\n\t\t<a id=\"accordion-2297201580-label\" class=\"accordion-title plain\" href=\"#accordion-item-descripci\u00f3n-general-del-producto\" aria-expanded=\"false\" aria-controls=\"accordion-2297201580-content\" >\n\t\t\t<button class=\"toggle\" aria-label=\"Toggle\"><i class=\"icon-angle-down\"><\/i><\/button>\n\t\t\t<span>Descripci\u00f3n General del Producto<\/span>\n\t\t<\/a>\n\t\t<div id=\"accordion-2297201580-content\" class=\"accordion-inner\" aria-labelledby=\"accordion-2297201580-label\" >\n\t\t\t\n\t<div id=\"text-4228053330\" class=\"text\">\n\t\t\n<p><span style=\"font-size: 100%;\"><strong>Descripci\u00f3n General del Producto<\/strong><\/span><\/p>\n<p><strong>Whey-Pro FUSION<\/strong> es un suplemento alimenticio con edulcorantes y aromas que combina una f\u00f3rmula de prote\u00edna de suero de alta calidad con un sabor completo y delicioso sin aspartamo. Contiene una mezcla de <strong>Concentrado de Suero Instant\u00e1neo procesado a baja temperatura y Aislado de Suero CFM<\/strong>, alcanzando un <strong>75% de prote\u00edna pura<\/strong> de alto valor biol\u00f3gico.<\/p>\n<p>Formulada para deportistas exigentes, proporciona los amino\u00e1cidos esenciales necesarios para la recuperaci\u00f3n y el crecimiento muscular. Enriquecido con el complejo multi-enzim\u00e1tico <strong>DigeZyme\u00ae<\/strong> para una \u00f3ptima digesti\u00f3n y absorci\u00f3n. Disponible en una amplia gama de <strong>14 sabores cl\u00e1sicos y 4 sabores de edici\u00f3n verano<\/strong>, es la elecci\u00f3n perfecta para combinar eficacia y placer.<\/p>\n<p><strong>Whey-Pro FUSION<\/strong> ya est\u00e1 en Cuba. Distribuido por <strong>EQGYM<\/strong>.<br \/>\n\t\t\n<style>\n#text-4228053330 {\n  font-size: 0.9rem;\n  line-height: 1.5;\n}\n<\/style>\n\t<\/div>\n\t\n\t\t<\/div>\n\t<\/div>\n\t\n\t<div id=\"accordion-3216891948\" class=\"accordion-item\">\n\t\t<a id=\"accordion-3216891948-label\" class=\"accordion-title plain\" href=\"#accordion-item-beneficios\" aria-expanded=\"false\" aria-controls=\"accordion-3216891948-content\" >\n\t\t\t<button class=\"toggle\" aria-label=\"Toggle\"><i class=\"icon-angle-down\"><\/i><\/button>\n\t\t\t<span>Beneficios<\/span>\n\t\t<\/a>\n\t\t<div id=\"accordion-3216891948-content\" class=\"accordion-inner\" aria-labelledby=\"accordion-3216891948-label\" >\n\t\t\t\n\t<div id=\"text-3872679337\" class=\"text\">\n\t\t\n<ul>\n<li><strong>75% de Prote\u00edna Pura<\/strong>: Mezcla premium de Concentrado y Aislado de Suero para un aporte eficiente de prote\u00ednas.<\/li>\n<li><strong>Tecnolog\u00eda CFM\u00ae y Procesado en Fr\u00edo<\/strong>: Preserva la calidad e integridad de las prote\u00ednas para un alto valor biol\u00f3gico.<\/li>\n<li><strong>Gran Sabor Sin Aspartamo<\/strong>: Endulzado con Sucralosa Splenda\u00ae para un perfil de sabor completo y delicioso.<\/li>\n<li><strong>Complejo Multi-Enzim\u00e1tico DigeZyme\u00ae<\/strong>: Mejora la digesti\u00f3n y absorci\u00f3n de nutrientes.<\/li>\n<li><strong>Contribuye al Crecimiento y Mantenimiento de la Masa Muscular<\/strong>: Gracias a su alto contenido de prote\u00edna.<\/li>\n<li><strong>Textura Delicada y Cremosa<\/strong>: F\u00e1cil de mezclar y agradable al paladar.<\/li>\n<li><strong>Amplia Variedad de Sabores<\/strong>: 14 sabores cl\u00e1sicos y 4 exclusivos de edici\u00f3n verano para disfrutar de m\u00faltiples experiencias.<\/li>\n<\/ul>\n\t\t\n<style>\n#text-3872679337 {\n  font-size: 0.9rem;\n  line-height: 1.5;\n}\n<\/style>\n\t<\/div>\n\t\n\t\t<\/div>\n\t<\/div>\n\t\n\t<div id=\"accordion-1454829192\" class=\"accordion-item\">\n\t\t<a id=\"accordion-1454829192-label\" class=\"accordion-title plain\" href=\"#accordion-item-informaci\u00f3n-nutricional\" aria-expanded=\"false\" aria-controls=\"accordion-1454829192-content\" >\n\t\t\t<button class=\"toggle\" aria-label=\"Toggle\"><i class=\"icon-angle-down\"><\/i><\/button>\n\t\t\t<span>Informaci\u00f3n Nutricional<\/span>\n\t\t<\/a>\n\t\t<div id=\"accordion-1454829192-content\" class=\"accordion-inner\" aria-labelledby=\"accordion-1454829192-label\" >\n\t\t\t\n\t<div class=\"img has-hover x md-x lg-x y md-y lg-y\" id=\"image_746038279\">\n\t\t\t\t\t\t\t\t<div class=\"img-inner dark\" >\n\t\t\t<img loading=\"lazy\" decoding=\"async\" width=\"1583\" height=\"432\" src=\"https:\/\/eqgymcu.com\/wp-content\/uploads\/2025\/07\/wheyfusiontabla1.png\" class=\"attachment-original size-original\" alt=\"\" srcset=\"https:\/\/eqgymcu.com\/wp-content\/uploads\/2025\/07\/wheyfusiontabla1.png 1583w, https:\/\/eqgymcu.com\/wp-content\/uploads\/2025\/07\/wheyfusiontabla1-300x82.png 300w, https:\/\/eqgymcu.com\/wp-content\/uploads\/2025\/07\/wheyfusiontabla1-1024x279.png 1024w, https:\/\/eqgymcu.com\/wp-content\/uploads\/2025\/07\/wheyfusiontabla1-768x210.png 768w, https:\/\/eqgymcu.com\/wp-content\/uploads\/2025\/07\/wheyfusiontabla1-1536x419.png 1536w, https:\/\/eqgymcu.com\/wp-content\/uploads\/2025\/07\/wheyfusiontabla1-18x5.png 18w, https:\/\/eqgymcu.com\/wp-content\/uploads\/2025\/07\/wheyfusiontabla1-500x136.png 500w\" sizes=\"auto, (max-width: 1583px) 100vw, 1583px\" \/>\t\t\t\t\t\t\n\t\t\t\t\t<\/div>\n\t\t\t\t\t\t\t\t\n<style>\n#image_746038279 {\n  width: 100%;\n}\n<\/style>\n\t<\/div>\n\t\n\t<div class=\"img has-hover x md-x lg-x y md-y lg-y\" id=\"image_1508325949\">\n\t\t\t\t\t\t\t\t<div class=\"img-inner dark\" style=\"margin:15px 0px 0px 0px;\">\n\t\t\t<img loading=\"lazy\" decoding=\"async\" width=\"1580\" height=\"397\" src=\"https:\/\/eqgymcu.com\/wp-content\/uploads\/2025\/07\/wheyfusiontabla2.png\" class=\"attachment-original size-original\" alt=\"\" srcset=\"https:\/\/eqgymcu.com\/wp-content\/uploads\/2025\/07\/wheyfusiontabla2.png 1580w, https:\/\/eqgymcu.com\/wp-content\/uploads\/2025\/07\/wheyfusiontabla2-300x75.png 300w, https:\/\/eqgymcu.com\/wp-content\/uploads\/2025\/07\/wheyfusiontabla2-1024x257.png 1024w, https:\/\/eqgymcu.com\/wp-content\/uploads\/2025\/07\/wheyfusiontabla2-768x193.png 768w, https:\/\/eqgymcu.com\/wp-content\/uploads\/2025\/07\/wheyfusiontabla2-1536x386.png 1536w, https:\/\/eqgymcu.com\/wp-content\/uploads\/2025\/07\/wheyfusiontabla2-18x5.png 18w, https:\/\/eqgymcu.com\/wp-content\/uploads\/2025\/07\/wheyfusiontabla2-500x126.png 500w\" sizes=\"auto, (max-width: 1580px) 100vw, 1580px\" \/>\t\t\t\t\t\t\n\t\t\t\t\t<\/div>\n\t\t\t\t\t\t\t\t\n<style>\n#image_1508325949 {\n  width: 100%;\n}\n<\/style>\n\t<\/div>\n\t\n\t\t<\/div>\n\t<\/div>\n\t\n\t<div id=\"accordion-1621311563\" class=\"accordion-item\">\n\t\t<a id=\"accordion-1621311563-label\" class=\"accordion-title plain\" href=\"#accordion-item-precauciones\" aria-expanded=\"false\" aria-controls=\"accordion-1621311563-content\" >\n\t\t\t<button class=\"toggle\" aria-label=\"Toggle\"><i class=\"icon-angle-down\"><\/i><\/button>\n\t\t\t<span>Precauciones<\/span>\n\t\t<\/a>\n\t\t<div id=\"accordion-1621311563-content\" class=\"accordion-inner\" aria-labelledby=\"accordion-1621311563-label\" >\n\t\t\t\n\t<div id=\"text-148564261\" class=\"text\">\n\t\t\n<p><strong>Advertencia de Al\u00e9rgenos<\/strong>: Puede contener trazas de huevo, gluten, pescado, frutos secos, cacahuetes y mariscos (crust\u00e1ceos y moluscos).<\/p>\n<p>No recomendado para mujeres embarazadas o en per\u00edodo de lactancia. El producto no est\u00e1 dise\u00f1ado para ni\u00f1os. Mantener fuera del alcance de los m\u00e1s peque\u00f1os. No superar la dosis diaria recomendada. Los complementos alimenticios no deben utilizarse como sustituto de una dieta variada y equilibrada.<\/p>\n<p>Conservar en un lugar fresco y seco (por debajo de 25\u00b0C), alejado de la luz solar. El productor no se hace responsable de los da\u00f1os causados por un uso o almacenamiento incorrecto.<br \/>\n\t\t\n<style>\n#text-148564261 {\n  font-size: 0.9rem;\n  line-height: 1.5;\n}\n<\/style>\n\t<\/div>\n\t\n\t\t<\/div>\n\t<\/div>\n\t\n<\/div>","protected":false},"excerpt":{"rendered":"<p><strong><em><span style=\"color: #50b848;\">\u2713<\/span><\/em> 75% Prote\u00edna Pura<\/strong>: Mezcla premium de Concentrado y Aislado de Suero para una alta concentraci\u00f3n por servicio.<br \/>\n<strong><em><span style=\"color: #50b848;\">\u2713<\/span><\/em> Tecnolog\u00eda CFM\u00ae de Alto Valor Biol\u00f3gico<\/strong>: Combina WPC instant\u00e1neo y Aislado CFM\u00ae ultra puro, procesados a baja temperatura.<br \/>\n<strong><em><span style=\"color: #50b848;\">\u2713<\/span><\/em> Gran Sabor Sin Aspartamo<\/strong>: Delicioso perfil de sabor endulzado con alternativas como la Sucralosa.<br \/>\n<strong><em><span style=\"color: #50b848;\">\u2713<\/span><\/em> R\u00e1pida Absorci\u00f3n y F\u00e1cil Digesti\u00f3n<\/strong>: Se mezcla al instante y es suave con el est\u00f3mago gracias a su procesamiento.<br \/>\n<strong><em><span style=\"color: #50b848;\">\u2713<\/span><\/em> Calidad Proteica Preservada<\/strong>: La microfiltraci\u00f3n en fr\u00edo (CFM) protege la integridad y eficacia de las prote\u00ednas.<\/p>","protected":false},"featured_media":958,"comment_status":"open","ping_status":"closed","template":"","meta":[],"product_brand":[37],"product_cat":[36],"product_tag":[],"class_list":{"0":"post-490","1":"product","2":"type-product","3":"status-publish","4":"has-post-thumbnail","6":"product_brand-amix","7":"product_cat-suplementos","8":"pa_sabor-chocolate","9":"pa_sabor-cookie-crema","10":"pa_sabor-doble-chocolate-blanco","11":"pa_sabor-fresa","12":"pa_sabor-moca-chocolate-cafe","14":"first","15":"instock","16":"shipping-taxable","17":"purchasable","18":"product-type-variable","19":"has-default-attributes"},"_links":{"self":[{"href":"https:\/\/eqgymcu.com\/en\/wp-json\/wp\/v2\/product\/490","targetHints":{"allow":["GET"]}}],"collection":[{"href":"https:\/\/eqgymcu.com\/en\/wp-json\/wp\/v2\/product"}],"about":[{"href":"https:\/\/eqgymcu.com\/en\/wp-json\/wp\/v2\/types\/product"}],"replies":[{"embeddable":true,"href":"https:\/\/eqgymcu.com\/en\/wp-json\/wp\/v2\/comments?post=490"}],"wp:featuredmedia":[{"embeddable":true,"href":"https:\/\/eqgymcu.com\/en\/wp-json\/wp\/v2\/media\/958"}],"wp:attachment":[{"href":"https:\/\/eqgymcu.com\/en\/wp-json\/wp\/v2\/media?parent=490"}],"wp:term":[{"taxonomy":"product_brand","embeddable":true,"href":"https:\/\/eqgymcu.com\/en\/wp-json\/wp\/v2\/product_brand?post=490"},{"taxonomy":"product_cat","embeddable":true,"href":"https:\/\/eqgymcu.com\/en\/wp-json\/wp\/v2\/product_cat?post=490"},{"taxonomy":"product_tag","embeddable":true,"href":"https:\/\/eqgymcu.com\/en\/wp-json\/wp\/v2\/product_tag?post=490"}],"curies":[{"name":"wp","href":"https:\/\/api.w.org\/{rel}","templated":true}]}}