{"id":500,"date":"2025-07-03T05:57:47","date_gmt":"2025-07-03T05:57:47","guid":{"rendered":"https:\/\/eqgymcu.com\/?post_type=product&#038;p=500"},"modified":"2025-09-13T17:11:43","modified_gmt":"2025-09-13T17:11:43","slug":"micellar-casein-1kg","status":"publish","type":"product","link":"https:\/\/eqgymcu.com\/en\/product\/micellar-casein-1kg\/","title":{"rendered":"Micellar Casein"},"content":{"rendered":"<div class=\"accordion\">\n\t<div id=\"accordion-34660048\" class=\"accordion-item\">\n\t\t<a id=\"accordion-34660048-label\" class=\"accordion-title plain\" href=\"#accordion-item-descripci\u00f3n-general-del-producto\" aria-expanded=\"false\" aria-controls=\"accordion-34660048-content\" >\n\t\t\t<button class=\"toggle\" aria-label=\"Toggle\"><i class=\"icon-angle-down\"><\/i><\/button>\n\t\t\t<span>Descripci\u00f3n General del Producto<\/span>\n\t\t<\/a>\n\t\t<div id=\"accordion-34660048-content\" class=\"accordion-inner\" aria-labelledby=\"accordion-34660048-label\" >\n\t\t\t\n\t<div id=\"text-1485021749\" class=\"text\">\n\t\t\n<p><strong>Micellar Casein<\/strong> es un suplemento alimenticio con edulcorantes y aromas que contiene case\u00edna micelar y prote\u00edna de suero en la proporci\u00f3n natural 80:20 de la leche desnatada. Esta prote\u00edna de liberaci\u00f3n prolongada proporciona un suministro constante de amino\u00e1cidos al torrente sangu\u00edneo durante hasta 7 horas despu\u00e9s de su ingesti\u00f3n.<\/p>\n<p>Ideal para tomar antes de dormir, alimenta los m\u00fasculos de manera sostenida durante toda la noche, contribuyendo al crecimiento y mantenimiento de la masa muscular. Sin aspartamo y disponible en sabores chocolate, fresa, vainilla y frutos del bosque.<\/p>\n<p><strong>Micellar Casein<\/strong> ya est\u00e1 en Cuba. Distribuido por <strong>EQGYM<\/strong>.<br \/>\n\t\t\n<style>\n#text-1485021749 {\n  font-size: 0.9rem;\n  line-height: 1.5;\n}\n<\/style>\n\t<\/div>\n\t\n\t\t<\/div>\n\t<\/div>\n\t\n\t<div id=\"accordion-372713549\" class=\"accordion-item\">\n\t\t<a id=\"accordion-372713549-label\" class=\"accordion-title plain\" href=\"#accordion-item-beneficios\" aria-expanded=\"false\" aria-controls=\"accordion-372713549-content\" >\n\t\t\t<button class=\"toggle\" aria-label=\"Toggle\"><i class=\"icon-angle-down\"><\/i><\/button>\n\t\t\t<span>Beneficios<\/span>\n\t\t<\/a>\n\t\t<div id=\"accordion-372713549-content\" class=\"accordion-inner\" aria-labelledby=\"accordion-372713549-label\" >\n\t\t\t\n\t<div id=\"text-1165764386\" class=\"text\">\n\t\t\n<ul>\n<li><strong>Liberaci\u00f3n Sostenida de Amino\u00e1cidos<\/strong>: Proporciona nutrientes a los m\u00fasculos durante hasta 7 horas.<\/li>\n<li><strong>Alto Contenido en L-Glutamina y BCAA<\/strong>: Amino\u00e1cidos esenciales para la recuperaci\u00f3n muscular.<\/li>\n<li><strong>Prote\u00edna de Absorci\u00f3n Gradual<\/strong>: Ideal para tomar antes del descanso nocturno.<\/li>\n<li><strong>Ratio Natural 80:20<\/strong>: Case\u00edna micelar y suero en proporci\u00f3n natural de la leche.<\/li>\n<li><strong>Sin Aspartamo<\/strong>: Endulzado con alternativas m\u00e1s saludables.<\/li>\n<li><strong>Fracciones Proteicas de Alta Calidad<\/strong>: Contiene Beta-lactoglobulina, Alfa-lactalb\u00famina, Glicomacrop\u00e9ptidos e Inmunoglobulinas.<\/li>\n<\/ul>\n\t\t\n<style>\n#text-1165764386 {\n  font-size: 0.9rem;\n  line-height: 1.5;\n}\n<\/style>\n\t<\/div>\n\t\n\t\t<\/div>\n\t<\/div>\n\t\n\t<div id=\"accordion-3372760015\" class=\"accordion-item\">\n\t\t<a id=\"accordion-3372760015-label\" class=\"accordion-title plain\" href=\"#accordion-item-informaci\u00f3n-nutricional\" aria-expanded=\"false\" aria-controls=\"accordion-3372760015-content\" >\n\t\t\t<button class=\"toggle\" aria-label=\"Toggle\"><i class=\"icon-angle-down\"><\/i><\/button>\n\t\t\t<span>Informaci\u00f3n Nutricional<\/span>\n\t\t<\/a>\n\t\t<div id=\"accordion-3372760015-content\" class=\"accordion-inner\" aria-labelledby=\"accordion-3372760015-label\" >\n\t\t\t\n\t<div class=\"img has-hover x md-x lg-x y md-y lg-y\" id=\"image_1708001791\">\n\t\t\t\t\t\t\t\t<div class=\"img-inner dark\" >\n\t\t\t<img loading=\"lazy\" decoding=\"async\" width=\"1582\" height=\"467\" src=\"https:\/\/eqgymcu.com\/wp-content\/uploads\/2025\/07\/micellarcaseintabla1.png\" class=\"attachment-original size-original\" alt=\"\" srcset=\"https:\/\/eqgymcu.com\/wp-content\/uploads\/2025\/07\/micellarcaseintabla1.png 1582w, https:\/\/eqgymcu.com\/wp-content\/uploads\/2025\/07\/micellarcaseintabla1-300x89.png 300w, https:\/\/eqgymcu.com\/wp-content\/uploads\/2025\/07\/micellarcaseintabla1-1024x302.png 1024w, https:\/\/eqgymcu.com\/wp-content\/uploads\/2025\/07\/micellarcaseintabla1-768x227.png 768w, https:\/\/eqgymcu.com\/wp-content\/uploads\/2025\/07\/micellarcaseintabla1-1536x453.png 1536w, https:\/\/eqgymcu.com\/wp-content\/uploads\/2025\/07\/micellarcaseintabla1-18x5.png 18w, https:\/\/eqgymcu.com\/wp-content\/uploads\/2025\/07\/micellarcaseintabla1-500x148.png 500w\" sizes=\"auto, (max-width: 1582px) 100vw, 1582px\" \/>\t\t\t\t\t\t\n\t\t\t\t\t<\/div>\n\t\t\t\t\t\t\t\t\n<style>\n#image_1708001791 {\n  width: 100%;\n}\n<\/style>\n\t<\/div>\n\t\n\t<div class=\"img has-hover x md-x lg-x y md-y lg-y\" id=\"image_2031181186\">\n\t\t\t\t\t\t\t\t<div class=\"img-inner dark\" style=\"margin:15px 0px 0px 0px;\">\n\t\t\t<img loading=\"lazy\" decoding=\"async\" width=\"1580\" height=\"430\" src=\"https:\/\/eqgymcu.com\/wp-content\/uploads\/2025\/07\/micellarcaseintabla2.png\" class=\"attachment-original size-original\" alt=\"\" srcset=\"https:\/\/eqgymcu.com\/wp-content\/uploads\/2025\/07\/micellarcaseintabla2.png 1580w, https:\/\/eqgymcu.com\/wp-content\/uploads\/2025\/07\/micellarcaseintabla2-300x82.png 300w, https:\/\/eqgymcu.com\/wp-content\/uploads\/2025\/07\/micellarcaseintabla2-1024x279.png 1024w, https:\/\/eqgymcu.com\/wp-content\/uploads\/2025\/07\/micellarcaseintabla2-768x209.png 768w, https:\/\/eqgymcu.com\/wp-content\/uploads\/2025\/07\/micellarcaseintabla2-1536x418.png 1536w, https:\/\/eqgymcu.com\/wp-content\/uploads\/2025\/07\/micellarcaseintabla2-18x5.png 18w, https:\/\/eqgymcu.com\/wp-content\/uploads\/2025\/07\/micellarcaseintabla2-500x136.png 500w\" sizes=\"auto, (max-width: 1580px) 100vw, 1580px\" \/>\t\t\t\t\t\t\n\t\t\t\t\t<\/div>\n\t\t\t\t\t\t\t\t\n<style>\n#image_2031181186 {\n  width: 100%;\n}\n<\/style>\n\t<\/div>\n\t\n\t\t<\/div>\n\t<\/div>\n\t\n\t<div id=\"accordion-159298313\" class=\"accordion-item\">\n\t\t<a id=\"accordion-159298313-label\" class=\"accordion-title plain\" href=\"#accordion-item-precauciones\" aria-expanded=\"false\" aria-controls=\"accordion-159298313-content\" >\n\t\t\t<button class=\"toggle\" aria-label=\"Toggle\"><i class=\"icon-angle-down\"><\/i><\/button>\n\t\t\t<span>Precauciones<\/span>\n\t\t<\/a>\n\t\t<div id=\"accordion-159298313-content\" class=\"accordion-inner\" aria-labelledby=\"accordion-159298313-label\" >\n\t\t\t\n\t<div id=\"text-3636084554\" class=\"text\">\n\t\t\n<p><strong>Advertencia de Al\u00e9rgenos<\/strong>: Puede contener trazas de huevo, gluten, pescado, frutos secos, cacahuetes y mariscos (crust\u00e1ceos y moluscos).<\/p>\n<p>No recomendado para mujeres embarazadas o en per\u00edodo de lactancia. El producto no est\u00e1 dise\u00f1ado para ni\u00f1os. Mantener fuera del alcance de los m\u00e1s peque\u00f1os. No superar la dosis diaria recomendada. Los complementos alimenticios no deben utilizarse como sustituto de una dieta variada y equilibrada.<\/p>\n<p>Se recomienda consultar con un profesional de la salud antes de consumir este complemento alimenticio. Conservar en un lugar fresco y seco (por debajo de 25\u00b0C), alejado de la luz solar.<br \/>\n\t\t\n<style>\n#text-3636084554 {\n  font-size: 0.9rem;\n  line-height: 1.5;\n}\n<\/style>\n\t<\/div>\n\t\n\t\t<\/div>\n\t<\/div>\n\t\n<\/div>","protected":false},"excerpt":{"rendered":"<p><strong><em><span style=\"color: #50b848;\">\u2713<\/span><\/em> Prote\u00edna de Liberaci\u00f3n Sostenida<\/strong>: La case\u00edna micelar libera amino\u00e1cidos de forma gradual en el torrente sangu\u00edneo durante hasta 7 horas.<br \/>\n<strong><em><span style=\"color: #50b848;\">\u2713<\/span><\/em> Ratio 80:20 Case\u00edna\/Suero<\/strong>: Contiene case\u00edna micelar y prote\u00edna de suero en la proporci\u00f3n natural de la leche desnatada para una absorci\u00f3n equilibrada.<br \/>\n<strong><em><span style=\"color: #50b848;\">\u2713<\/span><\/em> Ideal para la Noche<\/strong>: Es la opci\u00f3n perfecta para tomar antes de dormir, ya que alimenta los m\u00fasculos con prote\u00edna de forma constante durante toda la noche.<br \/>\n<strong><em><span style=\"color: #50b848;\">\u2713<\/span><\/em> Concentrado de Prote\u00edna de Leche<\/strong>: Obtenido mediante un proceso de ultrafiltraci\u00f3n que preserva la estructura nativa de la prote\u00edna para una mejor asimilaci\u00f3n.<\/p>","protected":false},"featured_media":584,"comment_status":"open","ping_status":"closed","template":"","meta":[],"product_brand":[],"product_cat":[36],"product_tag":[],"class_list":{"0":"post-500","1":"product","2":"type-product","3":"status-publish","4":"has-post-thumbnail","6":"product_cat-suplementos","7":"pa_sabor-chocolate","8":"pa_sabor-fresa","10":"first","11":"instock","12":"shipping-taxable","13":"purchasable","14":"product-type-variable","15":"has-default-attributes"},"_links":{"self":[{"href":"https:\/\/eqgymcu.com\/en\/wp-json\/wp\/v2\/product\/500","targetHints":{"allow":["GET"]}}],"collection":[{"href":"https:\/\/eqgymcu.com\/en\/wp-json\/wp\/v2\/product"}],"about":[{"href":"https:\/\/eqgymcu.com\/en\/wp-json\/wp\/v2\/types\/product"}],"replies":[{"embeddable":true,"href":"https:\/\/eqgymcu.com\/en\/wp-json\/wp\/v2\/comments?post=500"}],"wp:featuredmedia":[{"embeddable":true,"href":"https:\/\/eqgymcu.com\/en\/wp-json\/wp\/v2\/media\/584"}],"wp:attachment":[{"href":"https:\/\/eqgymcu.com\/en\/wp-json\/wp\/v2\/media?parent=500"}],"wp:term":[{"taxonomy":"product_brand","embeddable":true,"href":"https:\/\/eqgymcu.com\/en\/wp-json\/wp\/v2\/product_brand?post=500"},{"taxonomy":"product_cat","embeddable":true,"href":"https:\/\/eqgymcu.com\/en\/wp-json\/wp\/v2\/product_cat?post=500"},{"taxonomy":"product_tag","embeddable":true,"href":"https:\/\/eqgymcu.com\/en\/wp-json\/wp\/v2\/product_tag?post=500"}],"curies":[{"name":"wp","href":"https:\/\/api.w.org\/{rel}","templated":true}]}}