{"id":503,"date":"2025-07-03T05:58:41","date_gmt":"2025-07-03T05:58:41","guid":{"rendered":"https:\/\/eqgymcu.com\/?post_type=product&#038;p=503"},"modified":"2025-09-13T17:41:11","modified_gmt":"2025-09-13T17:41:11","slug":"night-pro-elite-1000g","status":"publish","type":"product","link":"https:\/\/eqgymcu.com\/en\/product\/night-pro-elite-1000g\/","title":{"rendered":"Night Pro Elite"},"content":{"rendered":"<div class=\"accordion\">\n\t<div id=\"accordion-1153862714\" class=\"accordion-item\">\n\t\t<a id=\"accordion-1153862714-label\" class=\"accordion-title plain\" href=\"#accordion-item-descripci\u00f3n-general-del-producto\" aria-expanded=\"false\" aria-controls=\"accordion-1153862714-content\" >\n\t\t\t<button class=\"toggle\" aria-label=\"Toggle\"><i class=\"icon-angle-down\"><\/i><\/button>\n\t\t\t<span>Descripci\u00f3n General del Producto<\/span>\n\t\t<\/a>\n\t\t<div id=\"accordion-1153862714-content\" class=\"accordion-inner\" aria-labelledby=\"accordion-1153862714-label\" >\n\t\t\t\n\t<div id=\"text-932121372\" class=\"text\">\n\t\t\n<p><strong>NightPro Elite Protein<\/strong> de <strong>Amix\u2122<\/strong> es un suplemento alimenticio con edulcorantes y aromas, formulado espec\u00edficamente para proporcionar un suministro continuo de prote\u00edna de alta calidad durante toda la noche. Esta f\u00f3rmula \u00fanica combina m\u00faltiples fuentes proteicas de liberaci\u00f3n prolongada con matrices especializadas para optimizar la recuperaci\u00f3n muscular y la s\u00edntesis de prote\u00edna durante el descanso nocturno.<\/p>\n<p>Con un perfil de sabor cremoso y excelente solubilidad, est\u00e1 especialmente recomendado para culturistas y atletas de fuerza que requieren una nutrici\u00f3n constante 24\/7. Contribuye al crecimiento y mantenimiento de la masa muscular.<\/p>\n<p><strong>NightPro Elite Protein<\/strong> ya est\u00e1 en Cuba. Distribuido por <strong>EQGYM<\/strong>.<br \/>\n\t\t\n<style>\n#text-932121372 {\n  font-size: 0.9rem;\n  line-height: 1.5;\n}\n<\/style>\n\t<\/div>\n\t\n\t\t<\/div>\n\t<\/div>\n\t\n\t<div id=\"accordion-1084285693\" class=\"accordion-item\">\n\t\t<a id=\"accordion-1084285693-label\" class=\"accordion-title plain\" href=\"#accordion-item-beneficios\" aria-expanded=\"false\" aria-controls=\"accordion-1084285693-content\" >\n\t\t\t<button class=\"toggle\" aria-label=\"Toggle\"><i class=\"icon-angle-down\"><\/i><\/button>\n\t\t\t<span>Beneficios<\/span>\n\t\t<\/a>\n\t\t<div id=\"accordion-1084285693-content\" class=\"accordion-inner\" aria-labelledby=\"accordion-1084285693-label\" >\n\t\t\t\n\t<div id=\"text-202363499\" class=\"text\">\n\t\t\n<ul>\n<li><strong>Suministro Proteico Nocturno<\/strong>: Proporciona amino\u00e1cidos de forma constante durante 7-8 horas de sue\u00f1o<\/li>\n<li><strong>Complejo Proteico Multi-fuente<\/strong>: Combina 6 fuentes proteicas de diferente velocidad de absorci\u00f3n<\/li>\n<li><strong>Enriquecido con DigeZyme\u00ae<\/strong>: Mejora la digesti\u00f3n y absorci\u00f3n de nutrientes<\/li>\n<li><strong>Sin Aspartamo<\/strong>: Endulzado con alternativas m\u00e1s saludables<\/li>\n<li><strong>Matrices Especializadas<\/strong>: Incluye complejos para recuperaci\u00f3n y est\u00edmulo hormonal natural<\/li>\n<li><strong>Sabor Cremoso<\/strong>: F\u00e1cil disoluci\u00f3n y agradable textura<\/li>\n<\/ul>\n\t\t\n<style>\n#text-202363499 {\n  font-size: 0.9rem;\n  line-height: 1.5;\n}\n<\/style>\n\t<\/div>\n\t\n\t\t<\/div>\n\t<\/div>\n\t\n\t<div id=\"accordion-3845625254\" class=\"accordion-item\">\n\t\t<a id=\"accordion-3845625254-label\" class=\"accordion-title plain\" href=\"#accordion-item-informaci\u00f3n-nutricional\" aria-expanded=\"false\" aria-controls=\"accordion-3845625254-content\" >\n\t\t\t<button class=\"toggle\" aria-label=\"Toggle\"><i class=\"icon-angle-down\"><\/i><\/button>\n\t\t\t<span>Informaci\u00f3n Nutricional<\/span>\n\t\t<\/a>\n\t\t<div id=\"accordion-3845625254-content\" class=\"accordion-inner\" aria-labelledby=\"accordion-3845625254-label\" >\n\t\t\t\n\t<div class=\"img has-hover x md-x lg-x y md-y lg-y\" id=\"image_2001416810\">\n\t\t\t\t\t\t\t\t<div class=\"img-inner dark\" >\n\t\t\t<img loading=\"lazy\" decoding=\"async\" width=\"1578\" height=\"383\" src=\"https:\/\/eqgymcu.com\/wp-content\/uploads\/2025\/07\/nightpro1.png\" class=\"attachment-original size-original\" alt=\"\" srcset=\"https:\/\/eqgymcu.com\/wp-content\/uploads\/2025\/07\/nightpro1.png 1578w, https:\/\/eqgymcu.com\/wp-content\/uploads\/2025\/07\/nightpro1-300x73.png 300w, https:\/\/eqgymcu.com\/wp-content\/uploads\/2025\/07\/nightpro1-1024x249.png 1024w, https:\/\/eqgymcu.com\/wp-content\/uploads\/2025\/07\/nightpro1-768x186.png 768w, https:\/\/eqgymcu.com\/wp-content\/uploads\/2025\/07\/nightpro1-1536x373.png 1536w, https:\/\/eqgymcu.com\/wp-content\/uploads\/2025\/07\/nightpro1-18x4.png 18w, https:\/\/eqgymcu.com\/wp-content\/uploads\/2025\/07\/nightpro1-500x121.png 500w\" sizes=\"auto, (max-width: 1578px) 100vw, 1578px\" \/>\t\t\t\t\t\t\n\t\t\t\t\t<\/div>\n\t\t\t\t\t\t\t\t\n<style>\n#image_2001416810 {\n  width: 100%;\n}\n<\/style>\n\t<\/div>\n\t\n\t<div class=\"img has-hover x md-x lg-x y md-y lg-y\" id=\"image_587946690\">\n\t\t\t\t\t\t\t\t<div class=\"img-inner dark\" >\n\t\t\t<img loading=\"lazy\" decoding=\"async\" width=\"1575\" height=\"386\" src=\"https:\/\/eqgymcu.com\/wp-content\/uploads\/2025\/07\/nightpro2.png\" class=\"attachment-original size-original\" alt=\"\" srcset=\"https:\/\/eqgymcu.com\/wp-content\/uploads\/2025\/07\/nightpro2.png 1575w, https:\/\/eqgymcu.com\/wp-content\/uploads\/2025\/07\/nightpro2-300x74.png 300w, https:\/\/eqgymcu.com\/wp-content\/uploads\/2025\/07\/nightpro2-1024x251.png 1024w, https:\/\/eqgymcu.com\/wp-content\/uploads\/2025\/07\/nightpro2-768x188.png 768w, https:\/\/eqgymcu.com\/wp-content\/uploads\/2025\/07\/nightpro2-1536x376.png 1536w, https:\/\/eqgymcu.com\/wp-content\/uploads\/2025\/07\/nightpro2-18x4.png 18w, https:\/\/eqgymcu.com\/wp-content\/uploads\/2025\/07\/nightpro2-500x123.png 500w\" sizes=\"auto, (max-width: 1575px) 100vw, 1575px\" \/>\t\t\t\t\t\t\n\t\t\t\t\t<\/div>\n\t\t\t\t\t\t\t\t\n<style>\n#image_587946690 {\n  width: 100%;\n}\n<\/style>\n\t<\/div>\n\t\n\t<div class=\"img has-hover x md-x lg-x y md-y lg-y\" id=\"image_669608132\">\n\t\t\t\t\t\t\t\t<div class=\"img-inner dark\" style=\"margin:15px 0px 0px 0px;\">\n\t\t\t<img loading=\"lazy\" decoding=\"async\" width=\"1580\" height=\"395\" src=\"https:\/\/eqgymcu.com\/wp-content\/uploads\/2025\/07\/nightpro3.png\" class=\"attachment-original size-original\" alt=\"\" srcset=\"https:\/\/eqgymcu.com\/wp-content\/uploads\/2025\/07\/nightpro3.png 1580w, https:\/\/eqgymcu.com\/wp-content\/uploads\/2025\/07\/nightpro3-300x75.png 300w, https:\/\/eqgymcu.com\/wp-content\/uploads\/2025\/07\/nightpro3-1024x256.png 1024w, https:\/\/eqgymcu.com\/wp-content\/uploads\/2025\/07\/nightpro3-768x192.png 768w, https:\/\/eqgymcu.com\/wp-content\/uploads\/2025\/07\/nightpro3-1536x384.png 1536w, https:\/\/eqgymcu.com\/wp-content\/uploads\/2025\/07\/nightpro3-18x5.png 18w, https:\/\/eqgymcu.com\/wp-content\/uploads\/2025\/07\/nightpro3-500x125.png 500w\" sizes=\"auto, (max-width: 1580px) 100vw, 1580px\" \/>\t\t\t\t\t\t\n\t\t\t\t\t<\/div>\n\t\t\t\t\t\t\t\t\n<style>\n#image_669608132 {\n  width: 100%;\n}\n<\/style>\n\t<\/div>\n\t\n\t\t<\/div>\n\t<\/div>\n\t\n\t<div id=\"accordion-3717272262\" class=\"accordion-item\">\n\t\t<a id=\"accordion-3717272262-label\" class=\"accordion-title plain\" href=\"#accordion-item-precauciones\" aria-expanded=\"false\" aria-controls=\"accordion-3717272262-content\" >\n\t\t\t<button class=\"toggle\" aria-label=\"Toggle\"><i class=\"icon-angle-down\"><\/i><\/button>\n\t\t\t<span>Precauciones<\/span>\n\t\t<\/a>\n\t\t<div id=\"accordion-3717272262-content\" class=\"accordion-inner\" aria-labelledby=\"accordion-3717272262-label\" >\n\t\t\t\n\t<div id=\"text-3323282418\" class=\"text\">\n\t\t\n<p><strong>Advertencia de Al\u00e9rgenos<\/strong>: Contiene derivados de leche, huevo y carne. Puede contener trazas de gluten, soja, frutos secos y cacahuetes.<\/p>\n<p>No recomendado para mujeres embarazadas o en per\u00edodo de lactancia. El producto no est\u00e1 dise\u00f1ado para menores de 18 a\u00f1os. Mantener fuera del alcance de los ni\u00f1os. No superar la dosis diaria recomendada.<\/p>\n<p>Los complementos alimenticios no deben utilizarse como sustituto de una dieta variada y equilibrada. Conservar en lugar fresco y seco (por debajo de 25\u00b0C).<br \/>\n\t\t\n<style>\n#text-3323282418 {\n  font-size: 0.9rem;\n  line-height: 1.5;\n}\n<\/style>\n\t<\/div>\n\t\n\t\t<\/div>\n\t<\/div>\n\t\n<\/div>","protected":false},"excerpt":{"rendered":"<p><strong><em><span style=\"color: #50b848;\">\u2713<\/span><\/em> NightPro Elite Protein<\/strong>: F\u00f3rmula \u00fanica dise\u00f1ada para alimentar el tejido muscular con prote\u00edna de alta calidad durante toda la noche.<br \/>\n<strong><em><span style=\"color: #50b848;\">\u2713<\/span><\/em> Sabor Cremoso y F\u00e1cil Digesti\u00f3n<\/strong>: Textura cremosa, f\u00e1cil disoluci\u00f3n y alta digestibilidad para una experiencia \u00f3ptima.<br \/>\n<strong><em><span style=\"color: #50b848;\">\u2713<\/span><\/em> Nutrici\u00f3n 24\/7 para Atletas<\/strong>: Recomendado especialmente para culturistas y atletas de fuerza que requieren suministro constante de nutrientes.<br \/>\n<strong><em><span style=\"color: #50b848;\">\u2713<\/span><\/em> Liberaci\u00f3n Sostenida<\/strong>: Proporciona amino\u00e1cidos de forma gradual y continua durante el periodo de descanso nocturno.<\/p>","protected":false},"featured_media":583,"comment_status":"open","ping_status":"closed","template":"","meta":[],"product_brand":[37],"product_cat":[36],"product_tag":[],"class_list":{"0":"post-503","1":"product","2":"type-product","3":"status-publish","4":"has-post-thumbnail","6":"product_brand-amix","7":"product_cat-suplementos","8":"pa_sabor-chocolate","9":"pa_sabor-fresa","11":"first","12":"onbackorder","13":"shipping-taxable","14":"purchasable","15":"product-type-variable","16":"has-default-attributes"},"_links":{"self":[{"href":"https:\/\/eqgymcu.com\/en\/wp-json\/wp\/v2\/product\/503","targetHints":{"allow":["GET"]}}],"collection":[{"href":"https:\/\/eqgymcu.com\/en\/wp-json\/wp\/v2\/product"}],"about":[{"href":"https:\/\/eqgymcu.com\/en\/wp-json\/wp\/v2\/types\/product"}],"replies":[{"embeddable":true,"href":"https:\/\/eqgymcu.com\/en\/wp-json\/wp\/v2\/comments?post=503"}],"wp:featuredmedia":[{"embeddable":true,"href":"https:\/\/eqgymcu.com\/en\/wp-json\/wp\/v2\/media\/583"}],"wp:attachment":[{"href":"https:\/\/eqgymcu.com\/en\/wp-json\/wp\/v2\/media?parent=503"}],"wp:term":[{"taxonomy":"product_brand","embeddable":true,"href":"https:\/\/eqgymcu.com\/en\/wp-json\/wp\/v2\/product_brand?post=503"},{"taxonomy":"product_cat","embeddable":true,"href":"https:\/\/eqgymcu.com\/en\/wp-json\/wp\/v2\/product_cat?post=503"},{"taxonomy":"product_tag","embeddable":true,"href":"https:\/\/eqgymcu.com\/en\/wp-json\/wp\/v2\/product_tag?post=503"}],"curies":[{"name":"wp","href":"https:\/\/api.w.org\/{rel}","templated":true}]}}