{"id":506,"date":"2025-07-03T05:59:47","date_gmt":"2025-07-03T05:59:47","guid":{"rendered":"https:\/\/eqgymcu.com\/?post_type=product&#038;p=506"},"modified":"2025-09-14T16:31:47","modified_gmt":"2025-09-14T16:31:47","slug":"monster-beef-1000g","status":"publish","type":"product","link":"https:\/\/eqgymcu.com\/en\/product\/monster-beef-1000g\/","title":{"rendered":"Monster Beef"},"content":{"rendered":"<div class=\"accordion\">\n\t<div id=\"accordion-3772340578\" class=\"accordion-item\">\n\t\t<a id=\"accordion-3772340578-label\" class=\"accordion-title plain\" href=\"#accordion-item-descripci\u00f3n-general-del-producto\" aria-expanded=\"false\" aria-controls=\"accordion-3772340578-content\" >\n\t\t\t<button class=\"toggle\" aria-label=\"Toggle\"><i class=\"icon-angle-down\"><\/i><\/button>\n\t\t\t<span>Descripci\u00f3n General del Producto<\/span>\n\t\t<\/a>\n\t\t<div id=\"accordion-3772340578-content\" class=\"accordion-inner\" aria-labelledby=\"accordion-3772340578-label\" >\n\t\t\t\n\t<div id=\"text-2916443612\" class=\"text\">\n\t\t\n<p><strong>Anabolic Monster Beef Protein<\/strong> de <strong>Amix\u2122<\/strong> es un suplemento alimenticio con edulcorantes y aromas, formulado con un <strong>90% de Alb\u00famina de Res hidrolizada enzim\u00e1ticamente<\/strong> (predigerida) para una absorci\u00f3n y biodisponibilidad m\u00e1xima. Este producto de prote\u00edna bovina de alta calidad est\u00e1 enriquecido con <strong>Creatina Monohidrato<\/strong> y contiene <strong>Nitro Shot Complex<\/strong> para optimizar el suministro de nutrientes a los m\u00fasculos.<\/p>\n<p>Con <strong>PhosphoMatrix<\/strong> que aporta minerales esenciales, esta f\u00f3rmula ofrece una solubilidad perfecta, es baja en grasa y sin az\u00facares a\u00f1adidos. Ideal para atletas que buscan una fuente proteica alternativa de la m\u00e1s alta calidad.<\/p>\n<p><strong>Anabolic Monster Beef Protein<\/strong> ya est\u00e1 en Cuba. Distribuido por <strong>EQGYM<\/strong>.<br \/>\n\t\t\n<style>\n#text-2916443612 {\n  font-size: 0.9rem;\n  line-height: 1.5;\n}\n<\/style>\n\t<\/div>\n\t\n\t\t<\/div>\n\t<\/div>\n\t\n\t<div id=\"accordion-1745979538\" class=\"accordion-item\">\n\t\t<a id=\"accordion-1745979538-label\" class=\"accordion-title plain\" href=\"#accordion-item-beneficios\" aria-expanded=\"false\" aria-controls=\"accordion-1745979538-content\" >\n\t\t\t<button class=\"toggle\" aria-label=\"Toggle\"><i class=\"icon-angle-down\"><\/i><\/button>\n\t\t\t<span>Beneficios<\/span>\n\t\t<\/a>\n\t\t<div id=\"accordion-1745979538-content\" class=\"accordion-inner\" aria-labelledby=\"accordion-1745979538-label\" >\n\t\t\t\n\t<div id=\"text-1894091019\" class=\"text\">\n\t\t\n<ul>\n<li><strong>Prote\u00edna Bovina Hidrolizada 90%<\/strong>: Predigerida enzim\u00e1ticamente para m\u00e1xima absorci\u00f3n<\/li>\n<li><strong>Enriquecido con Creatina Monohidrato<\/strong>: Mejora el rendimiento y la fuerza muscular<\/li>\n<li><strong>Nitro Shot Complex<\/strong>: Optimiza el transporte y suministro de nutrientes<\/li>\n<li><strong>Solubilidad Perfecta<\/strong>: Se mezcla instant\u00e1neamente sin grumos<\/li>\n<li><strong>Bajo en Grasas y Sin Az\u00facares<\/strong>: Ideal para definici\u00f3n muscular<\/li>\n<li><strong>PhosphoMatrix<\/strong>: Aporta minerales esenciales para el metabolismo energ\u00e9tico<\/li>\n<\/ul>\n\t\t\n<style>\n#text-1894091019 {\n  font-size: 0.9rem;\n  line-height: 1.5;\n}\n<\/style>\n\t<\/div>\n\t\n\t\t<\/div>\n\t<\/div>\n\t\n\t<div id=\"accordion-260516315\" class=\"accordion-item\">\n\t\t<a id=\"accordion-260516315-label\" class=\"accordion-title plain\" href=\"#accordion-item-informaci\u00f3n-nutricional\" aria-expanded=\"false\" aria-controls=\"accordion-260516315-content\" >\n\t\t\t<button class=\"toggle\" aria-label=\"Toggle\"><i class=\"icon-angle-down\"><\/i><\/button>\n\t\t\t<span>Informaci\u00f3n Nutricional<\/span>\n\t\t<\/a>\n\t\t<div id=\"accordion-260516315-content\" class=\"accordion-inner\" aria-labelledby=\"accordion-260516315-label\" >\n\t\t\t\n\t<div class=\"img has-hover x md-x lg-x y md-y lg-y\" id=\"image_596567001\">\n\t\t\t\t\t\t\t\t<div class=\"img-inner dark\" >\n\t\t\t<img loading=\"lazy\" decoding=\"async\" width=\"1577\" height=\"457\" src=\"https:\/\/eqgymcu.com\/wp-content\/uploads\/2025\/07\/monsterbeef1.png\" class=\"attachment-original size-original\" alt=\"\" srcset=\"https:\/\/eqgymcu.com\/wp-content\/uploads\/2025\/07\/monsterbeef1.png 1577w, https:\/\/eqgymcu.com\/wp-content\/uploads\/2025\/07\/monsterbeef1-300x87.png 300w, https:\/\/eqgymcu.com\/wp-content\/uploads\/2025\/07\/monsterbeef1-1024x297.png 1024w, https:\/\/eqgymcu.com\/wp-content\/uploads\/2025\/07\/monsterbeef1-768x223.png 768w, https:\/\/eqgymcu.com\/wp-content\/uploads\/2025\/07\/monsterbeef1-1536x445.png 1536w, https:\/\/eqgymcu.com\/wp-content\/uploads\/2025\/07\/monsterbeef1-18x5.png 18w, https:\/\/eqgymcu.com\/wp-content\/uploads\/2025\/07\/monsterbeef1-500x145.png 500w\" sizes=\"auto, (max-width: 1577px) 100vw, 1577px\" \/>\t\t\t\t\t\t\n\t\t\t\t\t<\/div>\n\t\t\t\t\t\t\t\t\n<style>\n#image_596567001 {\n  width: 100%;\n}\n<\/style>\n\t<\/div>\n\t\n\t<div class=\"img has-hover x md-x lg-x y md-y lg-y\" id=\"image_1868291203\">\n\t\t\t\t\t\t\t\t<div class=\"img-inner dark\" >\n\t\t\t<img loading=\"lazy\" decoding=\"async\" width=\"1582\" height=\"243\" src=\"https:\/\/eqgymcu.com\/wp-content\/uploads\/2025\/07\/monsterbeef2.png\" class=\"attachment-original size-original\" alt=\"\" srcset=\"https:\/\/eqgymcu.com\/wp-content\/uploads\/2025\/07\/monsterbeef2.png 1582w, https:\/\/eqgymcu.com\/wp-content\/uploads\/2025\/07\/monsterbeef2-300x46.png 300w, https:\/\/eqgymcu.com\/wp-content\/uploads\/2025\/07\/monsterbeef2-1024x157.png 1024w, https:\/\/eqgymcu.com\/wp-content\/uploads\/2025\/07\/monsterbeef2-768x118.png 768w, https:\/\/eqgymcu.com\/wp-content\/uploads\/2025\/07\/monsterbeef2-1536x236.png 1536w, https:\/\/eqgymcu.com\/wp-content\/uploads\/2025\/07\/monsterbeef2-18x3.png 18w, https:\/\/eqgymcu.com\/wp-content\/uploads\/2025\/07\/monsterbeef2-500x77.png 500w\" sizes=\"auto, (max-width: 1582px) 100vw, 1582px\" \/>\t\t\t\t\t\t\n\t\t\t\t\t<\/div>\n\t\t\t\t\t\t\t\t\n<style>\n#image_1868291203 {\n  width: 100%;\n}\n<\/style>\n\t<\/div>\n\t\n\t<div class=\"img has-hover x md-x lg-x y md-y lg-y\" id=\"image_766302555\">\n\t\t\t\t\t\t\t\t<div class=\"img-inner dark\" style=\"margin:15px 0px 0px 0px;\">\n\t\t\t<img loading=\"lazy\" decoding=\"async\" width=\"1580\" height=\"428\" src=\"https:\/\/eqgymcu.com\/wp-content\/uploads\/2025\/07\/monsterbeef3.png\" class=\"attachment-original size-original\" alt=\"\" srcset=\"https:\/\/eqgymcu.com\/wp-content\/uploads\/2025\/07\/monsterbeef3.png 1580w, https:\/\/eqgymcu.com\/wp-content\/uploads\/2025\/07\/monsterbeef3-300x81.png 300w, https:\/\/eqgymcu.com\/wp-content\/uploads\/2025\/07\/monsterbeef3-1024x277.png 1024w, https:\/\/eqgymcu.com\/wp-content\/uploads\/2025\/07\/monsterbeef3-768x208.png 768w, https:\/\/eqgymcu.com\/wp-content\/uploads\/2025\/07\/monsterbeef3-1536x416.png 1536w, https:\/\/eqgymcu.com\/wp-content\/uploads\/2025\/07\/monsterbeef3-18x5.png 18w, https:\/\/eqgymcu.com\/wp-content\/uploads\/2025\/07\/monsterbeef3-500x135.png 500w\" sizes=\"auto, (max-width: 1580px) 100vw, 1580px\" \/>\t\t\t\t\t\t\n\t\t\t\t\t<\/div>\n\t\t\t\t\t\t\t\t\n<style>\n#image_766302555 {\n  width: 100%;\n}\n<\/style>\n\t<\/div>\n\t\n\t\t<\/div>\n\t<\/div>\n\t\n\t<div id=\"accordion-2061623384\" class=\"accordion-item\">\n\t\t<a id=\"accordion-2061623384-label\" class=\"accordion-title plain\" href=\"#accordion-item-precauciones\" aria-expanded=\"false\" aria-controls=\"accordion-2061623384-content\" >\n\t\t\t<button class=\"toggle\" aria-label=\"Toggle\"><i class=\"icon-angle-down\"><\/i><\/button>\n\t\t\t<span>Precauciones<\/span>\n\t\t<\/a>\n\t\t<div id=\"accordion-2061623384-content\" class=\"accordion-inner\" aria-labelledby=\"accordion-2061623384-label\" >\n\t\t\t\n\t<div id=\"text-3618255720\" class=\"text\">\n\t\t\n<p><strong>Advertencia de Al\u00e9rgenos<\/strong>: Puede contener trazas de leche, huevo, gluten, pescado, frutos secos, cacahuetes y mariscos.<\/p>\n<p>No recomendado para mujeres embarazadas o en per\u00edodo de lactancia. El producto no est\u00e1 dise\u00f1ado para menores de 18 a\u00f1os. Mantener fuera del alcance de los ni\u00f1os. No superar la dosis diaria recomendada.<\/p>\n<p>Se recomienda consultar con un profesional de la salud antes de consumir este complemento alimenticio. Los complementos alimenticios no deben utilizarse como sustituto de una dieta variada y equilibrada.<\/p>\n<p>Conservar en lugar fresco y seco (por debajo de 25\u00b0C), alejado de la luz solar.<br \/>\n\t\t\n<style>\n#text-3618255720 {\n  font-size: 0.9rem;\n  line-height: 1.5;\n}\n<\/style>\n\t<\/div>\n\t\n\t\t<\/div>\n\t<\/div>\n\t\n<\/div>","protected":false},"excerpt":{"rendered":"<p><em><strong><span style=\"color: #50b848;\">\u2713<\/span><\/strong><\/em> <strong>Prote\u00edna de Alb\u00famina de Res Hidrolizada 90%<\/strong>: Enzim\u00e1ticamente predigerida para m\u00e1xima absorci\u00f3n y biodisponibilidad.<br \/>\n<strong><em><span style=\"color: #50b848;\">\u2713<\/span><\/em> Enriquecido con Creatina Monohidrato<\/strong>: A\u00f1ade poder energ\u00e9tico y apoyo adicional para el rendimiento deportivo.<br \/>\n<strong><em><span style=\"color: #50b848;\">\u2713<\/span><\/em> Complejo Nitro Shot<\/strong>: Mejora el suministro de nutrientes a los m\u00fasculos para una recuperaci\u00f3n m\u00e1s eficaz.<br \/>\n<strong><em><span style=\"color: #50b848;\">\u2713<\/span><\/em> Alta Solubilidad y Bajo en Grasas<\/strong>: F\u00e1cil de mezclar y ideal para programas de nutrici\u00f3n estrictos.<\/p>","protected":false},"featured_media":582,"comment_status":"open","ping_status":"closed","template":"","meta":[],"product_brand":[37],"product_cat":[36],"product_tag":[],"class_list":{"0":"post-506","1":"product","2":"type-product","3":"status-publish","4":"has-post-thumbnail","6":"product_brand-amix","7":"product_cat-suplementos","8":"pa_sabor-chocolate","9":"pa_sabor-fresa-platano","10":"pa_sabor-frutos-del-bosque","12":"first","13":"onbackorder","14":"shipping-taxable","15":"purchasable","16":"product-type-variable","17":"has-default-attributes"},"_links":{"self":[{"href":"https:\/\/eqgymcu.com\/en\/wp-json\/wp\/v2\/product\/506","targetHints":{"allow":["GET"]}}],"collection":[{"href":"https:\/\/eqgymcu.com\/en\/wp-json\/wp\/v2\/product"}],"about":[{"href":"https:\/\/eqgymcu.com\/en\/wp-json\/wp\/v2\/types\/product"}],"replies":[{"embeddable":true,"href":"https:\/\/eqgymcu.com\/en\/wp-json\/wp\/v2\/comments?post=506"}],"wp:featuredmedia":[{"embeddable":true,"href":"https:\/\/eqgymcu.com\/en\/wp-json\/wp\/v2\/media\/582"}],"wp:attachment":[{"href":"https:\/\/eqgymcu.com\/en\/wp-json\/wp\/v2\/media?parent=506"}],"wp:term":[{"taxonomy":"product_brand","embeddable":true,"href":"https:\/\/eqgymcu.com\/en\/wp-json\/wp\/v2\/product_brand?post=506"},{"taxonomy":"product_cat","embeddable":true,"href":"https:\/\/eqgymcu.com\/en\/wp-json\/wp\/v2\/product_cat?post=506"},{"taxonomy":"product_tag","embeddable":true,"href":"https:\/\/eqgymcu.com\/en\/wp-json\/wp\/v2\/product_tag?post=506"}],"curies":[{"name":"wp","href":"https:\/\/api.w.org\/{rel}","templated":true}]}}