{"id":514,"date":"2025-07-03T06:01:37","date_gmt":"2025-07-03T06:01:37","guid":{"rendered":"https:\/\/eqgymcu.com\/?post_type=product&#038;p=514"},"modified":"2026-01-05T16:18:42","modified_gmt":"2026-01-05T16:18:42","slug":"anabolic-monster-whey-2kg","status":"publish","type":"product","link":"https:\/\/eqgymcu.com\/en\/product\/anabolic-monster-whey-2kg\/","title":{"rendered":"Anabolic Monster Whey"},"content":{"rendered":"<div class=\"accordion\">\n\t<div id=\"accordion-2370754230\" class=\"accordion-item\">\n\t\t<a id=\"accordion-2370754230-label\" class=\"accordion-title plain\" href=\"#accordion-item-descripci\u00f3n-general-del-producto\" aria-expanded=\"false\" aria-controls=\"accordion-2370754230-content\" >\n\t\t\t<button class=\"toggle\" aria-label=\"Toggle\"><i class=\"icon-angle-down\"><\/i><\/button>\n\t\t\t<span>Descripci\u00f3n General del Producto<\/span>\n\t\t<\/a>\n\t\t<div id=\"accordion-2370754230-content\" class=\"accordion-inner\" aria-labelledby=\"accordion-2370754230-label\" >\n\t\t\t\n\t<div id=\"text-4068419466\" class=\"text\">\n\t\t\n<p><strong>Anabolic Monster Whey<\/strong> de <strong>Amix\u2122<\/strong> es un suplemento alimenticio con edulcorantes y aromas que presenta una f\u00f3rmula proteica premium con un <strong>80% de prote\u00edna pura<\/strong>. Combina estrat\u00e9gicamente una <strong>Matriz Triple de Suero<\/strong> (Concentrado, Aislado CFM\u00ae e Hidrolizado), Case\u00edna Micelar y amino\u00e1cidos derivados de prote\u00edna de res aislada.<\/p>\n<p>Esta mezcla exclusiva garantiza un valor biol\u00f3gico excepcional con alto contenido de amino\u00e1cidos esenciales <strong>BCAA y L-Glutamina<\/strong>, ofreciendo un sabor superior, solubilidad perfecta y f\u00e1cil mezcla. Ideal para apoyar el crecimiento y mantenimiento de la masa muscular.<\/p>\n<p><strong>Anabolic Monster Whey<\/strong> ya est\u00e1 en Cuba. Distribuido por <strong>EQGYM<\/strong>.<br \/>\n\t\t\n<style>\n#text-4068419466 {\n  font-size: 0.9rem;\n  line-height: 1.5;\n}\n<\/style>\n\t<\/div>\n\t\n\t\t<\/div>\n\t<\/div>\n\t\n\t<div id=\"accordion-3530706501\" class=\"accordion-item\">\n\t\t<a id=\"accordion-3530706501-label\" class=\"accordion-title plain\" href=\"#accordion-item-beneficios\" aria-expanded=\"false\" aria-controls=\"accordion-3530706501-content\" >\n\t\t\t<button class=\"toggle\" aria-label=\"Toggle\"><i class=\"icon-angle-down\"><\/i><\/button>\n\t\t\t<span>Beneficios<\/span>\n\t\t<\/a>\n\t\t<div id=\"accordion-3530706501-content\" class=\"accordion-inner\" aria-labelledby=\"accordion-3530706501-label\" >\n\t\t\t\n\t<div id=\"text-173049536\" class=\"text\">\n\t\t\n<ul>\n<li><strong>80% Prote\u00edna Pura<\/strong>: Mezcla premium de m\u00faltiples fuentes proteicas de alta calidad<\/li>\n<li><strong>Matriz Triple de Suero<\/strong>: Combina Concentrado, Aislado CFM\u00ae e Hidrolizado para absorci\u00f3n escalonada<\/li>\n<li><strong>Alto en BCAA &amp; L-Glutamina<\/strong>: Mayor concentraci\u00f3n de amino\u00e1cidos esenciales para recuperaci\u00f3n muscular<\/li>\n<li><strong>Pep-Form\u2122 y L-Leucina<\/strong>: Tecnolog\u00eda avanzada de p\u00e9ptidos de leucina para m\u00e1xima s\u00edntesis proteica<\/li>\n<li><strong>Sin Aspartamo<\/strong>: Endulzado con Sucralosa Splenda\u00ae<\/li>\n<li><strong>Bajo en Grasas y Az\u00facares<\/strong>: Ideal para programas de nutrici\u00f3n deportiva<\/li>\n<\/ul>\n\t\t\n<style>\n#text-173049536 {\n  font-size: 0.9rem;\n  line-height: 1.5;\n}\n<\/style>\n\t<\/div>\n\t\n\t\t<\/div>\n\t<\/div>\n\t\n\t<div id=\"accordion-822572805\" class=\"accordion-item\">\n\t\t<a id=\"accordion-822572805-label\" class=\"accordion-title plain\" href=\"#accordion-item-informaci\u00f3n-nutricional\" aria-expanded=\"false\" aria-controls=\"accordion-822572805-content\" >\n\t\t\t<button class=\"toggle\" aria-label=\"Toggle\"><i class=\"icon-angle-down\"><\/i><\/button>\n\t\t\t<span>Informaci\u00f3n Nutricional<\/span>\n\t\t<\/a>\n\t\t<div id=\"accordion-822572805-content\" class=\"accordion-inner\" aria-labelledby=\"accordion-822572805-label\" >\n\t\t\t\n\n\n<table id=\"tablepress-7\" class=\"tablepress tablepress-id-7\">\n<thead>\n<tr class=\"row-1\">\n\t<th class=\"column-1\">Calorias<\/th><th class=\"column-2\">Calorias x gramos<\/th>\n<\/tr>\n<\/thead>\n<tbody class=\"row-striping row-hover\">\n<tr class=\"row-2\">\n\t<td class=\"column-1\">10<\/td><td class=\"column-2\">5<\/td>\n<\/tr>\n<tr class=\"row-3\">\n\t<td class=\"column-1\">20<\/td><td class=\"column-2\">5<\/td>\n<\/tr>\n<tr class=\"row-4\">\n\t<td class=\"column-1\">15<\/td><td class=\"column-2\">3<\/td>\n<\/tr>\n<tr class=\"row-5\">\n\t<td class=\"column-1\">20<\/td><td class=\"column-2\">12<\/td>\n<\/tr>\n<\/tbody>\n<\/table>\n\n\n\t<div class=\"img has-hover x md-x lg-x y md-y lg-y\" id=\"image_1844947478\">\n\t\t\t\t\t\t\t\t<div class=\"img-inner dark\" >\n\t\t\t<img loading=\"lazy\" decoding=\"async\" width=\"1578\" height=\"602\" src=\"https:\/\/eqgymcu.com\/wp-content\/uploads\/2025\/07\/monsterwheyt1.png\" class=\"attachment-original size-original\" alt=\"\" srcset=\"https:\/\/eqgymcu.com\/wp-content\/uploads\/2025\/07\/monsterwheyt1.png 1578w, https:\/\/eqgymcu.com\/wp-content\/uploads\/2025\/07\/monsterwheyt1-300x114.png 300w, https:\/\/eqgymcu.com\/wp-content\/uploads\/2025\/07\/monsterwheyt1-1024x391.png 1024w, https:\/\/eqgymcu.com\/wp-content\/uploads\/2025\/07\/monsterwheyt1-768x293.png 768w, https:\/\/eqgymcu.com\/wp-content\/uploads\/2025\/07\/monsterwheyt1-1536x586.png 1536w, https:\/\/eqgymcu.com\/wp-content\/uploads\/2025\/07\/monsterwheyt1-18x7.png 18w, https:\/\/eqgymcu.com\/wp-content\/uploads\/2025\/07\/monsterwheyt1-500x191.png 500w\" sizes=\"auto, (max-width: 1578px) 100vw, 1578px\" \/>\t\t\t\t\t\t\n\t\t\t\t\t<\/div>\n\t\t\t\t\t\t\t\t\n<style>\n#image_1844947478 {\n  width: 100%;\n}\n<\/style>\n\t<\/div>\n\t\n\t<div class=\"img has-hover x md-x lg-x y md-y lg-y\" id=\"image_1291806691\">\n\t\t\t\t\t\t\t\t<div class=\"img-inner dark\" style=\"margin:15px 0px 0px 0px;\">\n\t\t\t<img loading=\"lazy\" decoding=\"async\" width=\"1581\" height=\"395\" src=\"https:\/\/eqgymcu.com\/wp-content\/uploads\/2025\/07\/monsterwheyt2.png\" class=\"attachment-original size-original\" alt=\"\" srcset=\"https:\/\/eqgymcu.com\/wp-content\/uploads\/2025\/07\/monsterwheyt2.png 1581w, https:\/\/eqgymcu.com\/wp-content\/uploads\/2025\/07\/monsterwheyt2-300x75.png 300w, https:\/\/eqgymcu.com\/wp-content\/uploads\/2025\/07\/monsterwheyt2-1024x256.png 1024w, https:\/\/eqgymcu.com\/wp-content\/uploads\/2025\/07\/monsterwheyt2-768x192.png 768w, https:\/\/eqgymcu.com\/wp-content\/uploads\/2025\/07\/monsterwheyt2-1536x384.png 1536w, https:\/\/eqgymcu.com\/wp-content\/uploads\/2025\/07\/monsterwheyt2-18x4.png 18w, https:\/\/eqgymcu.com\/wp-content\/uploads\/2025\/07\/monsterwheyt2-500x125.png 500w\" sizes=\"auto, (max-width: 1581px) 100vw, 1581px\" \/>\t\t\t\t\t\t\n\t\t\t\t\t<\/div>\n\t\t\t\t\t\t\t\t\n<style>\n#image_1291806691 {\n  width: 100%;\n}\n<\/style>\n\t<\/div>\n\t\n\t\t<\/div>\n\t<\/div>\n\t\n\t<div id=\"accordion-1359197737\" class=\"accordion-item\">\n\t\t<a id=\"accordion-1359197737-label\" class=\"accordion-title plain\" href=\"#accordion-item-precauciones\" aria-expanded=\"false\" aria-controls=\"accordion-1359197737-content\" >\n\t\t\t<button class=\"toggle\" aria-label=\"Toggle\"><i class=\"icon-angle-down\"><\/i><\/button>\n\t\t\t<span>Precauciones<\/span>\n\t\t<\/a>\n\t\t<div id=\"accordion-1359197737-content\" class=\"accordion-inner\" aria-labelledby=\"accordion-1359197737-label\" >\n\t\t\t\n\t<div id=\"text-1656257140\" class=\"text\">\n\t\t\n<p><strong>Advertencia de Al\u00e9rgenos<\/strong>: Puede contener trazas de huevo, gluten, pescado, frutos secos, cacahuetes y mariscos.<\/p>\n<p>No recomendado para mujeres embarazadas o en per\u00edodo de lactancia. El producto no est\u00e1 dise\u00f1ado para menores de 18 a\u00f1os. Mantener fuera del alcance de los ni\u00f1os. No superar la dosis diaria recomendada.<\/p>\n<p>Se recomienda consultar con un profesional de la salud antes de consumir este complemento alimenticio. Los complementos alimenticios no deben utilizarse como sustituto de una dieta variada y equilibrada.<\/p>\n<p>Conservar en lugar fresco y seco (por debajo de 25\u00b0C), alejado de la luz solar.<br \/>\n\t\t\n<style>\n#text-1656257140 {\n  font-size: 0.9rem;\n  line-height: 1.5;\n}\n<\/style>\n\t<\/div>\n\t\n\t\t<\/div>\n\t<\/div>\n\t\n<\/div>","protected":false},"excerpt":{"rendered":"<p><strong><em><span style=\"color: #50b848;\">\u2713<\/span><\/em> Anabolic Monster Whey 80% Prote\u00edna Pura<\/strong>: Mezcla premium compuesta por Triple Whey Matrix, Case\u00edna Micelar y amino\u00e1cidos de prote\u00edna de res.<br \/>\n<strong><em><span style=\"color: #50b848;\">\u2713<\/span><\/em> Triple Whey Matrix<\/strong>: Combina Concentrado de Suero, Aislado CFM\u00ae y Hidrolizado de Suero para m\u00e1xima eficacia.<br \/>\n<strong><em><span style=\"color: #50b848;\">\u2713<\/span><\/em> Alto en BCAA &amp; L-Glutamina<\/strong>: Contenido elevado de amino\u00e1cidos esenciales para recuperaci\u00f3n muscular.<br \/>\n<strong><em><span style=\"color: #50b848;\">\u2713<\/span><\/em> Sabor Superior y F\u00e1cil Mezcla<\/strong>: Textura cremosa y solubilidad perfecta para una experiencia de consumo excelente.<br \/>\n<strong><em><span style=\"color: #50b848;\">\u2713<\/span><\/em> Valor Biol\u00f3gico Superior<\/strong>: Combinaci\u00f3n inteligente de prote\u00ednas de diferentes velocidades de absorci\u00f3n.<\/p>","protected":false},"featured_media":791,"comment_status":"open","ping_status":"closed","template":"","meta":[],"product_brand":[37],"product_cat":[36],"product_tag":[],"class_list":{"0":"post-514","1":"product","2":"type-product","3":"status-publish","4":"has-post-thumbnail","6":"product_brand-amix","7":"product_cat-suplementos","8":"pa_sabor-doble-chocolate","9":"pa_sabor-fresa-platano","11":"first","12":"instock","13":"shipping-taxable","14":"purchasable","15":"product-type-variable","16":"has-default-attributes"},"_links":{"self":[{"href":"https:\/\/eqgymcu.com\/en\/wp-json\/wp\/v2\/product\/514","targetHints":{"allow":["GET"]}}],"collection":[{"href":"https:\/\/eqgymcu.com\/en\/wp-json\/wp\/v2\/product"}],"about":[{"href":"https:\/\/eqgymcu.com\/en\/wp-json\/wp\/v2\/types\/product"}],"replies":[{"embeddable":true,"href":"https:\/\/eqgymcu.com\/en\/wp-json\/wp\/v2\/comments?post=514"}],"wp:featuredmedia":[{"embeddable":true,"href":"https:\/\/eqgymcu.com\/en\/wp-json\/wp\/v2\/media\/791"}],"wp:attachment":[{"href":"https:\/\/eqgymcu.com\/en\/wp-json\/wp\/v2\/media?parent=514"}],"wp:term":[{"taxonomy":"product_brand","embeddable":true,"href":"https:\/\/eqgymcu.com\/en\/wp-json\/wp\/v2\/product_brand?post=514"},{"taxonomy":"product_cat","embeddable":true,"href":"https:\/\/eqgymcu.com\/en\/wp-json\/wp\/v2\/product_cat?post=514"},{"taxonomy":"product_tag","embeddable":true,"href":"https:\/\/eqgymcu.com\/en\/wp-json\/wp\/v2\/product_tag?post=514"}],"curies":[{"name":"wp","href":"https:\/\/api.w.org\/{rel}","templated":true}]}}