{"id":521,"date":"2025-07-03T06:04:49","date_gmt":"2025-07-03T06:04:49","guid":{"rendered":"https:\/\/eqgymcu.com\/?post_type=product&#038;p=521"},"modified":"2025-12-30T00:35:42","modified_gmt":"2025-12-30T00:35:42","slug":"anabolic-masster-2200g","status":"publish","type":"product","link":"https:\/\/eqgymcu.com\/en\/product\/anabolic-masster-2200g\/","title":{"rendered":"Anabolic Masster"},"content":{"rendered":"<div class=\"accordion\">\n\t<div id=\"accordion-2606272951\" class=\"accordion-item\">\n\t\t<a id=\"accordion-2606272951-label\" class=\"accordion-title plain\" href=\"#accordion-item-descripci\u00f3n-general-del-producto\" aria-expanded=\"false\" aria-controls=\"accordion-2606272951-content\" >\n\t\t\t<button class=\"toggle\" aria-label=\"Toggle\"><i class=\"icon-angle-down\"><\/i><\/button>\n\t\t\t<span>Descripci\u00f3n General del Producto<\/span>\n\t\t<\/a>\n\t\t<div id=\"accordion-2606272951-content\" class=\"accordion-inner\" aria-labelledby=\"accordion-2606272951-label\" >\n\t\t\t\n\t<div id=\"text-3152336691\" class=\"text\">\n\t\t\n<p><strong>Anabolic Masster<\/strong>\u00a0es un suplemento alimenticio con edulcorantes y aromas, dise\u00f1ado espec\u00edficamente para atletas de alto rendimiento. Esta f\u00f3rmula macro nutricional \u00fanica combina prote\u00ednas de alta calidad, carbohidratos y un exclusivo \u00abpaquete de componentes\u00bb que incluye ingredientes de m\u00e1ximo valor biol\u00f3gico como Creatina Monohidrato, Kre-Alkalyn\u00ae, CEE, L-Glutamina, L-Arginina-AKG, amino\u00e1cidos BCAA y Tribulus Terrestris.<\/p>\n<p>Es la soluci\u00f3n perfecta \u00abTODO EN UNO\u00bb para deportistas que buscan maximizar su rendimiento sin complicaciones. Combina concentrado de prote\u00edna de suero, hidrolizado de prote\u00edna de res, dos tipos de aislados de suero producidos por m\u00e9todos CFM\u00ae e Intercambio I\u00f3nico, adem\u00e1s de alb\u00famina de huevo.<\/p>\n<p><strong>Anabolic Masster\u2122<\/strong> ya est\u00e1 en Cuba. Distribuido por <strong>EQGYM<\/strong>.<br \/>\n\t\t\n<style>\n#text-3152336691 {\n  font-size: 0.9rem;\n  line-height: 1.5;\n}\n<\/style>\n\t<\/div>\n\t\n\t\t<\/div>\n\t<\/div>\n\t\n\t<div id=\"accordion-1582440193\" class=\"accordion-item\">\n\t\t<a id=\"accordion-1582440193-label\" class=\"accordion-title plain\" href=\"#accordion-item-beneficios\" aria-expanded=\"false\" aria-controls=\"accordion-1582440193-content\" >\n\t\t\t<button class=\"toggle\" aria-label=\"Toggle\"><i class=\"icon-angle-down\"><\/i><\/button>\n\t\t\t<span>Beneficios<\/span>\n\t\t<\/a>\n\t\t<div id=\"accordion-1582440193-content\" class=\"accordion-inner\" aria-labelledby=\"accordion-1582440193-label\" >\n\t\t\t\n\t<div id=\"text-3482382864\" class=\"text\">\n\t\t\n<ul>\n<li><strong>F\u00f3rmula Todo en Uno<\/strong>: Combina prote\u00ednas, carbohidratos y componentes activos en un solo producto<\/li>\n<li><strong>Paquete de Componentes Elite<\/strong>: Incluye Creatina, Kre-Alkalyn\u00ae, CEE, L-Glutamina, L-Arginina-AKG y BCAA<\/li>\n<li><strong>Mezcla Proteica Premium<\/strong>: Combina prote\u00edna de suero, prote\u00edna de res y alb\u00famina de huevo<\/li>\n<li><strong>Tecnolog\u00eda Avanzada<\/strong>: Aislados producidos por m\u00e9todos CFM\u00ae e Intercambio I\u00f3nico<\/li>\n<li><strong>Espectro Aminoac\u00eddico Completo<\/strong>: Perfil optimizado de amino\u00e1cidos esenciales<\/li>\n<li><strong>Ahorro de Tiempo y Dinero<\/strong>: Soluci\u00f3n integral que reemplaza m\u00faltiples productos<\/li>\n<\/ul>\n\t\t\n<style>\n#text-3482382864 {\n  font-size: 0.9rem;\n  line-height: 1.5;\n}\n<\/style>\n\t<\/div>\n\t\n\t\t<\/div>\n\t<\/div>\n\t\n\t<div id=\"accordion-1804385345\" class=\"accordion-item\">\n\t\t<a id=\"accordion-1804385345-label\" class=\"accordion-title plain\" href=\"#accordion-item-informaci\u00f3n-nutricional\" aria-expanded=\"false\" aria-controls=\"accordion-1804385345-content\" >\n\t\t\t<button class=\"toggle\" aria-label=\"Toggle\"><i class=\"icon-angle-down\"><\/i><\/button>\n\t\t\t<span>Informaci\u00f3n Nutricional<\/span>\n\t\t<\/a>\n\t\t<div id=\"accordion-1804385345-content\" class=\"accordion-inner\" aria-labelledby=\"accordion-1804385345-label\" >\n\t\t\t\n\n\n<table id=\"tablepress-6\" class=\"tablepress tablepress-id-6\">\n<thead>\n<tr class=\"row-1\">\n\t<th colspan=\"2\" class=\"column-1\">Informacion nutricional<\/th>\n<\/tr>\n<\/thead>\n<tbody class=\"row-striping row-hover\">\n<tr class=\"row-2\">\n\t<td class=\"column-1\">Grams<\/td><td class=\"column-2\">Calorias<\/td>\n<\/tr>\n<tr class=\"row-3\">\n\t<td class=\"column-1\">10<\/td><td class=\"column-2\">15<\/td>\n<\/tr>\n<tr class=\"row-4\">\n\t<td class=\"column-1\">5<\/td><td class=\"column-2\">20<\/td>\n<\/tr>\n<\/tbody>\n<\/table>\n\n\n\t<div class=\"img has-hover x md-x lg-x y md-y lg-y\" id=\"image_1460800307\">\n\t\t\t\t\t\t\t\t<div class=\"img-inner dark\" >\n\t\t\t<img loading=\"lazy\" decoding=\"async\" width=\"1582\" height=\"487\" src=\"https:\/\/eqgymcu.com\/wp-content\/uploads\/2025\/07\/anabolicmasstert1.png\" class=\"attachment-original size-original\" alt=\"\" srcset=\"https:\/\/eqgymcu.com\/wp-content\/uploads\/2025\/07\/anabolicmasstert1.png 1582w, https:\/\/eqgymcu.com\/wp-content\/uploads\/2025\/07\/anabolicmasstert1-300x92.png 300w, https:\/\/eqgymcu.com\/wp-content\/uploads\/2025\/07\/anabolicmasstert1-1024x315.png 1024w, https:\/\/eqgymcu.com\/wp-content\/uploads\/2025\/07\/anabolicmasstert1-768x236.png 768w, https:\/\/eqgymcu.com\/wp-content\/uploads\/2025\/07\/anabolicmasstert1-1536x473.png 1536w, https:\/\/eqgymcu.com\/wp-content\/uploads\/2025\/07\/anabolicmasstert1-18x6.png 18w, https:\/\/eqgymcu.com\/wp-content\/uploads\/2025\/07\/anabolicmasstert1-500x154.png 500w\" sizes=\"auto, (max-width: 1582px) 100vw, 1582px\" \/>\t\t\t\t\t\t\n\t\t\t\t\t<\/div>\n\t\t\t\t\t\t\t\t\n<style>\n#image_1460800307 {\n  width: 100%;\n}\n<\/style>\n\t<\/div>\n\t\n\t<div class=\"img has-hover x md-x lg-x y md-y lg-y\" id=\"image_1619536737\">\n\t\t\t\t\t\t\t\t<div class=\"img-inner dark\" >\n\t\t\t<img loading=\"lazy\" decoding=\"async\" width=\"1577\" height=\"623\" src=\"https:\/\/eqgymcu.com\/wp-content\/uploads\/2025\/07\/anabolicmasstert2.png\" class=\"attachment-original size-original\" alt=\"\" srcset=\"https:\/\/eqgymcu.com\/wp-content\/uploads\/2025\/07\/anabolicmasstert2.png 1577w, https:\/\/eqgymcu.com\/wp-content\/uploads\/2025\/07\/anabolicmasstert2-300x119.png 300w, https:\/\/eqgymcu.com\/wp-content\/uploads\/2025\/07\/anabolicmasstert2-1024x405.png 1024w, https:\/\/eqgymcu.com\/wp-content\/uploads\/2025\/07\/anabolicmasstert2-768x303.png 768w, https:\/\/eqgymcu.com\/wp-content\/uploads\/2025\/07\/anabolicmasstert2-1536x607.png 1536w, https:\/\/eqgymcu.com\/wp-content\/uploads\/2025\/07\/anabolicmasstert2-18x7.png 18w, https:\/\/eqgymcu.com\/wp-content\/uploads\/2025\/07\/anabolicmasstert2-500x198.png 500w\" sizes=\"auto, (max-width: 1577px) 100vw, 1577px\" \/>\t\t\t\t\t\t\n\t\t\t\t\t<\/div>\n\t\t\t\t\t\t\t\t\n<style>\n#image_1619536737 {\n  width: 100%;\n}\n<\/style>\n\t<\/div>\n\t\n\t<div class=\"img has-hover x md-x lg-x y md-y lg-y\" id=\"image_1024523181\">\n\t\t\t\t\t\t\t\t<div class=\"img-inner dark\" style=\"margin:15px 0px 0px 0px;\">\n\t\t\t<img loading=\"lazy\" decoding=\"async\" width=\"1576\" height=\"462\" src=\"https:\/\/eqgymcu.com\/wp-content\/uploads\/2025\/07\/anabolicmasster3.png\" class=\"attachment-original size-original\" alt=\"\" srcset=\"https:\/\/eqgymcu.com\/wp-content\/uploads\/2025\/07\/anabolicmasster3.png 1576w, https:\/\/eqgymcu.com\/wp-content\/uploads\/2025\/07\/anabolicmasster3-300x88.png 300w, https:\/\/eqgymcu.com\/wp-content\/uploads\/2025\/07\/anabolicmasster3-1024x300.png 1024w, https:\/\/eqgymcu.com\/wp-content\/uploads\/2025\/07\/anabolicmasster3-768x225.png 768w, https:\/\/eqgymcu.com\/wp-content\/uploads\/2025\/07\/anabolicmasster3-1536x450.png 1536w, https:\/\/eqgymcu.com\/wp-content\/uploads\/2025\/07\/anabolicmasster3-18x5.png 18w, https:\/\/eqgymcu.com\/wp-content\/uploads\/2025\/07\/anabolicmasster3-500x147.png 500w\" sizes=\"auto, (max-width: 1576px) 100vw, 1576px\" \/>\t\t\t\t\t\t\n\t\t\t\t\t<\/div>\n\t\t\t\t\t\t\t\t\n<style>\n#image_1024523181 {\n  width: 100%;\n}\n<\/style>\n\t<\/div>\n\t\n\t\t<\/div>\n\t<\/div>\n\t\n\t<div id=\"accordion-3319162087\" class=\"accordion-item\">\n\t\t<a id=\"accordion-3319162087-label\" class=\"accordion-title plain\" href=\"#accordion-item-precauciones\" aria-expanded=\"false\" aria-controls=\"accordion-3319162087-content\" >\n\t\t\t<button class=\"toggle\" aria-label=\"Toggle\"><i class=\"icon-angle-down\"><\/i><\/button>\n\t\t\t<span>Precauciones<\/span>\n\t\t<\/a>\n\t\t<div id=\"accordion-3319162087-content\" class=\"accordion-inner\" aria-labelledby=\"accordion-3319162087-label\" >\n\t\t\t\n\t<div id=\"text-3482842376\" class=\"text\">\n\t\t\n<p><strong>Advertencia de Al\u00e9rgenos<\/strong>: Contiene derivados de leche, huevo y res. Puede contener trazas de gluten, soja, frutos secos y cacahuetes.<\/p>\n<p>No recomendado para mujeres embarazadas o en per\u00edodo de lactancia. El producto no est\u00e1 dise\u00f1ado para menores de 18 a\u00f1os. Mantener fuera del alcance de los ni\u00f1os. No superar la dosis diaria recomendada.<\/p>\n<p>Se recomienda consultar con un profesional de la salud antes de consumir este complemento alimenticio. Los complementos alimenticios no deben utilizarse como sustituto de una dieta variada y equilibrada.<\/p>\n<p>Conservar en lugar fresco y seco (por debajo de 25\u00b0C), alejado de la luz solar.<br \/>\n\t\t\n<style>\n#text-3482842376 {\n  font-size: 0.9rem;\n  line-height: 1.5;\n}\n<\/style>\n\t<\/div>\n\t\n\t\t<\/div>\n\t<\/div>\n\t\n<\/div>","protected":false},"excerpt":{"rendered":"<p><em><strong><span style=\"color: #50b848;\">\u2713<\/span><\/strong><\/em><strong> Anabolic Masster F\u00f3rmula Macro Nutricional \u00danica<\/strong>: Dise\u00f1ada especialmente para atletas de alto rendimiento con las demandas m\u00e1s exigentes.<br \/>\n<strong><em><span style=\"color: #50b848;\">\u2713<\/span><\/em> Combinaci\u00f3n de Alta Calidad<\/strong>: Mezcla premium de prote\u00ednas, carbohidratos y componentes exclusivos para m\u00e1ximo rendimiento.<br \/>\n<strong><em><span style=\"color: #50b848;\">\u2713<\/span><\/em> Paquete de Componentes de Elite<\/strong>: Incluye Creatina Monohidrato, Kre-Alkalyn, CEE, L-Glutamina, L-Arginina-AKG, BCAA y Tribulus Terrestris.<br \/>\n<strong><em><span style=\"color: #50b848;\">\u2713<\/span><\/em> Soluci\u00f3n Todo en Uno<\/strong>: Proporciona todos los nutrientes esenciales en una sola f\u00f3rmula para optimizar el entrenamiento y la recuperaci\u00f3n.<br \/>\n<strong><em><span style=\"color: #50b848;\">\u2713<\/span><\/em> Para Atletas Exigentes<\/strong>: Formulada espec\u00edficamente para deportistas que buscan llevar su rendimiento al m\u00e1ximo nivel.<\/p>","protected":false},"featured_media":578,"comment_status":"open","ping_status":"closed","template":"","meta":[],"product_brand":[37],"product_cat":[36],"product_tag":[],"class_list":{"0":"post-521","1":"product","2":"type-product","3":"status-publish","4":"has-post-thumbnail","6":"product_brand-amix","7":"product_cat-suplementos","8":"pa_sabor-chocolate","9":"pa_sabor-fresa","10":"pa_sabor-frutos-del-bosque","12":"first","13":"onbackorder","14":"shipping-taxable","15":"purchasable","16":"product-type-variable","17":"has-default-attributes"},"_links":{"self":[{"href":"https:\/\/eqgymcu.com\/en\/wp-json\/wp\/v2\/product\/521","targetHints":{"allow":["GET"]}}],"collection":[{"href":"https:\/\/eqgymcu.com\/en\/wp-json\/wp\/v2\/product"}],"about":[{"href":"https:\/\/eqgymcu.com\/en\/wp-json\/wp\/v2\/types\/product"}],"replies":[{"embeddable":true,"href":"https:\/\/eqgymcu.com\/en\/wp-json\/wp\/v2\/comments?post=521"}],"wp:featuredmedia":[{"embeddable":true,"href":"https:\/\/eqgymcu.com\/en\/wp-json\/wp\/v2\/media\/578"}],"wp:attachment":[{"href":"https:\/\/eqgymcu.com\/en\/wp-json\/wp\/v2\/media?parent=521"}],"wp:term":[{"taxonomy":"product_brand","embeddable":true,"href":"https:\/\/eqgymcu.com\/en\/wp-json\/wp\/v2\/product_brand?post=521"},{"taxonomy":"product_cat","embeddable":true,"href":"https:\/\/eqgymcu.com\/en\/wp-json\/wp\/v2\/product_cat?post=521"},{"taxonomy":"product_tag","embeddable":true,"href":"https:\/\/eqgymcu.com\/en\/wp-json\/wp\/v2\/product_tag?post=521"}],"curies":[{"name":"wp","href":"https:\/\/api.w.org\/{rel}","templated":true}]}}