{"id":525,"date":"2025-07-03T06:05:51","date_gmt":"2025-07-03T06:05:51","guid":{"rendered":"https:\/\/eqgymcu.com\/?post_type=product&#038;p=525"},"modified":"2025-09-14T19:26:10","modified_gmt":"2025-09-14T19:26:10","slug":"reco-pro-protein-1kg","status":"publish","type":"product","link":"https:\/\/eqgymcu.com\/en\/product\/reco-pro-protein-1kg\/","title":{"rendered":"Reco-Pro Protein"},"content":{"rendered":"<div class=\"accordion\">\n\t<div id=\"accordion-3981638530\" class=\"accordion-item\">\n\t\t<a id=\"accordion-3981638530-label\" class=\"accordion-title plain\" href=\"#accordion-item-descripci\u00f3n-general-del-producto\" aria-expanded=\"false\" aria-controls=\"accordion-3981638530-content\" >\n\t\t\t<button class=\"toggle\" aria-label=\"Toggle\"><i class=\"icon-angle-down\"><\/i><\/button>\n\t\t\t<span>Descripci\u00f3n General del Producto<\/span>\n\t\t<\/a>\n\t\t<div id=\"accordion-3981638530-content\" class=\"accordion-inner\" aria-labelledby=\"accordion-3981638530-label\" >\n\t\t\t\n\t<div id=\"text-288890315\" class=\"text\">\n\t\t\n<p><strong>Performance Reco-Pro<\/strong> es un batido de prote\u00edna de alta calidad especialmente formulado para la recuperaci\u00f3n post-entrenamiento. Esta f\u00f3rmula avanzada combina un complejo proteico balanceado con carbohidratos de calidad, creatina, BCAA instant\u00e1neos, glutamina, electrolitos, vitamina C y una fuente de Omega-3.<\/p>\n<p>Dise\u00f1ado para atletas que buscan una recuperaci\u00f3n completa despu\u00e9s de la actividad f\u00edsica, contribuye al crecimiento y mantenimiento de la masa muscular, adem\u00e1s de apoyar la salud \u00f3sea. Con un excelente sabor y sin aspartamo, es la soluci\u00f3n ideal para reponer nutrientes esenciales despu\u00e9s del ejercicio.<\/p>\n<p><strong>Performance Reco-Pro<\/strong> ya est\u00e1 en Cuba. Distribuido por <strong>EQGYM<\/strong>.<br \/>\n\t\t\n<style>\n#text-288890315 {\n  font-size: 0.9rem;\n  line-height: 1.5;\n}\n<\/style>\n\t<\/div>\n\t\n\t\t<\/div>\n\t<\/div>\n\t\n\t<div id=\"accordion-2672049010\" class=\"accordion-item\">\n\t\t<a id=\"accordion-2672049010-label\" class=\"accordion-title plain\" href=\"#accordion-item-beneficios\" aria-expanded=\"false\" aria-controls=\"accordion-2672049010-content\" >\n\t\t\t<button class=\"toggle\" aria-label=\"Toggle\"><i class=\"icon-angle-down\"><\/i><\/button>\n\t\t\t<span>Beneficios<\/span>\n\t\t<\/a>\n\t\t<div id=\"accordion-2672049010-content\" class=\"accordion-inner\" aria-labelledby=\"accordion-2672049010-label\" >\n\t\t\t\n\t<div id=\"text-1409930745\" class=\"text\">\n\t\t\n<ul>\n<li><strong>Recuperaci\u00f3n Muscular Avanzada<\/strong>: F\u00f3rmula especializada para uso post-ejercicio<\/li>\n<li><strong>Complejo Proteico Triple<\/strong>: Combina concentrado de suero, aislado CFM\u00ae e hidrolizado de suero<\/li>\n<li><strong>BCAA Instant\u00e1neos y Glutamina<\/strong>: Amino\u00e1cidos esenciales para r\u00e1pida recuperaci\u00f3n<\/li>\n<li><strong>Complejo de Creatinas<\/strong>: Incluye Kre-Alkalyn\u00ae y Creatine MagnaPower\u00ae<\/li>\n<li><strong>Electrolitos y Vitamina C<\/strong>: Para rehidrataci\u00f3n y apoyo antioxidante<\/li>\n<li><strong>Fuente de Omega-3<\/strong>: \u00c1cidos grasos esenciales para la salud articular<\/li>\n<li><strong>Excelente Sabor Sin Aspartamo<\/strong>: Endulzado con alternativas m\u00e1s saludables<\/li>\n<\/ul>\n\t\t\n<style>\n#text-1409930745 {\n  font-size: 0.9rem;\n  line-height: 1.5;\n}\n<\/style>\n\t<\/div>\n\t\n\t\t<\/div>\n\t<\/div>\n\t\n\t<div id=\"accordion-2672776327\" class=\"accordion-item\">\n\t\t<a id=\"accordion-2672776327-label\" class=\"accordion-title plain\" href=\"#accordion-item-informaci\u00f3n-nutricional\" aria-expanded=\"false\" aria-controls=\"accordion-2672776327-content\" >\n\t\t\t<button class=\"toggle\" aria-label=\"Toggle\"><i class=\"icon-angle-down\"><\/i><\/button>\n\t\t\t<span>Informaci\u00f3n Nutricional<\/span>\n\t\t<\/a>\n\t\t<div id=\"accordion-2672776327-content\" class=\"accordion-inner\" aria-labelledby=\"accordion-2672776327-label\" >\n\t\t\t\n\t<div class=\"img has-hover x md-x lg-x y md-y lg-y\" id=\"image_215683019\">\n\t\t\t\t\t\t\t\t<div class=\"img-inner dark\" >\n\t\t\t<img loading=\"lazy\" decoding=\"async\" width=\"1576\" height=\"348\" src=\"https:\/\/eqgymcu.com\/wp-content\/uploads\/2025\/07\/recoprot1.png\" class=\"attachment-original size-original\" alt=\"\" srcset=\"https:\/\/eqgymcu.com\/wp-content\/uploads\/2025\/07\/recoprot1.png 1576w, https:\/\/eqgymcu.com\/wp-content\/uploads\/2025\/07\/recoprot1-300x66.png 300w, https:\/\/eqgymcu.com\/wp-content\/uploads\/2025\/07\/recoprot1-1024x226.png 1024w, https:\/\/eqgymcu.com\/wp-content\/uploads\/2025\/07\/recoprot1-768x170.png 768w, https:\/\/eqgymcu.com\/wp-content\/uploads\/2025\/07\/recoprot1-1536x339.png 1536w, https:\/\/eqgymcu.com\/wp-content\/uploads\/2025\/07\/recoprot1-18x4.png 18w, https:\/\/eqgymcu.com\/wp-content\/uploads\/2025\/07\/recoprot1-500x110.png 500w\" sizes=\"auto, (max-width: 1576px) 100vw, 1576px\" \/>\t\t\t\t\t\t\n\t\t\t\t\t<\/div>\n\t\t\t\t\t\t\t\t\n<style>\n#image_215683019 {\n  width: 100%;\n}\n<\/style>\n\t<\/div>\n\t\n\t<div class=\"img has-hover x md-x lg-x y md-y lg-y\" id=\"image_860215666\">\n\t\t\t\t\t\t\t\t<div class=\"img-inner dark\" style=\"margin:10px 0px 0px 0px;\">\n\t\t\t<img loading=\"lazy\" decoding=\"async\" width=\"1578\" height=\"595\" src=\"https:\/\/eqgymcu.com\/wp-content\/uploads\/2025\/07\/recoprot2.png\" class=\"attachment-original size-original\" alt=\"\" srcset=\"https:\/\/eqgymcu.com\/wp-content\/uploads\/2025\/07\/recoprot2.png 1578w, https:\/\/eqgymcu.com\/wp-content\/uploads\/2025\/07\/recoprot2-300x113.png 300w, https:\/\/eqgymcu.com\/wp-content\/uploads\/2025\/07\/recoprot2-1024x386.png 1024w, https:\/\/eqgymcu.com\/wp-content\/uploads\/2025\/07\/recoprot2-768x290.png 768w, https:\/\/eqgymcu.com\/wp-content\/uploads\/2025\/07\/recoprot2-1536x579.png 1536w, https:\/\/eqgymcu.com\/wp-content\/uploads\/2025\/07\/recoprot2-18x7.png 18w, https:\/\/eqgymcu.com\/wp-content\/uploads\/2025\/07\/recoprot2-500x189.png 500w\" sizes=\"auto, (max-width: 1578px) 100vw, 1578px\" \/>\t\t\t\t\t\t\n\t\t\t\t\t<\/div>\n\t\t\t\t\t\t\t\t\n<style>\n#image_860215666 {\n  width: 100%;\n}\n<\/style>\n\t<\/div>\n\t\n\t\t<\/div>\n\t<\/div>\n\t\n\t<div id=\"accordion-2412213966\" class=\"accordion-item\">\n\t\t<a id=\"accordion-2412213966-label\" class=\"accordion-title plain\" href=\"#accordion-item-precauciones\" aria-expanded=\"false\" aria-controls=\"accordion-2412213966-content\" >\n\t\t\t<button class=\"toggle\" aria-label=\"Toggle\"><i class=\"icon-angle-down\"><\/i><\/button>\n\t\t\t<span>Precauciones<\/span>\n\t\t<\/a>\n\t\t<div id=\"accordion-2412213966-content\" class=\"accordion-inner\" aria-labelledby=\"accordion-2412213966-label\" >\n\t\t\t\n\t<div id=\"text-3143948442\" class=\"text\">\n\t\t\n<p><strong>Advertencia de Al\u00e9rgenos<\/strong>: Contiene derivados de leche y res. Puede contener trazas de huevo, gluten, soja, frutos secos y cacahuetes.<\/p>\n<p>No recomendado para mujeres embarazadas o en per\u00edodo de lactancia. El producto no est\u00e1 dise\u00f1ado para menores de 18 a\u00f1os. Mantener fuera del alcance de los ni\u00f1os. No superar la dosis diaria recomendada.<\/p>\n<p>Se recomienda consultar con un profesional de la salud antes de consumir este complemento alimenticio. Los complementos alimenticios no deben utilizarse como sustituto de una dieta variada y equilibrada.<\/p>\n<p>Conservar en lugar fresco y seco (por debajo de 25\u00b0C), alejado de la luz solar.<br \/>\n\t\t\n<style>\n#text-3143948442 {\n  font-size: 0.9rem;\n  line-height: 1.5;\n}\n<\/style>\n\t<\/div>\n\t\n\t\t<\/div>\n\t<\/div>\n\t\n<\/div>","protected":false},"excerpt":{"rendered":"<p><em><strong><span style=\"color: #50b848;\">\u2713<\/span><\/strong><\/em> <strong>Reco-Pro Protein Recuperaci\u00f3n Post-Ejercicio<\/strong>: F\u00f3rmula especialmente dise\u00f1ada para usar despu\u00e9s de la actividad deportiva.<br \/>\n<em><strong><span style=\"color: #50b848;\">\u2713<\/span><\/strong><\/em> <strong>Complejo Proteico Balanceado<\/strong>: Mezcla de prote\u00ednas de alta calidad enriquecida con carbohidratos de absorci\u00f3n r\u00e1pida.<br \/>\n<em><strong><span style=\"color: #50b848;\">\u2713<\/span><\/strong><\/em> <strong>Composici\u00f3n Avanzada<\/strong>: Incluye creatina, BCAA instant\u00e1neos, glutamina, electrolitos, vitamina C y fuente de Omega-3.<br \/>\n<em><strong><span style=\"color: #50b848;\">\u2713<\/span><\/strong><\/em> <strong>Recuperaci\u00f3n Integral<\/strong>: Combina nutrientes esenciales para reponer energ\u00eda, reparar m\u00fasculos e hidratar el organismo.<br \/>\n<em><strong><span style=\"color: #50b848;\">\u2713<\/span><\/strong><\/em> <strong>F\u00f3rmula Completa<\/strong>: Soluci\u00f3n todo-en-uno para optimizar la recuperaci\u00f3n despu\u00e9s del entrenamiento.<\/p>","protected":false},"featured_media":987,"comment_status":"open","ping_status":"closed","template":"","meta":[],"product_brand":[37],"product_cat":[36],"product_tag":[],"class_list":{"0":"post-525","1":"product","2":"type-product","3":"status-publish","4":"has-post-thumbnail","6":"product_brand-amix","7":"product_cat-suplementos","8":"pa_sabor-doble-chocolate","9":"pa_sabor-frutos-del-bosque","11":"first","12":"instock","13":"shipping-taxable","14":"purchasable","15":"product-type-variable","16":"has-default-attributes"},"_links":{"self":[{"href":"https:\/\/eqgymcu.com\/en\/wp-json\/wp\/v2\/product\/525","targetHints":{"allow":["GET"]}}],"collection":[{"href":"https:\/\/eqgymcu.com\/en\/wp-json\/wp\/v2\/product"}],"about":[{"href":"https:\/\/eqgymcu.com\/en\/wp-json\/wp\/v2\/types\/product"}],"replies":[{"embeddable":true,"href":"https:\/\/eqgymcu.com\/en\/wp-json\/wp\/v2\/comments?post=525"}],"wp:featuredmedia":[{"embeddable":true,"href":"https:\/\/eqgymcu.com\/en\/wp-json\/wp\/v2\/media\/987"}],"wp:attachment":[{"href":"https:\/\/eqgymcu.com\/en\/wp-json\/wp\/v2\/media?parent=525"}],"wp:term":[{"taxonomy":"product_brand","embeddable":true,"href":"https:\/\/eqgymcu.com\/en\/wp-json\/wp\/v2\/product_brand?post=525"},{"taxonomy":"product_cat","embeddable":true,"href":"https:\/\/eqgymcu.com\/en\/wp-json\/wp\/v2\/product_cat?post=525"},{"taxonomy":"product_tag","embeddable":true,"href":"https:\/\/eqgymcu.com\/en\/wp-json\/wp\/v2\/product_tag?post=525"}],"curies":[{"name":"wp","href":"https:\/\/api.w.org\/{rel}","templated":true}]}}