{"id":527,"date":"2025-07-03T06:08:12","date_gmt":"2025-07-03T06:08:12","guid":{"rendered":"https:\/\/eqgymcu.com\/?post_type=product&#038;p=527"},"modified":"2025-11-07T14:52:46","modified_gmt":"2025-11-07T14:52:46","slug":"carbojet-mass-professional-1800g","status":"publish","type":"product","link":"https:\/\/eqgymcu.com\/en\/product\/carbojet-mass-professional-1800g\/","title":{"rendered":"Carbojet Mass Professional"},"content":{"rendered":"<div class=\"accordion\">\n\t<div id=\"accordion-585678041\" class=\"accordion-item\">\n\t\t<a id=\"accordion-585678041-label\" class=\"accordion-title plain\" href=\"#accordion-item-descripci\u00f3n-general-del-producto\" aria-expanded=\"false\" aria-controls=\"accordion-585678041-content\" >\n\t\t\t<button class=\"toggle\" aria-label=\"Toggle\"><i class=\"icon-angle-down\"><\/i><\/button>\n\t\t\t<span>Descripci\u00f3n General del Producto<\/span>\n\t\t<\/a>\n\t\t<div id=\"accordion-585678041-content\" class=\"accordion-inner\" aria-labelledby=\"accordion-585678041-label\" >\n\t\t\t\n\t<div id=\"text-2082889058\" class=\"text\">\n\t\t\n<p><strong>CarboJet Mass Professional<\/strong> de <strong>Amix\u2122<\/strong> es un suplemento alimenticio con carbohidratos, edulcorantes y aromas, espec\u00edficamente formulado como un ganador de peso carbo-proteico de alta calidad. Esta f\u00f3rmula premium combina una mezcla proteica especial con un complejo de carbohidratos avanzado, enriquecido con amino\u00e1cidos libres de alta calidad (BCAA y L-Glutamina), L-Citrulina, Beta-Alanina y una potente dosis de complejo de creatina.<\/p>\n<p>Dise\u00f1ado para personas activas y atletas que requieren un aporte cal\u00f3rico superior, ofrece nutrici\u00f3n completa pre y post entrenamiento con una mezcla que se disuelve instant\u00e1neamente y ofrece un sabor delicado y cremoso.<\/p>\n<p><strong>CarboJet Mass Professional<\/strong> ya est\u00e1 en Cuba. Distribuido por <strong>EQGYM<\/strong>.<br \/>\n\t\t\n<style>\n#text-2082889058 {\n  font-size: 0.9rem;\n  line-height: 1.5;\n}\n<\/style>\n\t<\/div>\n\t\n\t\t<\/div>\n\t<\/div>\n\t\n\t<div id=\"accordion-529558652\" class=\"accordion-item\">\n\t\t<a id=\"accordion-529558652-label\" class=\"accordion-title plain\" href=\"#accordion-item-beneficios\" aria-expanded=\"false\" aria-controls=\"accordion-529558652-content\" >\n\t\t\t<button class=\"toggle\" aria-label=\"Toggle\"><i class=\"icon-angle-down\"><\/i><\/button>\n\t\t\t<span>Beneficios<\/span>\n\t\t<\/a>\n\t\t<div id=\"accordion-529558652-content\" class=\"accordion-inner\" aria-labelledby=\"accordion-529558652-label\" >\n\t\t\t\n\t<div id=\"text-1387171903\" class=\"text\">\n\t\t\n<ul>\n<li><strong>Ganador de Peso Completo<\/strong>: F\u00f3rmula carbo-proteica para aumento de masa y peso corporal<\/li>\n<li><strong>Complejo de Carbohidratos Avanzado<\/strong>: Incluye Maltodextrina, Vitargo\u00ae, Palatinose\u00ae, Fructosa y Dextrosa<\/li>\n<li><strong>Mezcla Proteica Premium<\/strong>: Combina concentrado de suero, suero desgrasado e hidrolizado de prote\u00edna de res<\/li>\n<li><strong>Complejo de Creatina de Alta Potencia<\/strong>: Gran dosis de creatinas para m\u00e1ximo rendimiento<\/li>\n<li><strong>Amino\u00e1cidos Especializados<\/strong>: BCAA, L-Glutamina, L-Citrulina y Beta-Alanina<\/li>\n<li><strong>Sin Aspartamo<\/strong>: Endulzado con alternativas m\u00e1s saludables<\/li>\n<li><strong>Mezcla Instant\u00e1nea<\/strong>: Se disuelve completamente al instante<\/li>\n<\/ul>\n\t\t\n<style>\n#text-1387171903 {\n  font-size: 0.9rem;\n  line-height: 1.5;\n}\n<\/style>\n\t<\/div>\n\t\n\t\t<\/div>\n\t<\/div>\n\t\n\t<div id=\"accordion-2251135989\" class=\"accordion-item\">\n\t\t<a id=\"accordion-2251135989-label\" class=\"accordion-title plain\" href=\"#accordion-item-informaci\u00f3n-nutricional\" aria-expanded=\"false\" aria-controls=\"accordion-2251135989-content\" >\n\t\t\t<button class=\"toggle\" aria-label=\"Toggle\"><i class=\"icon-angle-down\"><\/i><\/button>\n\t\t\t<span>Informaci\u00f3n Nutricional<\/span>\n\t\t<\/a>\n\t\t<div id=\"accordion-2251135989-content\" class=\"accordion-inner\" aria-labelledby=\"accordion-2251135989-label\" >\n\t\t\t\n\t<div class=\"img has-hover x md-x lg-x y md-y lg-y\" id=\"image_1963006945\">\n\t\t\t\t\t\t\t\t<div class=\"img-inner dark\" >\n\t\t\t<img loading=\"lazy\" decoding=\"async\" width=\"1020\" height=\"319\" src=\"https:\/\/eqgymcu.com\/wp-content\/uploads\/2025\/07\/carbojett1-1024x320.png\" class=\"attachment-large size-large\" alt=\"\" srcset=\"https:\/\/eqgymcu.com\/wp-content\/uploads\/2025\/07\/carbojett1-1024x320.png 1024w, https:\/\/eqgymcu.com\/wp-content\/uploads\/2025\/07\/carbojett1-300x94.png 300w, https:\/\/eqgymcu.com\/wp-content\/uploads\/2025\/07\/carbojett1-768x240.png 768w, https:\/\/eqgymcu.com\/wp-content\/uploads\/2025\/07\/carbojett1-1536x480.png 1536w, https:\/\/eqgymcu.com\/wp-content\/uploads\/2025\/07\/carbojett1-18x6.png 18w, https:\/\/eqgymcu.com\/wp-content\/uploads\/2025\/07\/carbojett1-500x156.png 500w, https:\/\/eqgymcu.com\/wp-content\/uploads\/2025\/07\/carbojett1.png 1562w\" sizes=\"auto, (max-width: 1020px) 100vw, 1020px\" \/>\t\t\t\t\t\t\n\t\t\t\t\t<\/div>\n\t\t\t\t\t\t\t\t\n<style>\n#image_1963006945 {\n  width: 100%;\n}\n<\/style>\n\t<\/div>\n\t\n\t<div class=\"img has-hover x md-x lg-x y md-y lg-y\" id=\"image_1205930227\">\n\t\t\t\t\t\t\t\t<div class=\"img-inner dark\" >\n\t\t\t<img loading=\"lazy\" decoding=\"async\" width=\"1020\" height=\"206\" src=\"https:\/\/eqgymcu.com\/wp-content\/uploads\/2025\/07\/carbojett2-1024x207.png\" class=\"attachment-large size-large\" alt=\"\" srcset=\"https:\/\/eqgymcu.com\/wp-content\/uploads\/2025\/07\/carbojett2-1024x207.png 1024w, https:\/\/eqgymcu.com\/wp-content\/uploads\/2025\/07\/carbojett2-300x61.png 300w, https:\/\/eqgymcu.com\/wp-content\/uploads\/2025\/07\/carbojett2-768x155.png 768w, https:\/\/eqgymcu.com\/wp-content\/uploads\/2025\/07\/carbojett2-1536x311.png 1536w, https:\/\/eqgymcu.com\/wp-content\/uploads\/2025\/07\/carbojett2-18x4.png 18w, https:\/\/eqgymcu.com\/wp-content\/uploads\/2025\/07\/carbojett2-500x101.png 500w, https:\/\/eqgymcu.com\/wp-content\/uploads\/2025\/07\/carbojett2.png 1557w\" sizes=\"auto, (max-width: 1020px) 100vw, 1020px\" \/>\t\t\t\t\t\t\n\t\t\t\t\t<\/div>\n\t\t\t\t\t\t\t\t\n<style>\n#image_1205930227 {\n  width: 100%;\n}\n<\/style>\n\t<\/div>\n\t\n\t<div class=\"img has-hover x md-x lg-x y md-y lg-y\" id=\"image_757026089\">\n\t\t\t\t\t\t\t\t<div class=\"img-inner dark\" >\n\t\t\t<img loading=\"lazy\" decoding=\"async\" width=\"1020\" height=\"302\" src=\"https:\/\/eqgymcu.com\/wp-content\/uploads\/2025\/07\/carbojett3-1024x303.png\" class=\"attachment-large size-large\" alt=\"\" srcset=\"https:\/\/eqgymcu.com\/wp-content\/uploads\/2025\/07\/carbojett3-1024x303.png 1024w, https:\/\/eqgymcu.com\/wp-content\/uploads\/2025\/07\/carbojett3-300x89.png 300w, https:\/\/eqgymcu.com\/wp-content\/uploads\/2025\/07\/carbojett3-768x228.png 768w, https:\/\/eqgymcu.com\/wp-content\/uploads\/2025\/07\/carbojett3-1536x455.png 1536w, https:\/\/eqgymcu.com\/wp-content\/uploads\/2025\/07\/carbojett3-18x5.png 18w, https:\/\/eqgymcu.com\/wp-content\/uploads\/2025\/07\/carbojett3-500x148.png 500w, https:\/\/eqgymcu.com\/wp-content\/uploads\/2025\/07\/carbojett3.png 1563w\" sizes=\"auto, (max-width: 1020px) 100vw, 1020px\" \/>\t\t\t\t\t\t\n\t\t\t\t\t<\/div>\n\t\t\t\t\t\t\t\t\n<style>\n#image_757026089 {\n  width: 100%;\n}\n<\/style>\n\t<\/div>\n\t\n\t\t<\/div>\n\t<\/div>\n\t\n\t<div id=\"accordion-3058223859\" class=\"accordion-item\">\n\t\t<a id=\"accordion-3058223859-label\" class=\"accordion-title plain\" href=\"#accordion-item-precauciones\" aria-expanded=\"false\" aria-controls=\"accordion-3058223859-content\" >\n\t\t\t<button class=\"toggle\" aria-label=\"Toggle\"><i class=\"icon-angle-down\"><\/i><\/button>\n\t\t\t<span>Precauciones<\/span>\n\t\t<\/a>\n\t\t<div id=\"accordion-3058223859-content\" class=\"accordion-inner\" aria-labelledby=\"accordion-3058223859-label\" >\n\t\t\t\n\t<div id=\"text-608056892\" class=\"text\">\n\t\t\n<p><strong>Advertencia de Al\u00e9rgenos<\/strong>: Contiene derivados de leche y res. Puede contener trazas de huevo, gluten, soja, frutos secos y cacahuetes.<\/p>\n<p>No recomendado para mujeres embarazadas o en per\u00edodo de lactancia. El producto no est\u00e1 dise\u00f1ado para menores de 18 a\u00f1os. Mantener fuera del alcance de los ni\u00f1os. No superar la dosis diaria recomendada.<\/p>\n<p>Se recomienda consultar con un profesional de la salud antes de consumir este complemento alimenticio. Los complementos alimenticios no deben utilizarse como sustituto de una dieta variada y equilibrada.<\/p>\n<p>Conservar en lugar fresco y seco (por debajo de 25\u00b0C), alejado de la luz solar.<br \/>\n\t\t\n<style>\n#text-608056892 {\n  font-size: 0.9rem;\n  line-height: 1.5;\n}\n<\/style>\n\t<\/div>\n\t\n\t\t<\/div>\n\t<\/div>\n\t\n<\/div>","protected":false},"excerpt":{"rendered":"<p><em><strong><span style=\"color: #50b848;\">\u2713<\/span><\/strong><\/em> <strong>Ganador de Peso Carbo-Proteico<\/strong>: F\u00f3rmula especializada para aumento de masa muscular y peso corporal.<br \/>\n<em><strong><span style=\"color: #50b848;\">\u2713<\/span><\/strong><\/em> <strong>Complejo Creatina de Alta Dosis<\/strong>: Potente mezcla de creatinas para maximizar fuerza y rendimiento.<br \/>\n<em><strong><span style=\"color: #50b848;\">\u2713<\/span><\/strong><\/em> <strong>Amino\u00e1cidos Esenciales<\/strong>: Enriquecido con BCAA, L-Glutamina, L-Citrulina y Beta-Alanina de alta calidad.<br \/>\n<em><strong><span style=\"color: #50b848;\">\u2713<\/span><\/strong><\/em> <strong>Complejo Carbo-Proteico Premium<\/strong>: Combina prote\u00ednas de alta calidad con carbohidratos para m\u00e1ximo aporte cal\u00f3rico.<br \/>\n<em><strong><span style=\"color: #50b848;\">\u2713<\/span><\/strong><\/em> <strong>Para Personas Activas<\/strong>: Ideal atletas y personas con altos requerimientos cal\u00f3ricos y de nutrientes.<\/p>","protected":false},"featured_media":576,"comment_status":"open","ping_status":"closed","template":"","meta":[],"product_brand":[],"product_cat":[36],"product_tag":[],"class_list":{"0":"post-527","1":"product","2":"type-product","3":"status-publish","4":"has-post-thumbnail","6":"product_cat-suplementos","7":"pa_sabor-chocolate","8":"pa_sabor-fresa-platano","9":"pa_sabor-frutos-del-bosque","11":"first","12":"onbackorder","13":"featured","14":"shipping-taxable","15":"purchasable","16":"product-type-variable","17":"has-default-attributes"},"_links":{"self":[{"href":"https:\/\/eqgymcu.com\/en\/wp-json\/wp\/v2\/product\/527","targetHints":{"allow":["GET"]}}],"collection":[{"href":"https:\/\/eqgymcu.com\/en\/wp-json\/wp\/v2\/product"}],"about":[{"href":"https:\/\/eqgymcu.com\/en\/wp-json\/wp\/v2\/types\/product"}],"replies":[{"embeddable":true,"href":"https:\/\/eqgymcu.com\/en\/wp-json\/wp\/v2\/comments?post=527"}],"wp:featuredmedia":[{"embeddable":true,"href":"https:\/\/eqgymcu.com\/en\/wp-json\/wp\/v2\/media\/576"}],"wp:attachment":[{"href":"https:\/\/eqgymcu.com\/en\/wp-json\/wp\/v2\/media?parent=527"}],"wp:term":[{"taxonomy":"product_brand","embeddable":true,"href":"https:\/\/eqgymcu.com\/en\/wp-json\/wp\/v2\/product_brand?post=527"},{"taxonomy":"product_cat","embeddable":true,"href":"https:\/\/eqgymcu.com\/en\/wp-json\/wp\/v2\/product_cat?post=527"},{"taxonomy":"product_tag","embeddable":true,"href":"https:\/\/eqgymcu.com\/en\/wp-json\/wp\/v2\/product_tag?post=527"}],"curies":[{"name":"wp","href":"https:\/\/api.w.org\/{rel}","templated":true}]}}