{"id":536,"date":"2025-07-03T06:10:48","date_gmt":"2025-07-03T06:10:48","guid":{"rendered":"https:\/\/eqgymcu.com\/?post_type=product&#038;p=536"},"modified":"2025-11-07T14:52:46","modified_gmt":"2025-11-07T14:52:46","slug":"protein-crepes-520g","status":"publish","type":"product","link":"https:\/\/eqgymcu.com\/en\/product\/protein-crepes-520g\/","title":{"rendered":"PROTEIN CREPES"},"content":{"rendered":"<div class=\"accordion\">\n\t<div id=\"accordion-4238323221\" class=\"accordion-item\">\n\t\t<a id=\"accordion-4238323221-label\" class=\"accordion-title plain\" href=\"#accordion-item-descripcion-general-del-producto\" aria-expanded=\"false\" aria-controls=\"accordion-4238323221-content\" >\n\t\t\t<button class=\"toggle\" aria-label=\"Toggle\"><i class=\"icon-angle-down\"><\/i><\/button>\n\t\t\t<span>Descripcion General del Producto<\/span>\n\t\t<\/a>\n\t\t<div id=\"accordion-4238323221-content\" class=\"accordion-inner\" aria-labelledby=\"accordion-4238323221-label\" >\n\t\t\t\n\t<div id=\"text-4023057906\" class=\"text\">\n\t\t\n<p><strong>Mr. Popper&#8217;s Protein Crepes<\/strong> es un polvo instant\u00e1neo ultra fino con edulcorantes y aromas, dise\u00f1ado para la preparaci\u00f3n f\u00e1cil y r\u00e1pida de una t\u00edpica crepa redonda grande con un contenido muy alto de prote\u00edna y bajo contenido de grasa. Nuestro producto utiliza s\u00f3lo ingredientes de alta calidad y fuentes de prote\u00edna como el Aislado de Suero CFM\u00ae en combinaci\u00f3n con concentrado de prote\u00edna de suero y concentrado de prote\u00edna de leche. Las <strong>Protein Crepes<\/strong>\u00a0de<strong><em> Mr. Popper&#8217;s<\/em><\/strong> se usan generalmente para el desayuno, pero tambi\u00e9n pueden ser un sabroso tentempi\u00e9 entre comidas o un postre nutritivo. <strong>Mr. Popper&#8217;s Protein Crepes<\/strong>\u00a0ya est\u00e1 en Cuba. Distribuido por <strong>EQGYM<\/strong>.<\/p>\n\t\t\n<style>\n#text-4023057906 {\n  font-size: 0.9rem;\n  line-height: 1.5;\n}\n<\/style>\n\t<\/div>\n\t\n\t\t<\/div>\n\t<\/div>\n\t\n\t<div id=\"accordion-3370760019\" class=\"accordion-item\">\n\t\t<a id=\"accordion-3370760019-label\" class=\"accordion-title plain\" href=\"#accordion-item-beneficios\" aria-expanded=\"false\" aria-controls=\"accordion-3370760019-content\" >\n\t\t\t<button class=\"toggle\" aria-label=\"Toggle\"><i class=\"icon-angle-down\"><\/i><\/button>\n\t\t\t<span>Beneficios<\/span>\n\t\t<\/a>\n\t\t<div id=\"accordion-3370760019-content\" class=\"accordion-inner\" aria-labelledby=\"accordion-3370760019-label\" >\n\t\t\t\n\t<div id=\"text-495608005\" class=\"text\">\n\t\t\n<ul>\n<li>\n<p class=\"ds-markdown-paragraph\"><strong>Preparaci\u00f3n Muy R\u00e1pida y F\u00e1cil<\/strong>: Solo agrega agua y listo.<\/p>\n<\/li>\n<li>\n<p class=\"ds-markdown-paragraph\"><strong>Alto Contenido de Prote\u00edna<\/strong>: Formulada con fuentes de prote\u00edna de alta calidad para apoyar tus objetivos musculares.<\/p>\n<\/li>\n<li>\n<p class=\"ds-markdown-paragraph\"><strong>Bajo en Grasas<\/strong>: Ideal para dietas de control de peso y definici\u00f3n.<\/p>\n<\/li>\n<li>\n<p class=\"ds-markdown-paragraph\"><strong>Con Aislado CFM\u00ae y Concentrados<\/strong>: Combina la calidad del Aislado de Suero CFM\u00ae con concentrado de prote\u00edna de suero y leche.<\/p>\n<\/li>\n<li>\n<p class=\"ds-markdown-paragraph\"><strong>Textura y Sabor de Crepe Europeo<\/strong>: Obtienes una omeleta redonda t\u00edpica, grande y deliciosa.<\/p>\n<\/li>\n<\/ul>\n\t\t\n<style>\n#text-495608005 {\n  font-size: 0.9rem;\n  line-height: 1.5;\n}\n<\/style>\n\t<\/div>\n\t\n\t\t<\/div>\n\t<\/div>\n\t\n\t<div id=\"accordion-1996563505\" class=\"accordion-item\">\n\t\t<a id=\"accordion-1996563505-label\" class=\"accordion-title plain\" href=\"#accordion-item-informacion-nutricional\" aria-expanded=\"false\" aria-controls=\"accordion-1996563505-content\" >\n\t\t\t<button class=\"toggle\" aria-label=\"Toggle\"><i class=\"icon-angle-down\"><\/i><\/button>\n\t\t\t<span>Informacion Nutricional<\/span>\n\t\t<\/a>\n\t\t<div id=\"accordion-1996563505-content\" class=\"accordion-inner\" aria-labelledby=\"accordion-1996563505-label\" >\n\t\t\t\n\t<div class=\"img has-hover x md-x lg-x y md-y lg-y\" id=\"image_469137284\">\n\t\t\t\t\t\t\t\t<div class=\"img-inner dark\" >\n\t\t\t<img loading=\"lazy\" decoding=\"async\" width=\"1582\" height=\"360\" src=\"https:\/\/eqgymcu.com\/wp-content\/uploads\/2025\/07\/crepastabla1.png\" class=\"attachment-original size-original\" alt=\"\" srcset=\"https:\/\/eqgymcu.com\/wp-content\/uploads\/2025\/07\/crepastabla1.png 1582w, https:\/\/eqgymcu.com\/wp-content\/uploads\/2025\/07\/crepastabla1-300x68.png 300w, https:\/\/eqgymcu.com\/wp-content\/uploads\/2025\/07\/crepastabla1-1024x233.png 1024w, https:\/\/eqgymcu.com\/wp-content\/uploads\/2025\/07\/crepastabla1-768x175.png 768w, https:\/\/eqgymcu.com\/wp-content\/uploads\/2025\/07\/crepastabla1-1536x350.png 1536w, https:\/\/eqgymcu.com\/wp-content\/uploads\/2025\/07\/crepastabla1-18x4.png 18w, https:\/\/eqgymcu.com\/wp-content\/uploads\/2025\/07\/crepastabla1-500x114.png 500w\" sizes=\"auto, (max-width: 1582px) 100vw, 1582px\" \/>\t\t\t\t\t\t\n\t\t\t\t\t<\/div>\n\t\t\t\t\t\t\t\t\n<style>\n#image_469137284 {\n  width: 100%;\n}\n<\/style>\n\t<\/div>\n\t\n\t<div class=\"img has-hover x md-x lg-x y md-y lg-y\" id=\"image_1037436533\">\n\t\t\t\t\t\t\t\t<div class=\"img-inner dark\" >\n\t\t\t<img loading=\"lazy\" decoding=\"async\" width=\"1578\" height=\"358\" src=\"https:\/\/eqgymcu.com\/wp-content\/uploads\/2025\/07\/crepetabla2.png\" class=\"attachment-original size-original\" alt=\"\" srcset=\"https:\/\/eqgymcu.com\/wp-content\/uploads\/2025\/07\/crepetabla2.png 1578w, https:\/\/eqgymcu.com\/wp-content\/uploads\/2025\/07\/crepetabla2-300x68.png 300w, https:\/\/eqgymcu.com\/wp-content\/uploads\/2025\/07\/crepetabla2-1024x232.png 1024w, https:\/\/eqgymcu.com\/wp-content\/uploads\/2025\/07\/crepetabla2-768x174.png 768w, https:\/\/eqgymcu.com\/wp-content\/uploads\/2025\/07\/crepetabla2-1536x348.png 1536w, https:\/\/eqgymcu.com\/wp-content\/uploads\/2025\/07\/crepetabla2-18x4.png 18w, https:\/\/eqgymcu.com\/wp-content\/uploads\/2025\/07\/crepetabla2-500x113.png 500w\" sizes=\"auto, (max-width: 1578px) 100vw, 1578px\" \/>\t\t\t\t\t\t\n\t\t\t\t\t<\/div>\n\t\t\t\t\t\t\t\t\n<style>\n#image_1037436533 {\n  width: 100%;\n}\n<\/style>\n\t<\/div>\n\t\n\t<div class=\"img has-hover x md-x lg-x y md-y lg-y\" id=\"image_1098974061\">\n\t\t\t\t\t\t\t\t<div class=\"img-inner dark\" >\n\t\t\t<img loading=\"lazy\" decoding=\"async\" width=\"1580\" height=\"357\" src=\"https:\/\/eqgymcu.com\/wp-content\/uploads\/2025\/07\/crepetabla3.png\" class=\"attachment-original size-original\" alt=\"\" srcset=\"https:\/\/eqgymcu.com\/wp-content\/uploads\/2025\/07\/crepetabla3.png 1580w, https:\/\/eqgymcu.com\/wp-content\/uploads\/2025\/07\/crepetabla3-300x68.png 300w, https:\/\/eqgymcu.com\/wp-content\/uploads\/2025\/07\/crepetabla3-1024x231.png 1024w, https:\/\/eqgymcu.com\/wp-content\/uploads\/2025\/07\/crepetabla3-768x174.png 768w, https:\/\/eqgymcu.com\/wp-content\/uploads\/2025\/07\/crepetabla3-1536x347.png 1536w, https:\/\/eqgymcu.com\/wp-content\/uploads\/2025\/07\/crepetabla3-18x4.png 18w, https:\/\/eqgymcu.com\/wp-content\/uploads\/2025\/07\/crepetabla3-500x113.png 500w\" sizes=\"auto, (max-width: 1580px) 100vw, 1580px\" \/>\t\t\t\t\t\t\n\t\t\t\t\t<\/div>\n\t\t\t\t\t\t\t\t\n<style>\n#image_1098974061 {\n  width: 100%;\n}\n<\/style>\n\t<\/div>\n\t\n\t\t<\/div>\n\t<\/div>\n\t\n\t<div id=\"accordion-997821136\" class=\"accordion-item\">\n\t\t<a id=\"accordion-997821136-label\" class=\"accordion-title plain\" href=\"#accordion-item-precauciones\" aria-expanded=\"false\" aria-controls=\"accordion-997821136-content\" >\n\t\t\t<button class=\"toggle\" aria-label=\"Toggle\"><i class=\"icon-angle-down\"><\/i><\/button>\n\t\t\t<span>Precauciones<\/span>\n\t\t<\/a>\n\t\t<div id=\"accordion-997821136-content\" class=\"accordion-inner\" aria-labelledby=\"accordion-997821136-label\" >\n\t\t\t\n\t<div id=\"text-1337484663\" class=\"text\">\n\t\t\n<p class=\"ds-markdown-paragraph\">No recomendado para mujeres embarazadas o en lactancia. Mantener fuera del alcance de los ni\u00f1os. No superar la dosis diaria recomendada. Conservar en lugar fresco y seco (&lt;<strong>25\u00b0C<\/strong>).<\/p>\n<p class=\"ds-markdown-paragraph\">\u00a0<\/p>\n\t\t\n<style>\n#text-1337484663 {\n  font-size: 0.9rem;\n  line-height: 1.5;\n}\n<\/style>\n\t<\/div>\n\t\n\t\t<\/div>\n\t<\/div>\n\t\n<\/div>","protected":false},"excerpt":{"rendered":"<p><span style=\"color: #50b848;\"><em><strong>\u2713<\/strong><\/em><\/span>\u00a0<strong>Polvo Instant\u00e1neo Ultra Fino<\/strong>:\u00a0Para una preparaci\u00f3n f\u00e1cil y r\u00e1pida.<br \/>\n<span style=\"color: #50b848;\"><em><strong>\u2713<\/strong><\/em><\/span>\u00a0<strong>Crepes Grandes y con Alto Prote\u00edna<\/strong>: Obt\u00e9n un crepe redondo t\u00edpico con un contenido muy alto de prote\u00ednas.<br \/>\n<span style=\"color: #50b848;\"><em><strong>\u2713<\/strong><\/em><\/span>\u00a0<strong>Bajo en Grasas<\/strong>:\u00a0Perfecto para tus objetivos de control de peso y definici\u00f3n.<br \/>\n<span style=\"color: #50b848;\"><em><strong>\u2713<\/strong><\/em><\/span>\u00a0<strong>Ingredientes de Primera Calidad<\/strong>:\u00a0Utiliza s\u00f3lo fuentes proteicas premium como el aislado de suero CFM\u00ae, concentrado de suero y concentrado de prote\u00edna de leche.<br \/>\n<span style=\"color: #50b848;\"><strong><em>\u2713<\/em><\/strong> <\/span><strong>Mezcla Optimizada<\/strong>: Dise\u00f1ada espec\u00edficamente para lograr la crepe proteica perfecta.<\/p>","protected":false},"featured_media":574,"comment_status":"open","ping_status":"closed","template":"","meta":[],"product_brand":[],"product_cat":[36],"product_tag":[],"class_list":{"0":"post-536","1":"product","2":"type-product","3":"status-publish","4":"has-post-thumbnail","6":"product_cat-suplementos","7":"pa_sabor-chocolate","8":"pa_sabor-natural","10":"first","11":"onbackorder","12":"featured","13":"shipping-taxable","14":"purchasable","15":"product-type-variable","16":"has-default-attributes"},"_links":{"self":[{"href":"https:\/\/eqgymcu.com\/en\/wp-json\/wp\/v2\/product\/536","targetHints":{"allow":["GET"]}}],"collection":[{"href":"https:\/\/eqgymcu.com\/en\/wp-json\/wp\/v2\/product"}],"about":[{"href":"https:\/\/eqgymcu.com\/en\/wp-json\/wp\/v2\/types\/product"}],"replies":[{"embeddable":true,"href":"https:\/\/eqgymcu.com\/en\/wp-json\/wp\/v2\/comments?post=536"}],"wp:featuredmedia":[{"embeddable":true,"href":"https:\/\/eqgymcu.com\/en\/wp-json\/wp\/v2\/media\/574"}],"wp:attachment":[{"href":"https:\/\/eqgymcu.com\/en\/wp-json\/wp\/v2\/media?parent=536"}],"wp:term":[{"taxonomy":"product_brand","embeddable":true,"href":"https:\/\/eqgymcu.com\/en\/wp-json\/wp\/v2\/product_brand?post=536"},{"taxonomy":"product_cat","embeddable":true,"href":"https:\/\/eqgymcu.com\/en\/wp-json\/wp\/v2\/product_cat?post=536"},{"taxonomy":"product_tag","embeddable":true,"href":"https:\/\/eqgymcu.com\/en\/wp-json\/wp\/v2\/product_tag?post=536"}],"curies":[{"name":"wp","href":"https:\/\/api.w.org\/{rel}","templated":true}]}}