{"id":539,"date":"2025-07-03T06:11:21","date_gmt":"2025-07-03T06:11:21","guid":{"rendered":"https:\/\/eqgymcu.com\/?post_type=product&#038;p=539"},"modified":"2025-11-07T14:52:38","modified_gmt":"2025-11-07T14:52:38","slug":"recovery-max-575g","status":"publish","type":"product","link":"https:\/\/eqgymcu.com\/en\/product\/recovery-max-575g\/","title":{"rendered":"Recovery Max"},"content":{"rendered":"<div class=\"accordion\">\n\t<div id=\"accordion-559364027\" class=\"accordion-item\">\n\t\t<a id=\"accordion-559364027-label\" class=\"accordion-title plain\" href=\"#accordion-item-descripci\u00f3n-general-del-producto\" aria-expanded=\"false\" aria-controls=\"accordion-559364027-content\" >\n\t\t\t<button class=\"toggle\" aria-label=\"Toggle\"><i class=\"icon-angle-down\"><\/i><\/button>\n\t\t\t<span>Descripci\u00f3n General del Producto<\/span>\n\t\t<\/a>\n\t\t<div id=\"accordion-559364027-content\" class=\"accordion-inner\" aria-labelledby=\"accordion-559364027-label\" >\n\t\t\t\n\t<div id=\"text-2678551893\" class=\"text\">\n\t\t\n<p><strong>Recovery Max<\/strong> de <strong>Amix<\/strong> es un suplemento alimenticio con edulcorantes y aromas desarrollado espec\u00edficamente para la <strong><em>recuperaci\u00f3n posterior al ejercicio f\u00edsico intenso<\/em><\/strong>. Durante la primera hora despu\u00e9s del entrenamiento, tus m\u00fasculos buscan la mejor fuente de nutrici\u00f3n y nutrientes espec\u00edficos destinados directamente a su regeneraci\u00f3n y a la suplementaci\u00f3n \u00f3ptima de los nutrientes perdidos. <strong>Recovery Max<\/strong>\u00a0proporciona una f\u00f3rmula completa que combina <em><strong>L-Glutamina<\/strong><\/em>, <em><strong>BCAA<\/strong><\/em>, <em><strong>L-Citrulina Malato<\/strong><\/em>, <strong><em>Beta Alanina<\/em> <\/strong>y <strong><em>PhosphoMatrix<\/em>\u00ae<\/strong> para apoyar la recuperaci\u00f3n muscular m\u00e1xima.<\/p>\n<p><strong>Recovery Max<\/strong> ya est\u00e1 en Cuba. Distribuido por <strong>EQGYM.<\/strong><\/p>\n\t\t\n<style>\n#text-2678551893 {\n  font-size: 0.9rem;\n  line-height: 1.5;\n}\n<\/style>\n\t<\/div>\n\t\n\t\t<\/div>\n\t<\/div>\n\t\n\t<div id=\"accordion-1347306011\" class=\"accordion-item\">\n\t\t<a id=\"accordion-1347306011-label\" class=\"accordion-title plain\" href=\"#accordion-item-beneficios\" aria-expanded=\"false\" aria-controls=\"accordion-1347306011-content\" >\n\t\t\t<button class=\"toggle\" aria-label=\"Toggle\"><i class=\"icon-angle-down\"><\/i><\/button>\n\t\t\t<span>Beneficios<\/span>\n\t\t<\/a>\n\t\t<div id=\"accordion-1347306011-content\" class=\"accordion-inner\" aria-labelledby=\"accordion-1347306011-label\" >\n\t\t\t\n\t<div id=\"text-3823562186\" class=\"text\">\n\t\t\n<ul>\n<li><strong>L-Glutamina:<\/strong> Amino\u00e1cido m\u00e1s abundante en los m\u00fasculos, esencial para la regeneraci\u00f3n y el crecimiento muscular.<\/li>\n<li><strong>BCAA:<\/strong> Amino\u00e1cidos de cadena ramificada que aumentan la s\u00edntesis de prote\u00edna muscular y reducen su descomposici\u00f3n.<\/li>\n<li><strong>L-Citrulina Malato:<\/strong> Ayuda a eliminar el \u00e1cido l\u00e1ctico de los m\u00fasculos y recupera las fuentes de energ\u00eda inmediata (ATP).<\/li>\n<li><strong>Beta Alanina:<\/strong> Favorece la creaci\u00f3n de carnosina en los m\u00fasculos y mejora la calidad del sue\u00f1o para una recuperaci\u00f3n completa.<\/li>\n<li><strong>PhosphoMatrix\u00ae:<\/strong> Mezcla mineral premium que asegura el suministro de sustancias importantes al torrente sangu\u00edneo.<\/li>\n<li><strong>Recuperaci\u00f3n Integral:<\/strong> F\u00f3rmula especializada que elimina los signos de fatiga y acelera la regeneraci\u00f3n muscular.<\/li>\n<\/ul>\n\t\t\n<style>\n#text-3823562186 {\n  font-size: 0.9rem;\n  line-height: 1.5;\n}\n<\/style>\n\t<\/div>\n\t\n\t\t<\/div>\n\t<\/div>\n\t\n\t<div id=\"accordion-2412084903\" class=\"accordion-item\">\n\t\t<a id=\"accordion-2412084903-label\" class=\"accordion-title plain\" href=\"#accordion-item-informacion-nutricional\" aria-expanded=\"false\" aria-controls=\"accordion-2412084903-content\" >\n\t\t\t<button class=\"toggle\" aria-label=\"Toggle\"><i class=\"icon-angle-down\"><\/i><\/button>\n\t\t\t<span>Informacion Nutricional<\/span>\n\t\t<\/a>\n\t\t<div id=\"accordion-2412084903-content\" class=\"accordion-inner\" aria-labelledby=\"accordion-2412084903-label\" >\n\t\t\t\n\t<div class=\"img has-hover x md-x lg-x y md-y lg-y\" id=\"image_2002018903\">\n\t\t\t\t\t\t\t\t<div class=\"img-inner dark\" >\n\t\t\t<img loading=\"lazy\" decoding=\"async\" width=\"1020\" height=\"411\" src=\"https:\/\/eqgymcu.com\/wp-content\/uploads\/2025\/07\/recomaxtable-1024x413.png\" class=\"attachment-large size-large\" alt=\"\" srcset=\"https:\/\/eqgymcu.com\/wp-content\/uploads\/2025\/07\/recomaxtable-1024x413.png 1024w, https:\/\/eqgymcu.com\/wp-content\/uploads\/2025\/07\/recomaxtable-300x121.png 300w, https:\/\/eqgymcu.com\/wp-content\/uploads\/2025\/07\/recomaxtable-768x310.png 768w, https:\/\/eqgymcu.com\/wp-content\/uploads\/2025\/07\/recomaxtable-1536x620.png 1536w, https:\/\/eqgymcu.com\/wp-content\/uploads\/2025\/07\/recomaxtable-18x7.png 18w, https:\/\/eqgymcu.com\/wp-content\/uploads\/2025\/07\/recomaxtable-500x202.png 500w, https:\/\/eqgymcu.com\/wp-content\/uploads\/2025\/07\/recomaxtable.png 1578w\" sizes=\"auto, (max-width: 1020px) 100vw, 1020px\" \/>\t\t\t\t\t\t\n\t\t\t\t\t<\/div>\n\t\t\t\t\t\t\t\t\n<style>\n#image_2002018903 {\n  width: 100%;\n}\n<\/style>\n\t<\/div>\n\t\n\t\t<\/div>\n\t<\/div>\n\t\n\t<div id=\"accordion-49412648\" class=\"accordion-item\">\n\t\t<a id=\"accordion-49412648-label\" class=\"accordion-title plain\" href=\"#accordion-item-precauciones\" aria-expanded=\"false\" aria-controls=\"accordion-49412648-content\" >\n\t\t\t<button class=\"toggle\" aria-label=\"Toggle\"><i class=\"icon-angle-down\"><\/i><\/button>\n\t\t\t<span>Precauciones<\/span>\n\t\t<\/a>\n\t\t<div id=\"accordion-49412648-content\" class=\"accordion-inner\" aria-labelledby=\"accordion-49412648-label\" >\n\t\t\t\n\t<div id=\"text-39498941\" class=\"text\">\n\t\t\n<p class=\"ds-markdown-paragraph\"><strong>ADVERTENCIA<\/strong>: No utilizar este producto si est\u00e1 embarazada o en per\u00edodo de lactancia. El producto no est\u00e1 dise\u00f1ado para ni\u00f1os. Mantener fuera del alcance de los ni\u00f1os. No exceder la dosis diaria recomendada. Los suplementos alimenticios no deben utilizarse como sustituto de una dieta variada. El fabricante no se hace responsable de los da\u00f1os causados por un uso o almacenamiento inadecuado. Almacenar a una temperatura que no supere los <strong>25\u00b0C<\/strong> en un lugar fresco y seco, protegido de la luz solar.<\/p>\n\t\t\n<style>\n#text-39498941 {\n  font-size: 0.9rem;\n  line-height: 1.5;\n}\n<\/style>\n\t<\/div>\n\t\n\t\t<\/div>\n\t<\/div>\n\t\n<\/div>","protected":false},"excerpt":{"rendered":"<p><strong><span style=\"color: #50b848;\"><em>\u2713<\/em><\/span> Recuperaci\u00f3n Post-Entreno<\/strong>: Recovery Max esta formulado especialmente para usar despu\u00e9s del ejercicio f\u00edsico intenso.<br \/>\n<strong><span style=\"color: #50b848;\"><em>\u2713<\/em> <\/span>Ventana Anab\u00f3lica<\/strong>: Aporta nutrientes esenciales en la primera hora tras el entrenamiento.<br \/>\n<strong><span style=\"color: #50b848;\"><em>\u2713<\/em><\/span> Regeneraci\u00f3n Muscular<\/strong>: Proporciona nutrientes espec\u00edficos para una recuperaci\u00f3n \u00f3ptima.<br \/>\n<strong><span style=\"color: #50b848;\"><em>\u2713<\/em><\/span> Reposici\u00f3n de Nutrientes<\/strong>: Suplementaci\u00f3n espec\u00edfica para compensar las p\u00e9rdidas nutricionales.<\/p>","protected":false},"featured_media":573,"comment_status":"open","ping_status":"closed","template":"","meta":[],"product_brand":[37],"product_cat":[36],"product_tag":[],"class_list":{"0":"post-539","1":"product","2":"type-product","3":"status-publish","4":"has-post-thumbnail","6":"product_brand-amix","7":"product_cat-suplementos","8":"pa_sabor-impacto-frutal","10":"first","11":"instock","12":"featured","13":"shipping-taxable","14":"purchasable","15":"product-type-variable","16":"has-default-attributes"},"_links":{"self":[{"href":"https:\/\/eqgymcu.com\/en\/wp-json\/wp\/v2\/product\/539","targetHints":{"allow":["GET"]}}],"collection":[{"href":"https:\/\/eqgymcu.com\/en\/wp-json\/wp\/v2\/product"}],"about":[{"href":"https:\/\/eqgymcu.com\/en\/wp-json\/wp\/v2\/types\/product"}],"replies":[{"embeddable":true,"href":"https:\/\/eqgymcu.com\/en\/wp-json\/wp\/v2\/comments?post=539"}],"wp:featuredmedia":[{"embeddable":true,"href":"https:\/\/eqgymcu.com\/en\/wp-json\/wp\/v2\/media\/573"}],"wp:attachment":[{"href":"https:\/\/eqgymcu.com\/en\/wp-json\/wp\/v2\/media?parent=539"}],"wp:term":[{"taxonomy":"product_brand","embeddable":true,"href":"https:\/\/eqgymcu.com\/en\/wp-json\/wp\/v2\/product_brand?post=539"},{"taxonomy":"product_cat","embeddable":true,"href":"https:\/\/eqgymcu.com\/en\/wp-json\/wp\/v2\/product_cat?post=539"},{"taxonomy":"product_tag","embeddable":true,"href":"https:\/\/eqgymcu.com\/en\/wp-json\/wp\/v2\/product_tag?post=539"}],"curies":[{"name":"wp","href":"https:\/\/api.w.org\/{rel}","templated":true}]}}