{"id":541,"date":"2025-07-03T13:12:34","date_gmt":"2025-07-03T13:12:34","guid":{"rendered":"https:\/\/eqgymcu.com\/?post_type=product&#038;p=541"},"modified":"2025-11-07T14:52:46","modified_gmt":"2025-11-07T14:52:46","slug":"glutamine-bcaa-530g","status":"publish","type":"product","link":"https:\/\/eqgymcu.com\/en\/product\/glutamine-bcaa-530g\/","title":{"rendered":"Glutamine + BCAA Powder"},"content":{"rendered":"<div class=\"accordion\">\n\t<div id=\"accordion-4070125930\" class=\"accordion-item\">\n\t\t<a id=\"accordion-4070125930-label\" class=\"accordion-title plain\" href=\"#accordion-item-descripcion-general-del-producto\" aria-expanded=\"false\" aria-controls=\"accordion-4070125930-content\" >\n\t\t\t<button class=\"toggle\" aria-label=\"Toggle\"><i class=\"icon-angle-down\"><\/i><\/button>\n\t\t\t<span>Descripcion General del Producto<\/span>\n\t\t<\/a>\n\t\t<div id=\"accordion-4070125930-content\" class=\"accordion-inner\" aria-labelledby=\"accordion-4070125930-label\" >\n\t\t\t\n\t<div id=\"text-3015914618\" class=\"text\">\n\t\t\n<p><strong>Glutamine + BCAA Powder<\/strong> de <strong>Amix<\/strong> es un suplemento alimenticio que combina amino\u00e1cidos de cadena ramificada <em><strong>BCAA<\/strong><\/em> en una proporci\u00f3n \u00f3ptima con la misma cantidad de <em><strong>L-glutamina micronizada<\/strong><\/em>. Cada servicio proporciona <em><strong>10,000 mg de BCAA + L-glutamina<\/strong><\/em>, ofreciendo una f\u00f3rmula de alta calidad para apoyar la recuperaci\u00f3n y el desarrollo muscular. La combinaci\u00f3n sin\u00e9rgica de estos componentes esenciales lo convierte en un complemento ideal para atletas y personas f\u00edsicamente activas.<\/p>\n<p><strong>Glutamine + BCAA Powder<\/strong> ya est\u00e1 en Cuba. Distribuido por <strong>EQGYM<\/strong>.<\/p>\n\t\t\n<style>\n#text-3015914618 {\n  font-size: 0.9rem;\n  line-height: 1.5;\n}\n<\/style>\n\t<\/div>\n\t\n\t\t<\/div>\n\t<\/div>\n\t\n\t<div id=\"accordion-1010455947\" class=\"accordion-item\">\n\t\t<a id=\"accordion-1010455947-label\" class=\"accordion-title plain\" href=\"#accordion-item-beneficios\" aria-expanded=\"false\" aria-controls=\"accordion-1010455947-content\" >\n\t\t\t<button class=\"toggle\" aria-label=\"Toggle\"><i class=\"icon-angle-down\"><\/i><\/button>\n\t\t\t<span>Beneficios<\/span>\n\t\t<\/a>\n\t\t<div id=\"accordion-1010455947-content\" class=\"accordion-inner\" aria-labelledby=\"accordion-1010455947-label\" >\n\t\t\t\n\t<div id=\"text-1951432155\" class=\"text\">\n\t\t\n<ul>\n<li><strong>F\u00f3rmula Potente:<\/strong> 10,000 mg de BCAA + L-glutamina por servicio.<\/li>\n<li><strong>Ratio \u00d3ptimo 2:1:1:<\/strong> Proporci\u00f3n ideal de amino\u00e1cidos de cadena ramificada para m\u00e1xima efectividad.<\/li>\n<li><strong>L-Glutamina Micronizada:<\/strong> Mayor pureza y mejor absorci\u00f3n para una recuperaci\u00f3n muscular \u00f3ptima.<\/li>\n<li><strong>Recuperaci\u00f3n Muscular:<\/strong> Reduce el da\u00f1o muscular y acelera los procesos de regeneraci\u00f3n.<\/li>\n<li><strong>Amplia Variedad de Sabores:<\/strong> 11 deliciosas opciones para todos los gustos.<\/li>\n<li><strong>M\u00faltiples Formatos:<\/strong> Disponible en diferentes tama\u00f1os seg\u00fan tus necesidades.<\/li>\n<\/ul>\n\t\t\n<style>\n#text-1951432155 {\n  font-size: 0.9rem;\n  line-height: 1.5;\n}\n<\/style>\n\t<\/div>\n\t\n\t\t<\/div>\n\t<\/div>\n\t\n\t<div id=\"accordion-882963642\" class=\"accordion-item\">\n\t\t<a id=\"accordion-882963642-label\" class=\"accordion-title plain\" href=\"#accordion-item-informacion-nutricional\" aria-expanded=\"false\" aria-controls=\"accordion-882963642-content\" >\n\t\t\t<button class=\"toggle\" aria-label=\"Toggle\"><i class=\"icon-angle-down\"><\/i><\/button>\n\t\t\t<span>Informacion Nutricional<\/span>\n\t\t<\/a>\n\t\t<div id=\"accordion-882963642-content\" class=\"accordion-inner\" aria-labelledby=\"accordion-882963642-label\" >\n\t\t\t\n\t<div class=\"img has-hover x md-x lg-x y md-y lg-y\" id=\"image_1888336703\">\n\t\t\t\t\t\t\t\t<div class=\"img-inner dark\" >\n\t\t\t<img loading=\"lazy\" decoding=\"async\" width=\"1580\" height=\"291\" src=\"https:\/\/eqgymcu.com\/wp-content\/uploads\/2025\/07\/glutamina_bcaatabla.png\" class=\"attachment-original size-original\" alt=\"\" srcset=\"https:\/\/eqgymcu.com\/wp-content\/uploads\/2025\/07\/glutamina_bcaatabla.png 1580w, https:\/\/eqgymcu.com\/wp-content\/uploads\/2025\/07\/glutamina_bcaatabla-300x55.png 300w, https:\/\/eqgymcu.com\/wp-content\/uploads\/2025\/07\/glutamina_bcaatabla-1024x189.png 1024w, https:\/\/eqgymcu.com\/wp-content\/uploads\/2025\/07\/glutamina_bcaatabla-768x141.png 768w, https:\/\/eqgymcu.com\/wp-content\/uploads\/2025\/07\/glutamina_bcaatabla-1536x283.png 1536w, https:\/\/eqgymcu.com\/wp-content\/uploads\/2025\/07\/glutamina_bcaatabla-18x3.png 18w, https:\/\/eqgymcu.com\/wp-content\/uploads\/2025\/07\/glutamina_bcaatabla-500x92.png 500w\" sizes=\"auto, (max-width: 1580px) 100vw, 1580px\" \/>\t\t\t\t\t\t\n\t\t\t\t\t<\/div>\n\t\t\t\t\t\t\t\t\n<style>\n#image_1888336703 {\n  width: 100%;\n}\n<\/style>\n\t<\/div>\n\t\n\t\t<\/div>\n\t<\/div>\n\t\n\t<div id=\"accordion-1654844505\" class=\"accordion-item\">\n\t\t<a id=\"accordion-1654844505-label\" class=\"accordion-title plain\" href=\"#accordion-item-precauciones\" aria-expanded=\"false\" aria-controls=\"accordion-1654844505-content\" >\n\t\t\t<button class=\"toggle\" aria-label=\"Toggle\"><i class=\"icon-angle-down\"><\/i><\/button>\n\t\t\t<span>Precauciones<\/span>\n\t\t<\/a>\n\t\t<div id=\"accordion-1654844505-content\" class=\"accordion-inner\" aria-labelledby=\"accordion-1654844505-label\" >\n\t\t\t\n\t<div id=\"text-3627001672\" class=\"text\">\n\t\t\n<p class=\"ds-markdown-paragraph\"><strong>Advertencia:<\/strong> No utilizar este producto si est\u00e1 embarazada o en per\u00edodo de lactancia. El producto no est\u00e1 dise\u00f1ado para ni\u00f1os. Mantener fuera del alcance de los ni\u00f1os. No exceder la dosis diaria recomendada. Los suplementos alimenticios no deben utilizarse como sustituto de una dieta variada. El fabricante no se hace responsable de los da\u00f1os causados por un uso o almacenamiento inadecuado. Almacenar a una temperatura que no supere los <strong>25\u00b0C <\/strong>en un lugar fresco y seco, protegido de la luz solar.<\/p>\n\t\t\n<style>\n#text-3627001672 {\n  font-size: 0.9rem;\n  line-height: 1.5;\n}\n<\/style>\n\t<\/div>\n\t\n\t\t<\/div>\n\t<\/div>\n\t\n<\/div>","protected":false},"excerpt":{"rendered":"<p><strong><span style=\"color: #50b848;\"><em><span class=\"checkmark\">\u2713<\/span><\/em><\/span> F\u00f3rmula BCAA + Glutamina<\/strong>: Combina amino\u00e1cidos de cadena ramificada y L-Glutamina en una sola dosis de alta potencia.<br \/>\n<strong><span style=\"color: #50b848;\"><em><span class=\"checkmark\">\u2713<\/span><\/em><\/span> Ratio \u00d3ptimo 2:1:1<\/strong>: Proporci\u00f3n cient\u00edfica de Leucina, Isoleucina y Valina para m\u00e1xima eficacia muscular.<br \/>\n<strong><span style=\"color: #50b848;\"><em><span class=\"checkmark\">\u2713<\/span><\/em><\/span> L-Glutamina Micronizada<\/strong>: Part\u00edculas ultrafinas para una disoluci\u00f3n y absorci\u00f3n m\u00e1s r\u00e1pidas.<br \/>\n<strong><span style=\"color: #50b848;\"><em><span class=\"checkmark\">\u2713<\/span><\/em><\/span> Alta Concentraci\u00f3n<\/strong>: 10,000 mg por servicio para unos resultados superiores.<br \/>\n<strong><span style=\"color: #50b848;\"><em><span class=\"checkmark\">\u2713<\/span><\/em><\/span> Recuperaci\u00f3n Muscular Acelerada<\/strong>: Ayuda a reducir el da\u00f1o muscular y favorece la reparaci\u00f3n de los tejidos.<br \/>\n<strong><span style=\"color: #50b848;\"><em><span class=\"checkmark\">\u2713<\/span><\/em><\/span> Reducci\u00f3n de la Fatiga<\/strong>: Los BCAAs ayudan a retrasar la aparici\u00f3n del cansancio durante el entrenamiento.<\/p>","protected":false},"featured_media":571,"comment_status":"open","ping_status":"closed","template":"","meta":[],"product_brand":[37],"product_cat":[36],"product_tag":[],"class_list":{"0":"post-541","1":"product","2":"type-product","3":"status-publish","4":"has-post-thumbnail","6":"product_brand-amix","7":"product_cat-suplementos","8":"pa_sabor-cola","9":"pa_sabor-lima-limon","10":"pa_sabor-naranja","11":"pa_sabor-pina","13":"first","14":"instock","15":"featured","16":"shipping-taxable","17":"purchasable","18":"product-type-variable","19":"has-default-attributes"},"_links":{"self":[{"href":"https:\/\/eqgymcu.com\/en\/wp-json\/wp\/v2\/product\/541","targetHints":{"allow":["GET"]}}],"collection":[{"href":"https:\/\/eqgymcu.com\/en\/wp-json\/wp\/v2\/product"}],"about":[{"href":"https:\/\/eqgymcu.com\/en\/wp-json\/wp\/v2\/types\/product"}],"replies":[{"embeddable":true,"href":"https:\/\/eqgymcu.com\/en\/wp-json\/wp\/v2\/comments?post=541"}],"wp:featuredmedia":[{"embeddable":true,"href":"https:\/\/eqgymcu.com\/en\/wp-json\/wp\/v2\/media\/571"}],"wp:attachment":[{"href":"https:\/\/eqgymcu.com\/en\/wp-json\/wp\/v2\/media?parent=541"}],"wp:term":[{"taxonomy":"product_brand","embeddable":true,"href":"https:\/\/eqgymcu.com\/en\/wp-json\/wp\/v2\/product_brand?post=541"},{"taxonomy":"product_cat","embeddable":true,"href":"https:\/\/eqgymcu.com\/en\/wp-json\/wp\/v2\/product_cat?post=541"},{"taxonomy":"product_tag","embeddable":true,"href":"https:\/\/eqgymcu.com\/en\/wp-json\/wp\/v2\/product_tag?post=541"}],"curies":[{"name":"wp","href":"https:\/\/api.w.org\/{rel}","templated":true}]}}