{"id":546,"date":"2025-07-03T13:13:25","date_gmt":"2025-07-03T13:13:25","guid":{"rendered":"https:\/\/eqgymcu.com\/?post_type=product&#038;p=546"},"modified":"2025-11-07T14:52:38","modified_gmt":"2025-11-07T14:52:38","slug":"crea-trix-824g","status":"publish","type":"product","link":"https:\/\/eqgymcu.com\/en\/product\/crea-trix-824g\/","title":{"rendered":"Crea-Trix"},"content":{"rendered":"<div class=\"accordion\">\n\t<div id=\"accordion-3263969336\" class=\"accordion-item\">\n\t\t<a id=\"accordion-3263969336-label\" class=\"accordion-title plain\" href=\"#accordion-item-descripcion-general-del-producto\" aria-expanded=\"false\" aria-controls=\"accordion-3263969336-content\" >\n\t\t\t<button class=\"toggle\" aria-label=\"Toggle\"><i class=\"icon-angle-down\"><\/i><\/button>\n\t\t\t<span>Descripcion General del Producto<\/span>\n\t\t<\/a>\n\t\t<div id=\"accordion-3263969336-content\" class=\"accordion-inner\" aria-labelledby=\"accordion-3263969336-label\" >\n\t\t\t\n\t<div id=\"text-194073317\" class=\"text\">\n\t\t\n<p><strong>Crea-Trix<\/strong> de <strong>Amix<\/strong> es un suplemento alimenticio con edulcorantes y aroma que representa la evoluci\u00f3n en suplementaci\u00f3n con creatina. No te conformes con una creatina ordinaria cuando puedes tener todos los beneficios de un Complejo de Creatina. <strong>Crea-Trix<\/strong> es un complejo exclusivo y \u00fanico que combina las 6 formas de creatina m\u00e1s efectivas: <em><strong>Creatina Monohidrato<\/strong><\/em>, <em><strong>Creatina Etil Ester HCL<\/strong><\/em>, <em><strong>Tri-Creatina Malato<\/strong><\/em>, <em><strong>Tri-Creatina Citrato<\/strong><\/em>, <em><strong>Di-Creatina Malato<\/strong><\/em> y <em><strong>Kre-Alkalyn\u00ae<\/strong><\/em>. La creatina <strong><em>aumenta el rendimiento f\u00edsico<\/em><\/strong> en ejercicios sucesivos de corta duraci\u00f3n y alta intensidad. El efecto beneficioso se obtiene con una ingesta diaria de <em><strong>3 g<\/strong><\/em> de creatina.<\/p>\n<p><strong>Crea-Trix<\/strong> ya est\u00e1 en Cuba. Distribuido por <strong>EQGYM<\/strong>.<\/p>\n\t\t\n<style>\n#text-194073317 {\n  font-size: 0.9rem;\n  line-height: 1.5;\n}\n<\/style>\n\t<\/div>\n\t\n\t\t<\/div>\n\t<\/div>\n\t\n\t<div id=\"accordion-4100678440\" class=\"accordion-item\">\n\t\t<a id=\"accordion-4100678440-label\" class=\"accordion-title plain\" href=\"#accordion-item-beneficios\" aria-expanded=\"false\" aria-controls=\"accordion-4100678440-content\" >\n\t\t\t<button class=\"toggle\" aria-label=\"Toggle\"><i class=\"icon-angle-down\"><\/i><\/button>\n\t\t\t<span>Beneficios<\/span>\n\t\t<\/a>\n\t\t<div id=\"accordion-4100678440-content\" class=\"accordion-inner\" aria-labelledby=\"accordion-4100678440-label\" >\n\t\t\t\n\t<div id=\"text-44699189\" class=\"text\">\n\t\t\n<ul>\n<li><strong>Complejo Exclusivo 6 en 1:<\/strong> Combina las formas m\u00e1s efectivas de creatina en una f\u00f3rmula \u00fanica.<\/li>\n<li><strong>Aumenta el Rendimiento F\u00edsico:<\/strong> Mejora el desempe\u00f1o en ejercicios de alta intensidad y corta duraci\u00f3n.<\/li>\n<li><strong>Tecnolog\u00eda Avanzada:<\/strong> Incluye Kre-Alkalyn\u00ae y Creatina Etil Ester HCL para m\u00e1xima absorci\u00f3n.<\/li>\n<li><strong>Dosis \u00d3ptima:<\/strong> El efecto beneficioso se obtiene con una ingesta diaria de 3 g de creatina.<\/li>\n<li><strong>F\u00f3rmula Completa:<\/strong> Tri-Creatina Malato, Tri-Creatina Citrato y Di-Creatina Malato para efectos sin\u00e9rgicos.<\/li>\n<li><strong>M\u00e1xima Calidad:<\/strong> Producto dise\u00f1ado para atletas exigentes que buscan resultados superiores.<\/li>\n<\/ul>\n\t\t\n<style>\n#text-44699189 {\n  font-size: 0.9rem;\n  line-height: 1.5;\n}\n<\/style>\n\t<\/div>\n\t\n\t\t<\/div>\n\t<\/div>\n\t\n\t<div id=\"accordion-1643599107\" class=\"accordion-item\">\n\t\t<a id=\"accordion-1643599107-label\" class=\"accordion-title plain\" href=\"#accordion-item-informacion-nutricional\" aria-expanded=\"false\" aria-controls=\"accordion-1643599107-content\" >\n\t\t\t<button class=\"toggle\" aria-label=\"Toggle\"><i class=\"icon-angle-down\"><\/i><\/button>\n\t\t\t<span>Informacion Nutricional<\/span>\n\t\t<\/a>\n\t\t<div id=\"accordion-1643599107-content\" class=\"accordion-inner\" aria-labelledby=\"accordion-1643599107-label\" >\n\t\t\t\n\t<div class=\"img has-hover x md-x lg-x y md-y lg-y\" id=\"image_781996233\">\n\t\t\t\t\t\t\t\t<div class=\"img-inner dark\" >\n\t\t\t<img loading=\"lazy\" decoding=\"async\" width=\"1578\" height=\"640\" src=\"https:\/\/eqgymcu.com\/wp-content\/uploads\/2025\/07\/creatrixtable.png\" class=\"attachment-original size-original\" alt=\"\" srcset=\"https:\/\/eqgymcu.com\/wp-content\/uploads\/2025\/07\/creatrixtable.png 1578w, https:\/\/eqgymcu.com\/wp-content\/uploads\/2025\/07\/creatrixtable-300x122.png 300w, https:\/\/eqgymcu.com\/wp-content\/uploads\/2025\/07\/creatrixtable-1024x415.png 1024w, https:\/\/eqgymcu.com\/wp-content\/uploads\/2025\/07\/creatrixtable-768x311.png 768w, https:\/\/eqgymcu.com\/wp-content\/uploads\/2025\/07\/creatrixtable-1536x623.png 1536w, https:\/\/eqgymcu.com\/wp-content\/uploads\/2025\/07\/creatrixtable-18x7.png 18w, https:\/\/eqgymcu.com\/wp-content\/uploads\/2025\/07\/creatrixtable-500x203.png 500w\" sizes=\"auto, (max-width: 1578px) 100vw, 1578px\" \/>\t\t\t\t\t\t\n\t\t\t\t\t<\/div>\n\t\t\t\t\t\t\t\t\n<style>\n#image_781996233 {\n  width: 100%;\n}\n<\/style>\n\t<\/div>\n\t\n\t\t<\/div>\n\t<\/div>\n\t\n\t<div id=\"accordion-1330549340\" class=\"accordion-item\">\n\t\t<a id=\"accordion-1330549340-label\" class=\"accordion-title plain\" href=\"#accordion-item-precauciones\" aria-expanded=\"false\" aria-controls=\"accordion-1330549340-content\" >\n\t\t\t<button class=\"toggle\" aria-label=\"Toggle\"><i class=\"icon-angle-down\"><\/i><\/button>\n\t\t\t<span>Precauciones<\/span>\n\t\t<\/a>\n\t\t<div id=\"accordion-1330549340-content\" class=\"accordion-inner\" aria-labelledby=\"accordion-1330549340-label\" >\n\t\t\t\n\t<div id=\"text-3915345301\" class=\"text\">\n\t\t\n<p class=\"ds-markdown-paragraph\"><strong>Advertencia<\/strong>: No utilizar este producto si est\u00e1 embarazada o en per\u00edodo de lactancia. El producto no est\u00e1 dise\u00f1ado para ni\u00f1os. Mantener fuera del alcance de los ni\u00f1os. No exceder la dosis diaria recomendada. Los suplementos alimenticios no deben utilizarse como sustituto de una dieta variada. El fabricante no se hace responsable de los da\u00f1os causados por un uso o almacenamiento inadecuado. Almacenar a una temperatura que no supere los <strong>25\u00b0C<\/strong> en un lugar fresco y seco, protegido de la luz solar.<\/p>\n\t\t\n<style>\n#text-3915345301 {\n  font-size: 0.9rem;\n  line-height: 1.5;\n}\n<\/style>\n\t<\/div>\n\t\n\t\t<\/div>\n\t<\/div>\n\t\n<\/div>","protected":false},"excerpt":{"rendered":"<p><span style=\"color: #50b848;\"><em><strong>\u2713<\/strong><\/em><\/span>\u00a0<strong>Complejo Exclusivo de Creatina<\/strong>: Crea-Trix combina las 6 formas m\u00e1s efectivas de creatina en una f\u00f3rmula \u00fanica.<br \/>\n<span style=\"color: #50b848;\"><em><strong>\u2713<\/strong><\/em><\/span>\u00a0<strong>Tecnolog\u00eda Avanzada<\/strong>: Incluye Creatina Monohidrato, Kre-Alkalyn, Citrato y Malato de Creatina.<br \/>\n<span style=\"color: #50b848;\"><em><strong>\u2713<\/strong><\/em><\/span>\u00a0<strong>M\u00e1xima Absorci\u00f3n<\/strong>:\u00a0Mezcla sin\u00e9rgica para optimizar los resultados en fuerza y rendimiento.<br \/>\n<span style=\"color: #50b848;\"><em><strong>\u2713<\/strong><\/em><\/span>\u00a0<strong>F\u00f3rmula Patentada<\/strong>:\u00a0Dise\u00f1ada para apoyar el aumento de masa muscular y la recuperaci\u00f3n.<\/p>","protected":false},"featured_media":570,"comment_status":"open","ping_status":"closed","template":"","meta":[],"product_brand":[37],"product_cat":[36],"product_tag":[],"class_list":{"0":"post-546","1":"product","2":"type-product","3":"status-publish","4":"has-post-thumbnail","6":"product_brand-amix","7":"product_cat-suplementos","8":"pa_sabor-lima-limon","10":"first","11":"instock","12":"featured","13":"shipping-taxable","14":"purchasable","15":"product-type-variable","16":"has-default-attributes"},"_links":{"self":[{"href":"https:\/\/eqgymcu.com\/en\/wp-json\/wp\/v2\/product\/546","targetHints":{"allow":["GET"]}}],"collection":[{"href":"https:\/\/eqgymcu.com\/en\/wp-json\/wp\/v2\/product"}],"about":[{"href":"https:\/\/eqgymcu.com\/en\/wp-json\/wp\/v2\/types\/product"}],"replies":[{"embeddable":true,"href":"https:\/\/eqgymcu.com\/en\/wp-json\/wp\/v2\/comments?post=546"}],"wp:featuredmedia":[{"embeddable":true,"href":"https:\/\/eqgymcu.com\/en\/wp-json\/wp\/v2\/media\/570"}],"wp:attachment":[{"href":"https:\/\/eqgymcu.com\/en\/wp-json\/wp\/v2\/media?parent=546"}],"wp:term":[{"taxonomy":"product_brand","embeddable":true,"href":"https:\/\/eqgymcu.com\/en\/wp-json\/wp\/v2\/product_brand?post=546"},{"taxonomy":"product_cat","embeddable":true,"href":"https:\/\/eqgymcu.com\/en\/wp-json\/wp\/v2\/product_cat?post=546"},{"taxonomy":"product_tag","embeddable":true,"href":"https:\/\/eqgymcu.com\/en\/wp-json\/wp\/v2\/product_tag?post=546"}],"curies":[{"name":"wp","href":"https:\/\/api.w.org\/{rel}","templated":true}]}}