{"id":553,"date":"2025-07-03T13:16:10","date_gmt":"2025-07-03T13:16:10","guid":{"rendered":"https:\/\/eqgymcu.com\/?post_type=product&#038;p=553"},"modified":"2025-11-07T14:52:46","modified_gmt":"2025-11-07T14:52:46","slug":"lipotropic-fat-burner-200caps","status":"publish","type":"product","link":"https:\/\/eqgymcu.com\/en\/product\/lipotropic-fat-burner-200caps\/","title":{"rendered":"Lipotropic Fat Burner"},"content":{"rendered":"<div class=\"accordion\">\n\t<div id=\"accordion-3201776151\" class=\"accordion-item\">\n\t\t<a id=\"accordion-3201776151-label\" class=\"accordion-title plain\" href=\"#accordion-item-descripcion-general-del-producto\" aria-expanded=\"false\" aria-controls=\"accordion-3201776151-content\" >\n\t\t\t<button class=\"toggle\" aria-label=\"Toggle\"><i class=\"icon-angle-down\"><\/i><\/button>\n\t\t\t<span>Descripcion General del Producto<\/span>\n\t\t<\/a>\n\t\t<div id=\"accordion-3201776151-content\" class=\"accordion-inner\" aria-labelledby=\"accordion-3201776151-label\" >\n\t\t\t\n\t<div id=\"text-3523380387\" class=\"text\">\n\t\t\n<p><span style=\"font-size: 100%;\"><strong>Descripci\u00f3n General del Producto<\/strong><\/span><\/p>\n<p>**Lipotropic Fat Burner de Amix\u2122** es un suplemento alimenticio avanzado que combina componentes lipotr\u00f3picos de alta eficacia para apoyar los procesos naturales de quema de grasa del organismo.<\/p>\n<p>Este complejo \u00fanico integra **L-carnitina, Colina, Inositol, Betaina, Metionina, Taurina, CLA, HCA y Vitamina B6** en una f\u00f3rmula cient\u00edficamente desarrollada. **\u00a1100% Libre de Cafe\u00edna!** Lo que lo hace ideal para personas sensibles a los estimulantes o que prefieren un quemador de grasa no estimulante.<\/p>\n<p>**Lipotropic Fat Burner** ya est\u00e1 en Cuba. Distribuido por **EQGYM**.<br \/>\n\t\t\n<style>\n#text-3523380387 {\n  font-size: 0.9rem;\n  line-height: 1.5;\n}\n<\/style>\n\t<\/div>\n\t\n\t\t<\/div>\n\t<\/div>\n\t\n\t<div id=\"accordion-3727378311\" class=\"accordion-item\">\n\t\t<a id=\"accordion-3727378311-label\" class=\"accordion-title plain\" href=\"#accordion-item-beneficios\" aria-expanded=\"false\" aria-controls=\"accordion-3727378311-content\" >\n\t\t\t<button class=\"toggle\" aria-label=\"Toggle\"><i class=\"icon-angle-down\"><\/i><\/button>\n\t\t\t<span>Beneficios<\/span>\n\t\t<\/a>\n\t\t<div id=\"accordion-3727378311-content\" class=\"accordion-inner\" aria-labelledby=\"accordion-3727378311-label\" >\n\t\t\t\n\t<div id=\"text-1786632067\" class=\"text\">\n\t\t\n<ul>\n<li><strong>Complejo Lipotr\u00f3pico Avanzado:<\/strong> Combina 9 componentes activos para una acci\u00f3n sin\u00e9rgica en el metabolismo de grasas.<\/li>\n<li><strong>Transporte de \u00c1cidos Grasos:<\/strong> La L-carnitina facilita el transporte y oxidaci\u00f3n de grasas.<\/li>\n<li><strong>Metabolismo Lip\u00eddico:<\/strong> Colina e Inositol apoyan el metabolismo hep\u00e1tico de las grasas.<\/li>\n<li><strong>Acci\u00f3n Antioxidante:<\/strong> Taurina y Metionina proporcionan protecci\u00f3n celular.<\/li>\n<li><strong>Control del Apetito:<\/strong> HCA (\u00c1cido Hidroxic\u00edtrico) ayuda en el control de la ingesta cal\u00f3rica.<\/li>\n<li><strong>Composici\u00f3n No Estimulante:<\/strong> Formulado 100% libre de cafe\u00edna para uso en cualquier momento del d\u00eda.<\/li>\n<li><strong>Metabolismo Energ\u00e9tico:<\/strong> Vitamina B6 contribuye al metabolismo energ\u00e9tico normal.<\/li>\n<\/ul>\n\t\t\n<style>\n#text-1786632067 {\n  font-size: 0.9rem;\n  line-height: 1.5;\n}\n<\/style>\n\t<\/div>\n\t\n\t\t<\/div>\n\t<\/div>\n\t\n\t<div id=\"accordion-3811576891\" class=\"accordion-item\">\n\t\t<a id=\"accordion-3811576891-label\" class=\"accordion-title plain\" href=\"#accordion-item-informacion-nutricional\" aria-expanded=\"false\" aria-controls=\"accordion-3811576891-content\" >\n\t\t\t<button class=\"toggle\" aria-label=\"Toggle\"><i class=\"icon-angle-down\"><\/i><\/button>\n\t\t\t<span>Informacion Nutricional<\/span>\n\t\t<\/a>\n\t\t<div id=\"accordion-3811576891-content\" class=\"accordion-inner\" aria-labelledby=\"accordion-3811576891-label\" >\n\t\t\t\n\t<div class=\"img has-hover x md-x lg-x y md-y lg-y\" id=\"image_987253309\">\n\t\t\t\t\t\t\t\t<div class=\"img-inner dark\" >\n\t\t\t<img loading=\"lazy\" decoding=\"async\" width=\"1920\" height=\"579\" src=\"https:\/\/eqgymcu.com\/wp-content\/uploads\/2025\/07\/tabla1isoprime_PhotoGrid.png\" class=\"attachment-original size-original\" alt=\"\" srcset=\"https:\/\/eqgymcu.com\/wp-content\/uploads\/2025\/07\/tabla1isoprime_PhotoGrid.png 1920w, https:\/\/eqgymcu.com\/wp-content\/uploads\/2025\/07\/tabla1isoprime_PhotoGrid-300x90.png 300w, https:\/\/eqgymcu.com\/wp-content\/uploads\/2025\/07\/tabla1isoprime_PhotoGrid-1024x309.png 1024w, https:\/\/eqgymcu.com\/wp-content\/uploads\/2025\/07\/tabla1isoprime_PhotoGrid-768x232.png 768w, https:\/\/eqgymcu.com\/wp-content\/uploads\/2025\/07\/tabla1isoprime_PhotoGrid-1536x463.png 1536w, https:\/\/eqgymcu.com\/wp-content\/uploads\/2025\/07\/tabla1isoprime_PhotoGrid-18x5.png 18w, https:\/\/eqgymcu.com\/wp-content\/uploads\/2025\/07\/tabla1isoprime_PhotoGrid-500x151.png 500w\" sizes=\"auto, (max-width: 1920px) 100vw, 1920px\" \/>\t\t\t\t\t\t\n\t\t\t\t\t<\/div>\n\t\t\t\t\t\t\t\t\n<style>\n#image_987253309 {\n  width: 100%;\n}\n<\/style>\n\t<\/div>\n\t [!&#8211; Imagen tabla nutricional &#8211;]\n\t\t<\/div>\n\t<\/div>\n\t\n\t<div id=\"accordion-2039077057\" class=\"accordion-item\">\n\t\t<a id=\"accordion-2039077057-label\" class=\"accordion-title plain\" href=\"#accordion-item-precauciones\" aria-expanded=\"false\" aria-controls=\"accordion-2039077057-content\" >\n\t\t\t<button class=\"toggle\" aria-label=\"Toggle\"><i class=\"icon-angle-down\"><\/i><\/button>\n\t\t\t<span>Precauciones<\/span>\n\t\t<\/a>\n\t\t<div id=\"accordion-2039077057-content\" class=\"accordion-inner\" aria-labelledby=\"accordion-2039077057-label\" >\n\t\t\t\n\t<div id=\"text-2534673133\" class=\"text\">\n\t\t\n<p class=\"ds-markdown-paragraph\">No utilizar este producto si est\u00e1 embarazada o en per\u00edodo de lactancia. El producto no est\u00e1 dise\u00f1ado para ni\u00f1os. Mantener fuera del alcance de los ni\u00f1os. No exceder la dosis diaria recomendada. Los suplementos alimenticios no deben utilizarse como sustituto de una dieta variada. El fabricante no se hace responsable de los da\u00f1os causados por un uso o almacenamiento inadecuado. Almacenar a una temperatura que no supere los 25\u00b0C en un lugar fresco y seco, protegido de la luz solar.<\/p>\n<p class=\"ds-markdown-paragraph\"><strong>Presentaci\u00f3n disponible:<\/strong> 200 c\u00e1psulas<\/p>\n<p class=\"ds-markdown-paragraph\"><strong>\u00a1Quema de grasa avanzada sin estimulantes! Exclusivo en Cuba a trav\u00e9s de EQGYM.<\/strong><\/p>\n\t\t\n<style>\n#text-2534673133 {\n  font-size: 0.9rem;\n  line-height: 1.5;\n}\n<\/style>\n\t<\/div>\n\t\n\t\t<\/div>\n\t<\/div>\n\t\n<\/div>","protected":false},"excerpt":{"rendered":"<div class=\"ds-message _63c77b1\">\n<div class=\"ds-markdown\">\n<p class=\"ds-markdown-paragraph\"><span style=\"color: #50b848;\"><em><strong>\u2713<\/strong><\/em><\/span>\u00a0<strong>Complejo Lipotr\u00f3pico Avanzado<\/strong>:\u00a0Combina L-carnitina, Colina, Inositol, Betaina, Metionina, Taurina, CLA, HCA y Vitamina B6.<br \/>\n<span style=\"color: #50b848;\"><em><strong>\u2713<\/strong><\/em><\/span>\u00a0<strong>Ayuda en la Quema de Grasas<\/strong>:\u00a0F\u00f3rmula dise\u00f1ada para apoyar el metabolismo lip\u00eddico y la eliminaci\u00f3n de grasas.<br \/>\n<span style=\"color: #50b848;\"><em><strong>\u2713<\/strong><\/em><\/span>\u00a0<strong>100% Libre de Cafe\u00edna<\/strong>:\u00a0Ideal para personas sensibles a los estimulantes o que buscan un quemador no estimulante.<br \/>\n<span style=\"color: #50b848;\"><em><strong>\u2713<\/strong><\/em><\/span>\u00a0<strong>Componentes Activos Sin\u00e9rgicos<\/strong>:\u00a0Mezcla cient\u00edfica que potencia los procesos naturales de termog\u00e9nesis y oxidaci\u00f3n grasa.<\/p>\n<\/div>\n<\/div>\n<div class=\"ds-theme\"><\/div>\n<div class=\"ds-flex _0a3d93b\">\n<div class=\"ds-flex _965abe9 _54866f7\">\n<div class=\"_17e543b db183363\" tabindex=\"-1\" role=\"button\" aria-disabled=\"false\"><\/div>\n<\/div>\n<\/div>","protected":false},"featured_media":565,"comment_status":"open","ping_status":"closed","template":"","meta":[],"product_brand":[],"product_cat":[36],"product_tag":[],"class_list":{"0":"post-553","1":"product","2":"type-product","3":"status-publish","4":"has-post-thumbnail","6":"product_cat-suplementos","8":"first","9":"instock","10":"shipping-taxable","11":"purchasable","12":"product-type-variable"},"_links":{"self":[{"href":"https:\/\/eqgymcu.com\/en\/wp-json\/wp\/v2\/product\/553","targetHints":{"allow":["GET"]}}],"collection":[{"href":"https:\/\/eqgymcu.com\/en\/wp-json\/wp\/v2\/product"}],"about":[{"href":"https:\/\/eqgymcu.com\/en\/wp-json\/wp\/v2\/types\/product"}],"replies":[{"embeddable":true,"href":"https:\/\/eqgymcu.com\/en\/wp-json\/wp\/v2\/comments?post=553"}],"wp:featuredmedia":[{"embeddable":true,"href":"https:\/\/eqgymcu.com\/en\/wp-json\/wp\/v2\/media\/565"}],"wp:attachment":[{"href":"https:\/\/eqgymcu.com\/en\/wp-json\/wp\/v2\/media?parent=553"}],"wp:term":[{"taxonomy":"product_brand","embeddable":true,"href":"https:\/\/eqgymcu.com\/en\/wp-json\/wp\/v2\/product_brand?post=553"},{"taxonomy":"product_cat","embeddable":true,"href":"https:\/\/eqgymcu.com\/en\/wp-json\/wp\/v2\/product_cat?post=553"},{"taxonomy":"product_tag","embeddable":true,"href":"https:\/\/eqgymcu.com\/en\/wp-json\/wp\/v2\/product_tag?post=553"}],"curies":[{"name":"wp","href":"https:\/\/api.w.org\/{rel}","templated":true}]}}