{"id":677,"date":"2025-07-16T14:11:24","date_gmt":"2025-07-16T14:11:24","guid":{"rendered":"https:\/\/eqgymcu.com\/?post_type=product&#038;p=677"},"modified":"2025-07-16T14:11:40","modified_gmt":"2025-07-16T14:11:40","slug":"mirror-panel","status":"publish","type":"product","link":"https:\/\/eqgymcu.com\/en\/product\/mirror-panel\/","title":{"rendered":"Mirror Panel"},"content":{"rendered":"<p data-start=\"161\" data-end=\"459\">Descubre la elegancia y resistencia del <strong data-start=\"201\" data-end=\"234\">Mirror Panel de Bamboo Carbon<\/strong>, una soluci\u00f3n moderna ideal para interiores sofisticados y funcionales. Este panel combina un acabado tipo espejo con una estructura de alta tecnolog\u00eda, perfecta para proyectos que exigen tanto <strong data-start=\"429\" data-end=\"458\">est\u00e9tica como durabilidad<\/strong>.<\/p>\n<p data-start=\"461\" data-end=\"496\">\ud83d\udd39 <strong data-start=\"464\" data-end=\"496\">Caracter\u00edsticas principales:<\/strong><\/p>\n<ul data-start=\"497\" data-end=\"625\">\n<li data-start=\"497\" data-end=\"527\">\n<p data-start=\"499\" data-end=\"527\"><strong data-start=\"499\" data-end=\"510\">Tama\u00f1o:<\/strong> 1220 \u00d7 2440 mm<\/p>\n<\/li>\n<li data-start=\"528\" data-end=\"549\">\n<p data-start=\"530\" data-end=\"549\"><strong data-start=\"530\" data-end=\"542\">Espesor:<\/strong> 8 mm<\/p>\n<\/li>\n<li data-start=\"550\" data-end=\"581\">\n<p data-start=\"552\" data-end=\"581\"><strong data-start=\"552\" data-end=\"565\">Material:<\/strong> Bamboo Carbon<\/p>\n<\/li>\n<li data-start=\"582\" data-end=\"625\">\n<p data-start=\"584\" data-end=\"625\"><strong data-start=\"584\" data-end=\"623\">Superficie espejo ultra reflectante<\/strong><\/p>\n<\/li>\n<\/ul>\n<p data-start=\"627\" data-end=\"654\">\ud83d\udd12 <strong data-start=\"630\" data-end=\"654\">Ventajas destacadas:<\/strong><\/p>\n<ul data-start=\"655\" data-end=\"909\">\n<li data-start=\"655\" data-end=\"725\">\n<p data-start=\"657\" data-end=\"725\"><strong data-start=\"657\" data-end=\"673\">Impermeable:<\/strong> Ideal para ambientes h\u00famedos como ba\u00f1os y cocinas<\/p>\n<\/li>\n<li data-start=\"726\" data-end=\"798\">\n<p data-start=\"728\" data-end=\"798\"><strong data-start=\"728\" data-end=\"755\">Resistente al desgaste:<\/strong> Larga vida \u00fatil sin perder su apariencia<\/p>\n<\/li>\n<li data-start=\"799\" data-end=\"853\">\n<p data-start=\"801\" data-end=\"853\"><strong data-start=\"801\" data-end=\"814\">Ign\u00edfugo:<\/strong> Protecci\u00f3n adicional contra el fuego<\/p>\n<\/li>\n<li data-start=\"854\" data-end=\"909\">\n<p data-start=\"856\" data-end=\"909\"><strong data-start=\"856\" data-end=\"870\">Ecol\u00f3gico:<\/strong> Fabricado con materiales sostenibles<\/p>\n<\/li>\n<\/ul>\n<p data-start=\"911\" data-end=\"1113\">Perfecto para aplicaciones en paredes decorativas, mobiliario moderno, techos y revestimientos arquitect\u00f3nicos donde se requiere un acabado brillante tipo espejo sin comprometer seguridad y resistencia.<\/p>","protected":false},"excerpt":{"rendered":"<p>Descubre la elegancia y resistencia del Mirror Panel de Bamboo Carbon, una soluci\u00f3n moderna ideal para interiores sofisticados y funcionales. Este panel combina un acabado tipo espejo con una estructura de alta tecnolog\u00eda, perfecta para proyectos que exigen tanto est\u00e9tica como durabilidad. \ud83d\udd39 Caracter\u00edsticas principales: Tama\u00f1o: 1220 \u00d7 2440 mm Espesor: 8 mm Material: Bamboo [&#8230;]","protected":false},"featured_media":678,"comment_status":"open","ping_status":"closed","template":"","meta":[],"product_brand":[],"product_cat":[26],"product_tag":[],"class_list":{"0":"post-677","1":"product","2":"type-product","3":"status-publish","4":"has-post-thumbnail","6":"product_cat-equipos-gym","8":"first","9":"instock","10":"shipping-taxable","11":"purchasable","12":"product-type-simple"},"_links":{"self":[{"href":"https:\/\/eqgymcu.com\/en\/wp-json\/wp\/v2\/product\/677","targetHints":{"allow":["GET"]}}],"collection":[{"href":"https:\/\/eqgymcu.com\/en\/wp-json\/wp\/v2\/product"}],"about":[{"href":"https:\/\/eqgymcu.com\/en\/wp-json\/wp\/v2\/types\/product"}],"replies":[{"embeddable":true,"href":"https:\/\/eqgymcu.com\/en\/wp-json\/wp\/v2\/comments?post=677"}],"wp:featuredmedia":[{"embeddable":true,"href":"https:\/\/eqgymcu.com\/en\/wp-json\/wp\/v2\/media\/678"}],"wp:attachment":[{"href":"https:\/\/eqgymcu.com\/en\/wp-json\/wp\/v2\/media?parent=677"}],"wp:term":[{"taxonomy":"product_brand","embeddable":true,"href":"https:\/\/eqgymcu.com\/en\/wp-json\/wp\/v2\/product_brand?post=677"},{"taxonomy":"product_cat","embeddable":true,"href":"https:\/\/eqgymcu.com\/en\/wp-json\/wp\/v2\/product_cat?post=677"},{"taxonomy":"product_tag","embeddable":true,"href":"https:\/\/eqgymcu.com\/en\/wp-json\/wp\/v2\/product_tag?post=677"}],"curies":[{"name":"wp","href":"https:\/\/api.w.org\/{rel}","templated":true}]}}