{"id":701,"date":"2025-07-16T14:39:23","date_gmt":"2025-07-16T14:39:23","guid":{"rendered":"https:\/\/eqgymcu.com\/?post_type=product&#038;p=701"},"modified":"2025-07-16T14:39:23","modified_gmt":"2025-07-16T14:39:23","slug":"maquina-profesional-para-entrenamiento-de-piernas","status":"publish","type":"product","link":"https:\/\/eqgymcu.com\/en\/product\/maquina-profesional-para-entrenamiento-de-piernas\/","title":{"rendered":"M\u00e1quina Profesional para Entrenamiento de Piernas"},"content":{"rendered":"<h2 data-start=\"143\" data-end=\"464\"><strong>Leg Press \u2013 M\u00e1quina Profesional para Entrenamiento de Piernas<\/strong><\/h2>\n<p data-start=\"143\" data-end=\"464\"><strong data-start=\"146\" data-end=\"159\">Leg Press<\/strong> es una m\u00e1quina robusta y eficiente dise\u00f1ada para fortalecer y desarrollar la musculatura de las piernas y gl\u00fateos. Con unas dimensiones de <strong data-start=\"299\" data-end=\"324\">2340 x 1460 x 1670 mm<\/strong> y un peso de <strong data-start=\"338\" data-end=\"348\">230 kg<\/strong>, esta m\u00e1quina garantiza estabilidad y durabilidad para soportar entrenamientos intensos en gimnasios profesionales.<\/p>\n<p data-start=\"466\" data-end=\"621\">Ideal para ejercitar cu\u00e1driceps, isquiotibiales, gl\u00fateos y pantorrillas, permite un entrenamiento seguro y controlado con m\u00faltiples niveles de resistencia.<\/p>\n<p data-start=\"623\" data-end=\"644\"><strong data-start=\"623\" data-end=\"644\">Beneficios clave:<\/strong><\/p>\n<ul data-start=\"645\" data-end=\"919\">\n<li data-start=\"645\" data-end=\"696\">\n<p data-start=\"647\" data-end=\"696\">Desarrolla fuerza y masa muscular en las piernas.<\/p>\n<\/li>\n<li data-start=\"697\" data-end=\"752\">\n<p data-start=\"699\" data-end=\"752\">Dise\u00f1o estable y seguro para entrenamientos intensos.<\/p>\n<\/li>\n<li data-start=\"753\" data-end=\"798\">\n<p data-start=\"755\" data-end=\"798\">Construcci\u00f3n pesada para larga durabilidad.<\/p>\n<\/li>\n<li data-start=\"799\" data-end=\"853\">\n<p data-start=\"801\" data-end=\"853\">F\u00e1cil de usar y adecuada para todo nivel de usuario.<\/p>\n<\/li>\n<li data-start=\"854\" data-end=\"919\">\n<p data-start=\"856\" data-end=\"919\">Perfecta para gimnasios y centros de entrenamiento profesional.<\/p>\n<\/li>\n<\/ul>\n<p data-start=\"921\" data-end=\"959\"><strong data-start=\"921\" data-end=\"941\">Unidad de venta:<\/strong> Por m\u00e1quina (Pcs)<\/p>","protected":false},"excerpt":{"rendered":"<p>Leg Press \u2013 M\u00e1quina Profesional para Entrenamiento de Piernas Leg Press es una m\u00e1quina robusta y eficiente dise\u00f1ada para fortalecer y desarrollar la musculatura de las piernas y gl\u00fateos. Con unas dimensiones de 2340 x 1460 x 1670 mm y un peso de 230 kg, esta m\u00e1quina garantiza estabilidad y durabilidad para soportar entrenamientos intensos [&#8230;]","protected":false},"featured_media":703,"comment_status":"open","ping_status":"closed","template":"","meta":[],"product_brand":[],"product_cat":[15],"product_tag":[],"class_list":{"0":"post-701","1":"product","2":"type-product","3":"status-publish","4":"has-post-thumbnail","6":"product_cat-levantamiento","8":"first","9":"instock","10":"shipping-taxable","11":"purchasable","12":"product-type-simple"},"_links":{"self":[{"href":"https:\/\/eqgymcu.com\/en\/wp-json\/wp\/v2\/product\/701","targetHints":{"allow":["GET"]}}],"collection":[{"href":"https:\/\/eqgymcu.com\/en\/wp-json\/wp\/v2\/product"}],"about":[{"href":"https:\/\/eqgymcu.com\/en\/wp-json\/wp\/v2\/types\/product"}],"replies":[{"embeddable":true,"href":"https:\/\/eqgymcu.com\/en\/wp-json\/wp\/v2\/comments?post=701"}],"wp:featuredmedia":[{"embeddable":true,"href":"https:\/\/eqgymcu.com\/en\/wp-json\/wp\/v2\/media\/703"}],"wp:attachment":[{"href":"https:\/\/eqgymcu.com\/en\/wp-json\/wp\/v2\/media?parent=701"}],"wp:term":[{"taxonomy":"product_brand","embeddable":true,"href":"https:\/\/eqgymcu.com\/en\/wp-json\/wp\/v2\/product_brand?post=701"},{"taxonomy":"product_cat","embeddable":true,"href":"https:\/\/eqgymcu.com\/en\/wp-json\/wp\/v2\/product_cat?post=701"},{"taxonomy":"product_tag","embeddable":true,"href":"https:\/\/eqgymcu.com\/en\/wp-json\/wp\/v2\/product_tag?post=701"}],"curies":[{"name":"wp","href":"https:\/\/api.w.org\/{rel}","templated":true}]}}