{"id":711,"date":"2025-07-16T14:59:56","date_gmt":"2025-07-16T14:59:56","guid":{"rendered":"https:\/\/eqgymcu.com\/?post_type=product&#038;p=711"},"modified":"2025-07-16T14:59:57","modified_gmt":"2025-07-16T14:59:57","slug":"maquina-prone-leg-curl-leg-extension","status":"publish","type":"product","link":"https:\/\/eqgymcu.com\/en\/product\/maquina-prone-leg-curl-leg-extension\/","title":{"rendered":"M\u00e1quina Prone Leg Curl &#038; Leg Extension"},"content":{"rendered":"<h2 data-start=\"115\" data-end=\"157\"><strong data-start=\"115\" data-end=\"157\">M\u00e1quina Prone Leg Curl &amp; Leg Extension<\/strong><\/h2>\n<p data-start=\"159\" data-end=\"247\">Dimensiones: 1860 x 965 x 1630 mm<br data-start=\"192\" data-end=\"195\" \/>Peso de la m\u00e1quina: 187.5 kg<br data-start=\"223\" data-end=\"226\" \/>Peso apilado: 70 kg<\/p>\n<p data-start=\"249\" data-end=\"555\">Esta m\u00e1quina combinada permite realizar ejercicios de curl de piernas acostado y extensi\u00f3n de piernas, ofreciendo un entrenamiento completo para los m\u00fasculos isquiotibiales y cu\u00e1driceps. Ideal para fortalecer y tonificar las piernas con un control de peso preciso para ajustar la intensidad seg\u00fan tu nivel.<\/p>\n<p data-start=\"557\" data-end=\"574\"><strong data-start=\"557\" data-end=\"572\">Beneficios:<\/strong><\/p>\n<ul data-start=\"575\" data-end=\"833\">\n<li data-start=\"575\" data-end=\"631\">\n<p data-start=\"577\" data-end=\"631\">Entrenamiento dual para isquiotibiales y cu\u00e1driceps.<\/p>\n<\/li>\n<li data-start=\"632\" data-end=\"692\">\n<p data-start=\"634\" data-end=\"692\">Sistema de peso apilado de 70 kg para cargas ajustables.<\/p>\n<\/li>\n<li data-start=\"693\" data-end=\"760\">\n<p data-start=\"695\" data-end=\"760\">Dise\u00f1o ergon\u00f3mico que maximiza comodidad y rango de movimiento.<\/p>\n<\/li>\n<li data-start=\"761\" data-end=\"833\">\n<p data-start=\"763\" data-end=\"833\">Ayuda a mejorar la fuerza, resistencia y estabilidad en las piernas.<\/p>\n<\/li>\n<\/ul>\n<p data-start=\"835\" data-end=\"865\">Unidad de venta: Por pieza (u)<\/p>","protected":false},"excerpt":{"rendered":"<p>M\u00e1quina Prone Leg Curl &amp; Leg Extension Dimensiones: 1860 x 965 x 1630 mmPeso de la m\u00e1quina: 187.5 kgPeso apilado: 70 kg Esta m\u00e1quina combinada permite realizar ejercicios de curl de piernas acostado y extensi\u00f3n de piernas, ofreciendo un entrenamiento completo para los m\u00fasculos isquiotibiales y cu\u00e1driceps. Ideal para fortalecer y tonificar las piernas con [&#8230;]","protected":false},"featured_media":712,"comment_status":"open","ping_status":"closed","template":"","meta":[],"product_brand":[],"product_cat":[33],"product_tag":[],"class_list":{"0":"post-711","1":"product","2":"type-product","3":"status-publish","4":"has-post-thumbnail","6":"product_cat-equipos-multifuncion","8":"first","9":"instock","10":"shipping-taxable","11":"purchasable","12":"product-type-simple"},"_links":{"self":[{"href":"https:\/\/eqgymcu.com\/en\/wp-json\/wp\/v2\/product\/711","targetHints":{"allow":["GET"]}}],"collection":[{"href":"https:\/\/eqgymcu.com\/en\/wp-json\/wp\/v2\/product"}],"about":[{"href":"https:\/\/eqgymcu.com\/en\/wp-json\/wp\/v2\/types\/product"}],"replies":[{"embeddable":true,"href":"https:\/\/eqgymcu.com\/en\/wp-json\/wp\/v2\/comments?post=711"}],"wp:featuredmedia":[{"embeddable":true,"href":"https:\/\/eqgymcu.com\/en\/wp-json\/wp\/v2\/media\/712"}],"wp:attachment":[{"href":"https:\/\/eqgymcu.com\/en\/wp-json\/wp\/v2\/media?parent=711"}],"wp:term":[{"taxonomy":"product_brand","embeddable":true,"href":"https:\/\/eqgymcu.com\/en\/wp-json\/wp\/v2\/product_brand?post=711"},{"taxonomy":"product_cat","embeddable":true,"href":"https:\/\/eqgymcu.com\/en\/wp-json\/wp\/v2\/product_cat?post=711"},{"taxonomy":"product_tag","embeddable":true,"href":"https:\/\/eqgymcu.com\/en\/wp-json\/wp\/v2\/product_tag?post=711"}],"curies":[{"name":"wp","href":"https:\/\/api.w.org\/{rel}","templated":true}]}}