{"id":717,"date":"2025-07-16T15:11:07","date_gmt":"2025-07-16T15:11:07","guid":{"rendered":"https:\/\/eqgymcu.com\/?post_type=product&#038;p=717"},"modified":"2025-07-16T15:11:08","modified_gmt":"2025-07-16T15:11:08","slug":"bicicleta-estatica-con-resistencia-magnetica-y-estructura-de-acero","status":"publish","type":"product","link":"https:\/\/eqgymcu.com\/en\/product\/bicicleta-estatica-con-resistencia-magnetica-y-estructura-de-acero\/","title":{"rendered":"Bicicleta Est\u00e1tica con Resistencia Magn\u00e9tica y Estructura de Acero"},"content":{"rendered":"<h2 data-start=\"143\" data-end=\"213\"><strong data-start=\"143\" data-end=\"213\">Bicicleta Est\u00e1tica con Resistencia Magn\u00e9tica y Estructura de Acero<\/strong><\/h2>\n<p data-start=\"215\" data-end=\"248\"><strong data-start=\"215\" data-end=\"246\">Caracter\u00edsticas destacadas:<\/strong><\/p>\n<ol data-start=\"249\" data-end=\"790\">\n<li data-start=\"249\" data-end=\"333\">\n<p data-start=\"252\" data-end=\"333\">Sistema de resistencia magn\u00e9tica ajustable para un pedaleo fluido y silencioso.<\/p>\n<\/li>\n<li data-start=\"334\" data-end=\"444\">\n<p data-start=\"337\" data-end=\"444\">Tecnolog\u00eda de tracci\u00f3n por correa antideslizante que garantiza seguridad durante entrenamientos intensos.<\/p>\n<\/li>\n<li data-start=\"445\" data-end=\"601\">\n<p data-start=\"448\" data-end=\"601\">Funcionamiento ultrasilencioso gracias al sistema de transmisi\u00f3n \u00abPidaichuandong\u00bb, ideal para gimnasios donde se busca un ambiente sin ruidos molestos.<\/p>\n<\/li>\n<li data-start=\"602\" data-end=\"694\">\n<p data-start=\"605\" data-end=\"694\">Estructura de acero de alta resistencia que proporciona gran estabilidad y durabilidad.<\/p>\n<\/li>\n<li data-start=\"695\" data-end=\"790\">\n<p data-start=\"698\" data-end=\"790\">Mantenimiento m\u00ednimo: la correa puede aflojarse con el tiempo, pero es f\u00e1cilmente ajustable.<\/p>\n<\/li>\n<\/ol>\n<p data-start=\"792\" data-end=\"826\"><strong data-start=\"792\" data-end=\"824\">Beneficios para el gimnasio:<\/strong><\/p>\n<ul data-start=\"827\" data-end=\"1080\">\n<li data-start=\"827\" data-end=\"895\">\n<p data-start=\"829\" data-end=\"895\">Ideal para sesiones de cardio silenciosas y de alto rendimiento.<\/p>\n<\/li>\n<li data-start=\"896\" data-end=\"979\">\n<p data-start=\"898\" data-end=\"979\">Atractiva para usuarios principiantes y avanzados por su resistencia regulable.<\/p>\n<\/li>\n<li data-start=\"980\" data-end=\"1040\">\n<p data-start=\"982\" data-end=\"1040\">Dise\u00f1o profesional que se adapta a entornos de alto uso.<\/p>\n<\/li>\n<li data-start=\"1041\" data-end=\"1080\">\n<p data-start=\"1043\" data-end=\"1080\">Bajo mantenimiento y larga vida \u00fatil.<\/p>\n<\/li>\n<\/ul>\n<p><strong data-start=\"1118\" data-end=\"1138\">Unidad de venta:<\/strong> Por pieza (u)<\/p>","protected":false},"excerpt":{"rendered":"<p>Bicicleta Est\u00e1tica con Resistencia Magn\u00e9tica y Estructura de Acero Caracter\u00edsticas destacadas: Sistema de resistencia magn\u00e9tica ajustable para un pedaleo fluido y silencioso. Tecnolog\u00eda de tracci\u00f3n por correa antideslizante que garantiza seguridad durante entrenamientos intensos. Funcionamiento ultrasilencioso gracias al sistema de transmisi\u00f3n \u00abPidaichuandong\u00bb, ideal para gimnasios donde se busca un ambiente sin ruidos molestos. Estructura de [&#8230;]","protected":false},"featured_media":0,"comment_status":"open","ping_status":"closed","template":"","meta":[],"product_brand":[],"product_cat":[32],"product_tag":[],"class_list":{"0":"post-717","1":"product","2":"type-product","3":"status-publish","5":"product_cat-cardio","7":"first","8":"instock","9":"shipping-taxable","10":"purchasable","11":"product-type-simple"},"_links":{"self":[{"href":"https:\/\/eqgymcu.com\/en\/wp-json\/wp\/v2\/product\/717","targetHints":{"allow":["GET"]}}],"collection":[{"href":"https:\/\/eqgymcu.com\/en\/wp-json\/wp\/v2\/product"}],"about":[{"href":"https:\/\/eqgymcu.com\/en\/wp-json\/wp\/v2\/types\/product"}],"replies":[{"embeddable":true,"href":"https:\/\/eqgymcu.com\/en\/wp-json\/wp\/v2\/comments?post=717"}],"wp:attachment":[{"href":"https:\/\/eqgymcu.com\/en\/wp-json\/wp\/v2\/media?parent=717"}],"wp:term":[{"taxonomy":"product_brand","embeddable":true,"href":"https:\/\/eqgymcu.com\/en\/wp-json\/wp\/v2\/product_brand?post=717"},{"taxonomy":"product_cat","embeddable":true,"href":"https:\/\/eqgymcu.com\/en\/wp-json\/wp\/v2\/product_cat?post=717"},{"taxonomy":"product_tag","embeddable":true,"href":"https:\/\/eqgymcu.com\/en\/wp-json\/wp\/v2\/product_tag?post=717"}],"curies":[{"name":"wp","href":"https:\/\/api.w.org\/{rel}","templated":true}]}}