{"id":808,"date":"2025-09-07T03:31:55","date_gmt":"2025-09-07T03:31:55","guid":{"rendered":"https:\/\/eqgymcu.com\/?post_type=product&#038;p=808"},"modified":"2026-01-02T07:39:14","modified_gmt":"2026-01-02T07:39:14","slug":"clear-iso-whey","status":"publish","type":"product","link":"https:\/\/eqgymcu.com\/en\/product\/clear-iso-whey\/","title":{"rendered":"Clear Iso Whey"},"content":{"rendered":"<div class=\"accordion\">\n\t<div id=\"accordion-862822328\" class=\"accordion-item\">\n\t\t<a id=\"accordion-862822328-label\" class=\"accordion-title plain\" href=\"#accordion-item-descripci\u00f3n-general-del-producto\" aria-expanded=\"false\" aria-controls=\"accordion-862822328-content\" >\n\t\t\t<button class=\"toggle\" aria-label=\"Toggle\"><i class=\"icon-angle-down\"><\/i><\/button>\n\t\t\t<span>Descripci\u00f3n General del Producto<\/span>\n\t\t<\/a>\n\t\t<div id=\"accordion-862822328-content\" class=\"accordion-inner\" aria-labelledby=\"accordion-862822328-label\" >\n\t\t\t\n\t<div id=\"text-2682443614\" class=\"text\">\n\t\t\n<p class=\"ds-markdown-paragraph\"><strong>Clear ISO Whey<\/strong>\u00a0de <strong>Amix\u2122<\/strong> es un\u00a0<em><strong>aislado de prote\u00edna de suero cristalino de calidad premium<\/strong><\/em>, formulado para crear una bebida\u00a0<em><strong>transparente, refrescante y de f\u00e1cil disoluci\u00f3n<\/strong><\/em>. Ideal para quienes buscan una alternativa ligera a los batidos tradicionales,\u00a0<em><strong>sin sabor l\u00e1cteo<\/strong><\/em> y con un perfil de amino\u00e1cidos excelente. Sabores exclusivos de Forest Fruit, Lemon-Lime, Mango-Coconut.<\/p>\n<p class=\"ds-markdown-paragraph\">Mezclar 1 scoop (25 g) en 300-400 ml de agua fr\u00eda. Consumir post-entreno o como snack refrescante.<\/p>\n<p class=\"ds-markdown-paragraph\">Exclusivo en Cuba a trav\u00e9s de<strong> EQGYM.<\/strong><\/p>\n\t\t\n<style>\n#text-2682443614 {\n  font-size: 0.9rem;\n  line-height: 1.05;\n}\n<\/style>\n\t<\/div>\n\t\n\t\t<\/div>\n\t<\/div>\n\t\n\t<div id=\"accordion-3922514400\" class=\"accordion-item\">\n\t\t<a id=\"accordion-3922514400-label\" class=\"accordion-title plain\" href=\"#accordion-item-beneficios\" aria-expanded=\"false\" aria-controls=\"accordion-3922514400-content\" >\n\t\t\t<button class=\"toggle\" aria-label=\"Toggle\"><i class=\"icon-angle-down\"><\/i><\/button>\n\t\t\t<span>Beneficios<\/span>\n\t\t<\/a>\n\t\t<div id=\"accordion-3922514400-content\" class=\"accordion-inner\" aria-labelledby=\"accordion-3922514400-label\" >\n\t\t\t\n\t<div id=\"text-3090127356\" class=\"text\">\n\t\t\n<p class=\"ds-markdown-paragraph\"><strong>Beneficios:<\/strong><\/p>\n<ul>\n<li>\n<p class=\"ds-markdown-paragraph\"><strong>Textura transparente y refrescante<\/strong>: Sin sabor l\u00e1cteo, ideal para d\u00edas calurosos.<\/p>\n<\/li>\n<li>\n<p class=\"ds-markdown-paragraph\">\u00a0<strong>0% grasa y 0% az\u00facar<\/strong>: Perfecto para dietas de definici\u00f3n y control cal\u00f3rico.<\/p>\n<\/li>\n<li>\n<p class=\"ds-markdown-paragraph\">\u00a0<strong>Sin aspartamo ni acesulfamo<\/strong>: Endulzado con alternativas seguras.<\/p>\n<\/li>\n<li>\n<p class=\"ds-markdown-paragraph\">\u00a0<strong>Disoluci\u00f3n instant\u00e1nea<\/strong>: Sin grumos, textura suave y ligera.<\/p>\n<\/li>\n<li>\n<p class=\"ds-markdown-paragraph\">\u00a0<strong>Contribuye al crecimiento y mantenimiento muscular<\/strong>: Alto contenido de prote\u00edna de suero aislada.<\/p>\n<\/li>\n<\/ul>\n\t\t\n<style>\n#text-3090127356 {\n  font-size: 0.9rem;\n  line-height: 1.05;\n}\n<\/style>\n\t<\/div>\n\t\n\t\t<\/div>\n\t<\/div>\n\t\n\t<div id=\"accordion-622296532\" class=\"accordion-item\">\n\t\t<a id=\"accordion-622296532-label\" class=\"accordion-title plain\" href=\"#accordion-item-informacion-nutricional\" aria-expanded=\"false\" aria-controls=\"accordion-622296532-content\" >\n\t\t\t<button class=\"toggle\" aria-label=\"Toggle\"><i class=\"icon-angle-down\"><\/i><\/button>\n\t\t\t<span>Informacion Nutricional<\/span>\n\t\t<\/a>\n\t\t<div id=\"accordion-622296532-content\" class=\"accordion-inner\" aria-labelledby=\"accordion-622296532-label\" >\n\t\t\t\n\t<div class=\"img has-hover x md-x lg-x y md-y lg-y\" id=\"image_132068830\">\n\t\t\t\t\t\t\t\t<div class=\"img-inner dark\" >\n\t\t\t<img loading=\"lazy\" decoding=\"async\" width=\"1597\" height=\"411\" src=\"https:\/\/eqgymcu.com\/wp-content\/uploads\/2025\/09\/clearisotabla1.png\" class=\"attachment-original size-original\" alt=\"\" srcset=\"https:\/\/eqgymcu.com\/wp-content\/uploads\/2025\/09\/clearisotabla1.png 1597w, https:\/\/eqgymcu.com\/wp-content\/uploads\/2025\/09\/clearisotabla1-300x77.png 300w, https:\/\/eqgymcu.com\/wp-content\/uploads\/2025\/09\/clearisotabla1-1024x264.png 1024w, https:\/\/eqgymcu.com\/wp-content\/uploads\/2025\/09\/clearisotabla1-768x198.png 768w, https:\/\/eqgymcu.com\/wp-content\/uploads\/2025\/09\/clearisotabla1-1536x395.png 1536w, https:\/\/eqgymcu.com\/wp-content\/uploads\/2025\/09\/clearisotabla1-18x5.png 18w, https:\/\/eqgymcu.com\/wp-content\/uploads\/2025\/09\/clearisotabla1-500x129.png 500w\" sizes=\"auto, (max-width: 1597px) 100vw, 1597px\" \/>\t\t\t\t\t\t\n\t\t\t\t\t<\/div>\n\t\t\t\t\t\t\t\t\n<style>\n#image_132068830 {\n  width: 100%;\n}\n<\/style>\n\t<\/div>\n\t\n\t<div class=\"img has-hover x md-x lg-x y md-y lg-y\" id=\"image_1723460606\">\n\t\t\t\t\t\t\t\t<div class=\"img-inner dark\" >\n\t\t\t<img loading=\"lazy\" decoding=\"async\" width=\"1597\" height=\"447\" src=\"https:\/\/eqgymcu.com\/wp-content\/uploads\/2025\/09\/clearisotabla2.png\" class=\"attachment-original size-original\" alt=\"\" srcset=\"https:\/\/eqgymcu.com\/wp-content\/uploads\/2025\/09\/clearisotabla2.png 1597w, https:\/\/eqgymcu.com\/wp-content\/uploads\/2025\/09\/clearisotabla2-300x84.png 300w, https:\/\/eqgymcu.com\/wp-content\/uploads\/2025\/09\/clearisotabla2-1024x287.png 1024w, https:\/\/eqgymcu.com\/wp-content\/uploads\/2025\/09\/clearisotabla2-768x215.png 768w, https:\/\/eqgymcu.com\/wp-content\/uploads\/2025\/09\/clearisotabla2-1536x430.png 1536w, https:\/\/eqgymcu.com\/wp-content\/uploads\/2025\/09\/clearisotabla2-18x5.png 18w, https:\/\/eqgymcu.com\/wp-content\/uploads\/2025\/09\/clearisotabla2-500x140.png 500w\" sizes=\"auto, (max-width: 1597px) 100vw, 1597px\" \/>\t\t\t\t\t\t\n\t\t\t\t\t<\/div>\n\t\t\t\t\t\t\t\t\n<style>\n#image_1723460606 {\n  width: 100%;\n}\n<\/style>\n\t<\/div>\n\t\n\t\t<\/div>\n\t<\/div>\n\t\n\t<div id=\"accordion-3756597553\" class=\"accordion-item\">\n\t\t<a id=\"accordion-3756597553-label\" class=\"accordion-title plain\" href=\"#accordion-item-precauciones\" aria-expanded=\"false\" aria-controls=\"accordion-3756597553-content\" >\n\t\t\t<button class=\"toggle\" aria-label=\"Toggle\"><i class=\"icon-angle-down\"><\/i><\/button>\n\t\t\t<span>Precauciones<\/span>\n\t\t<\/a>\n\t\t<div id=\"accordion-3756597553-content\" class=\"accordion-inner\" aria-labelledby=\"accordion-3756597553-label\" >\n\t\t\t\n\t<div id=\"text-463882108\" class=\"text\">\n\t\t\n<p class=\"ds-markdown-paragraph\"><strong>Advertencia sobre al\u00e9rgenos: <\/strong>Puede contener trazas de huevo, gluten, soja, pescado, frutos secos, man\u00ed y mariscos (crust\u00e1ceos y moluscos).<\/p>\n<p class=\"ds-markdown-paragraph\"><strong>Advertencia: <\/strong>No utilizar este producto si est\u00e1 embarazada o en per\u00edodo de lactancia. El producto no est\u00e1 dise\u00f1ado para ni\u00f1os. Mantener fuera del alcance de los ni\u00f1os. No exceder la dosis diaria recomendada. Los suplementos alimenticios no deben utilizarse como sustituto de una dieta variada. El fabricante no se hace responsable de los da\u00f1os causados por un uso o almacenamiento inadecuado. Almacenar a una temperatura que no supere los 25\u00b0C en un lugar fresco y seco, protegido de la luz solar.<\/p>\n\t\t\n<style>\n#text-463882108 {\n  font-size: 0.9rem;\n  line-height: 1.05;\n}\n<\/style>\n\t<\/div>\n\t\n\t\t<\/div>\n\t<\/div>\n\t\n<\/div>","protected":false},"excerpt":{"rendered":"<p><strong><span style=\"color: #50b848;\"><em>\u2713<\/em><\/span> Aislado de prote\u00edna<\/strong>: calidad premium<br \/>\n<strong><span style=\"color: #50b848;\"><em>\u2713<\/em><\/span> Perfil de amino\u00e1cidos excelente<\/strong>:\u00a0para m\u00e1xima eficacia<br \/>\n<strong><span style=\"color: #50b848;\"><em>\u2713<\/em><\/span> Sin sabor l\u00e1cteo<\/strong>: bebida transparente y refrescante<br \/>\n<span style=\"color: #50b848;\"><em><strong>\u2713<\/strong><\/em><\/span>\u00a0<strong>Disoluci\u00f3n instant\u00e1nea<\/strong>:\u00a0sin residuos<br \/>\n<span style=\"color: #50b848;\"><em><strong>\u2713<\/strong><\/em><\/span>\u00a0<strong>Textura ligera<\/strong>: f\u00e1cil de digerir<br \/>\n<span style=\"color: #50b848;\"><em><strong>\u2713<\/strong><\/em><\/span> <strong>Ideal para quienes prefieren una alternativa a los batidos tradicionales<\/strong><\/p>","protected":false},"featured_media":930,"comment_status":"open","ping_status":"closed","template":"","meta":[],"product_brand":[37],"product_cat":[36],"product_tag":[],"class_list":{"0":"post-808","1":"product","2":"type-product","3":"status-publish","4":"has-post-thumbnail","6":"product_brand-amix","7":"product_cat-suplementos","8":"pa_sabor-frutos-del-bosque","9":"pa_sabor-lima-limon","10":"pa_sabor-mango-coco","12":"first","13":"onbackorder","14":"shipping-taxable","15":"purchasable","16":"product-type-variable","17":"has-default-attributes"},"_links":{"self":[{"href":"https:\/\/eqgymcu.com\/en\/wp-json\/wp\/v2\/product\/808","targetHints":{"allow":["GET"]}}],"collection":[{"href":"https:\/\/eqgymcu.com\/en\/wp-json\/wp\/v2\/product"}],"about":[{"href":"https:\/\/eqgymcu.com\/en\/wp-json\/wp\/v2\/types\/product"}],"replies":[{"embeddable":true,"href":"https:\/\/eqgymcu.com\/en\/wp-json\/wp\/v2\/comments?post=808"}],"wp:featuredmedia":[{"embeddable":true,"href":"https:\/\/eqgymcu.com\/en\/wp-json\/wp\/v2\/media\/930"}],"wp:attachment":[{"href":"https:\/\/eqgymcu.com\/en\/wp-json\/wp\/v2\/media?parent=808"}],"wp:term":[{"taxonomy":"product_brand","embeddable":true,"href":"https:\/\/eqgymcu.com\/en\/wp-json\/wp\/v2\/product_brand?post=808"},{"taxonomy":"product_cat","embeddable":true,"href":"https:\/\/eqgymcu.com\/en\/wp-json\/wp\/v2\/product_cat?post=808"},{"taxonomy":"product_tag","embeddable":true,"href":"https:\/\/eqgymcu.com\/en\/wp-json\/wp\/v2\/product_tag?post=808"}],"curies":[{"name":"wp","href":"https:\/\/api.w.org\/{rel}","templated":true}]}}