{"id":814,"date":"2025-09-07T14:12:58","date_gmt":"2025-09-07T14:12:58","guid":{"rendered":"https:\/\/eqgymcu.com\/?post_type=product&#038;p=814"},"modified":"2025-12-24T07:46:25","modified_gmt":"2025-12-24T07:46:25","slug":"hydrobeef-protein","status":"publish","type":"product","link":"https:\/\/eqgymcu.com\/en\/product\/hydrobeef-protein\/","title":{"rendered":"HydroBeef Protein"},"content":{"rendered":"<div class=\"accordion\">\n\t<div id=\"accordion-3449302650\" class=\"accordion-item\">\n\t\t<a id=\"accordion-3449302650-label\" class=\"accordion-title plain\" href=\"#accordion-item-descripci\u00f3n-general-del-producto\" aria-expanded=\"false\" aria-controls=\"accordion-3449302650-content\" >\n\t\t\t<button class=\"toggle\" aria-label=\"Toggle\"><i class=\"icon-angle-down\"><\/i><\/button>\n\t\t\t<span>Descripci\u00f3n General del Producto<\/span>\n\t\t<\/a>\n\t\t<div id=\"accordion-3449302650-content\" class=\"accordion-inner\" aria-labelledby=\"accordion-3449302650-label\" >\n\t\t\t\n\t<div id=\"text-4012934838\" class=\"text\">\n\t\t\n<p><span style=\"font-size: 120%;\"><strong>HydroBeef\u2122 Prote\u00edna de P\u00e9ptidos<\/strong><\/span><br \/>\nSuplemento alimenticio con edulcorantes y aromas<\/p>\n<p><strong>Amix\u2122 HydroBeef Prote\u00edna de P\u00e9ptidos<\/strong> es un producto clave de la nueva <strong>Amix\u2122 High-Class Series<\/strong>, l\u00ednea de productos con solo ingredientes de <em><strong>m\u00e1xima calidad<\/strong><\/em>. Este excepcional suplemento de <em><strong>prote\u00edna de res<\/strong><\/em> garantiza la m\u00e1s alta calidad y pureza con alto valor biol\u00f3gico gracias a un proceso revolucionario de <em><strong>hidr\u00f3lisis, purificaci\u00f3n y extracci\u00f3n<\/strong><\/em>.<\/p>\n<p><strong>Amix\u2122 HydroBeef Prote\u00edna de P\u00e9ptidos<\/strong> es una prote\u00edna animal altamente soluble y de gran sabor, fabricada a partir de materia prima de res fresca mejorada con la matriz triple de p\u00e9ptidos exclusiva <strong>PepForm\u00ae<\/strong> y bacillus coagulans <strong>LactoSpore\u00ae<\/strong>.<\/p>\n<p><strong>Amix\u2122 HydroBeef Prote\u00edna de P\u00e9ptidos<\/strong> ofrece un perfil nutricional excelente y contiene m\u00e1s del <em><strong>78% de prote\u00edna pura<\/strong><\/em>, que contribuye al crecimiento y mantenimiento de la masa muscular y contribuye al mantenimiento de huesos normales.<\/p>\n<p>Exclusivo en Cuba a trav\u00e9s de <strong>EQGYM<\/strong>.<br \/>\n\t\t\n<style>\n#text-4012934838 {\n  font-size: 0.9rem;\n  line-height: 1.05;\n  text-align: left;\n}\n<\/style>\n\t<\/div>\n\t\n\t\t<\/div>\n\t<\/div>\n\t\n\t<div id=\"accordion-1034871937\" class=\"accordion-item\">\n\t\t<a id=\"accordion-1034871937-label\" class=\"accordion-title plain\" href=\"#accordion-item-beneficios\" aria-expanded=\"false\" aria-controls=\"accordion-1034871937-content\" >\n\t\t\t<button class=\"toggle\" aria-label=\"Toggle\"><i class=\"icon-angle-down\"><\/i><\/button>\n\t\t\t<span>Beneficios<\/span>\n\t\t<\/a>\n\t\t<div id=\"accordion-1034871937-content\" class=\"accordion-inner\" aria-labelledby=\"accordion-1034871937-label\" >\n\t\t\t\n\t<div id=\"text-3966536109\" class=\"text\">\n\t\t\n<ul>\n<li>La prote\u00edna contribuye al crecimiento de la masa muscular<\/li>\n<li>La prote\u00edna contribuye al mantenimiento de la masa muscular<\/li>\n<li>Endulzado con gluc\u00f3sidos de esteviol y sucralosa<\/li>\n<li><strong><em>300%<\/em><\/strong> m\u00e1s amino\u00e1cidos por onza que un filete de res<\/li>\n<li>Alto score de nitr\u00f3geno proteico de m\u00e1s de 100 (101.5)<\/li>\n<li>Con <strong>HydroBeef\u2122<\/strong> original producido en Suecia por Proliant Health Inc.<\/li>\n<li>Libre de aspartamo<\/li>\n<li>Altamente soluble<\/li>\n<\/ul>\n\t\t\n<style>\n#text-3966536109 {\n  font-size: 0.9rem;\n  line-height: 1.05;\n  text-align: left;\n}\n<\/style>\n\t<\/div>\n\t\n\t\t<\/div>\n\t<\/div>\n\t\n\t<div id=\"accordion-2609328762\" class=\"accordion-item\">\n\t\t<a id=\"accordion-2609328762-label\" class=\"accordion-title plain\" href=\"#accordion-item-informaci\u00f3n-nutricional\" aria-expanded=\"false\" aria-controls=\"accordion-2609328762-content\" >\n\t\t\t<button class=\"toggle\" aria-label=\"Toggle\"><i class=\"icon-angle-down\"><\/i><\/button>\n\t\t\t<span>Informaci\u00f3n Nutricional<\/span>\n\t\t<\/a>\n\t\t<div id=\"accordion-2609328762-content\" class=\"accordion-inner\" aria-labelledby=\"accordion-2609328762-label\" >\n\t\t\t\n\n\n<table id=\"tablepress-1\" class=\"tablepress tablepress-id-1\">\n<thead>\n<tr class=\"row-1\">\n\t<th colspan=\"3\" class=\"column-1\">Informaci\u00f3n Nutricional<\/th>\n<\/tr>\n<\/thead>\n<tbody class=\"row-hover\">\n<tr class=\"row-2\">\n\t<td class=\"column-1\">Dosis: 2 cacitos (40 g)<\/td><td class=\"column-2\"><\/td><td class=\"column-3\"><\/td>\n<\/tr>\n<tr class=\"row-3\">\n\t<td class=\"column-1\">Dosis por envase: 50<\/td><td class=\"column-2\"><\/td><td class=\"column-3\"><\/td>\n<\/tr>\n<tr class=\"row-4\">\n\t<td class=\"column-1\"><strong>Valores medios<\/strong><\/td><td class=\"column-2\"><strong>Por 40 g:<\/strong><\/td><td class=\"column-3\"><strong>Por 100 g:<\/strong><\/td>\n<\/tr>\n<tr class=\"row-5\">\n\t<td class=\"column-1\">Valor energ\u00e9tico<\/td><td class=\"column-2\">627,1 kJ\/147,8 kcal<\/td><td class=\"column-3\">1567,8 kJ\/369,6 kcal<\/td>\n<\/tr>\n<tr class=\"row-6\">\n\t<td class=\"column-1\"><strong>Grasas<\/strong><\/td><td class=\"column-2\"><strong>1 g<\/strong><\/td><td class=\"column-3\"><strong>2,4 g<\/strong><\/td>\n<\/tr>\n<tr class=\"row-7\">\n\t<td class=\"column-1\">De las cuales saturadas<\/td><td class=\"column-2\">0,5 g<\/td><td class=\"column-3\">1,2 g<\/td>\n<\/tr>\n<tr class=\"row-8\">\n\t<td class=\"column-1\"><strong>Hidratos de carbono<\/strong><\/td><td class=\"column-2\"><strong>3,6 g<\/strong><\/td><td class=\"column-3\"><strong>9 g<\/strong><\/td>\n<\/tr>\n<tr class=\"row-9\">\n\t<td class=\"column-1\">De los cuales az\u00facares<\/td><td class=\"column-2\">< 0,3 g<\/td><td class=\"column-3\">< 1 g<\/td>\n<\/tr>\n<tr class=\"row-10\">\n\t<td class=\"column-1\">Prote\u00edna (base seca)<\/td><td class=\"column-2\">31,2 g<\/td><td class=\"column-3\">78 g<\/td>\n<\/tr>\n<tr class=\"row-11\">\n\t<td class=\"column-1\">Sal<\/td><td class=\"column-2\">< 0,7 g<\/td><td class=\"column-3\">1,7 g<\/td>\n<\/tr>\n<tr class=\"row-12\">\n\t<td class=\"column-1\">PepForm\u00ae Triple-Matrix 1 : 1 : 1<br \/>\n<br \/>\nPepForm\u00ae Leucine peptides, PepForm\u00ae BCAA 2:1:1 peptides, PepForm\u00ae Tryptophan<\/td><td class=\"column-2\">1 000 mg<\/td><td class=\"column-3\">2 500 mg<\/td>\n<\/tr>\n<tr class=\"row-13\">\n\t<td class=\"column-1\"><\/td><td class=\"column-2\"><\/td><td class=\"column-3\"><\/td>\n<\/tr>\n<tr class=\"row-14\">\n\t<td class=\"column-1\"><\/td><td class=\"column-2\"><\/td><td class=\"column-3\"><\/td>\n<\/tr>\n<\/tbody>\n<\/table>\n<!-- #tablepress-1 from cache -->\n\n\t\t<\/div>\n\t<\/div>\n\t\n\t<div id=\"accordion-2162079332\" class=\"accordion-item\">\n\t\t<a id=\"accordion-2162079332-label\" class=\"accordion-title plain\" href=\"#accordion-item-precauciones\" aria-expanded=\"false\" aria-controls=\"accordion-2162079332-content\" >\n\t\t\t<button class=\"toggle\" aria-label=\"Toggle\"><i class=\"icon-angle-down\"><\/i><\/button>\n\t\t\t<span>Precauciones<\/span>\n\t\t<\/a>\n\t\t<div id=\"accordion-2162079332-content\" class=\"accordion-inner\" aria-labelledby=\"accordion-2162079332-label\" >\n\t\t\t\n<p><strong>Dosis recomendada<\/strong>: Mezcle <strong>40 g<\/strong> (2 cucharadas) de prote\u00edna <strong>HydroBeef\u2122<\/strong> con <strong>300 ml<\/strong> de agua o leche baja en grasa. Use una batidora o el agitador de mano <strong>Amix\u2122<\/strong>. Tome 1-3 porciones al d\u00eda, dependiendo de las necesidades diarias de prote\u00edna.<\/p>\n\t\t<\/div>\n\t<\/div>\n\t\n<\/div>","protected":false},"excerpt":{"rendered":"<p><em><strong><span style=\"color: #50b848;\">\u2713<\/span><\/strong><\/em>\u00a0<strong>Prote\u00edna de res hidrolizada<\/strong>: Obtenida mediante un revolucionario proceso de hidr\u00f3lisis, purificaci\u00f3n y extracci\u00f3n.<br \/>\n<em><strong><span style=\"color: #50b848;\">\u2713<\/span><\/strong><\/em>\u00a0<strong>M\u00e1xima pureza y calidad<\/strong>: Garantiza un alto valor biol\u00f3gico y r\u00e1pida absorci\u00f3n.<br \/>\n<em><strong><span style=\"color: #50b848;\">\u2713<\/span><\/strong><\/em>\u00a0<strong>P\u00e9ptidos bioactivos<\/strong>: Contribuyen al crecimiento y mantenimiento de la masa muscular.<br \/>\n<em><strong><span style=\"color: #50b848;\">\u2713<\/span><\/strong><\/em>\u00a0<strong>F\u00e1cil absorci\u00f3n<\/strong>: Ideal para est\u00f3magos sensibles e intolerancias alimentarias.<br \/>\n<em><strong><span style=\"color: #50b848;\">\u2713<\/span><\/strong><\/em>\u00a0<strong>Libre de lactosa y gluten<\/strong>: Ideal para al\u00e9rgicos o sensibles a prote\u00ednas l\u00e1cteas.<\/p>","protected":false},"featured_media":815,"comment_status":"open","ping_status":"closed","template":"","meta":[],"product_brand":[37],"product_cat":[36],"product_tag":[],"class_list":{"0":"post-814","1":"product","2":"type-product","3":"status-publish","4":"has-post-thumbnail","6":"product_brand-amix","7":"product_cat-suplementos","8":"pa_sabor-cacahuete-choco-caramelo","9":"pa_sabor-doble-choco-coco","11":"first","12":"onbackorder","13":"shipping-taxable","14":"purchasable","15":"product-type-variable"},"_links":{"self":[{"href":"https:\/\/eqgymcu.com\/en\/wp-json\/wp\/v2\/product\/814","targetHints":{"allow":["GET"]}}],"collection":[{"href":"https:\/\/eqgymcu.com\/en\/wp-json\/wp\/v2\/product"}],"about":[{"href":"https:\/\/eqgymcu.com\/en\/wp-json\/wp\/v2\/types\/product"}],"replies":[{"embeddable":true,"href":"https:\/\/eqgymcu.com\/en\/wp-json\/wp\/v2\/comments?post=814"}],"wp:featuredmedia":[{"embeddable":true,"href":"https:\/\/eqgymcu.com\/en\/wp-json\/wp\/v2\/media\/815"}],"wp:attachment":[{"href":"https:\/\/eqgymcu.com\/en\/wp-json\/wp\/v2\/media?parent=814"}],"wp:term":[{"taxonomy":"product_brand","embeddable":true,"href":"https:\/\/eqgymcu.com\/en\/wp-json\/wp\/v2\/product_brand?post=814"},{"taxonomy":"product_cat","embeddable":true,"href":"https:\/\/eqgymcu.com\/en\/wp-json\/wp\/v2\/product_cat?post=814"},{"taxonomy":"product_tag","embeddable":true,"href":"https:\/\/eqgymcu.com\/en\/wp-json\/wp\/v2\/product_tag?post=814"}],"curies":[{"name":"wp","href":"https:\/\/api.w.org\/{rel}","templated":true}]}}