{"id":822,"date":"2025-09-07T19:48:01","date_gmt":"2025-09-07T19:48:01","guid":{"rendered":"https:\/\/eqgymcu.com\/?post_type=product&#038;p=822"},"modified":"2025-11-07T14:52:38","modified_gmt":"2025-11-07T14:52:38","slug":"hydropure-whey-cfm","status":"publish","type":"product","link":"https:\/\/eqgymcu.com\/en\/product\/hydropure-whey-cfm\/","title":{"rendered":"HYDROPURE WHEY CFM"},"content":{"rendered":"<div class=\"accordion\">\n\t<div id=\"accordion-685533081\" class=\"accordion-item\">\n\t\t<a id=\"accordion-685533081-label\" class=\"accordion-title plain\" href=\"#accordion-item-descripcion-general-del-producto\" aria-expanded=\"false\" aria-controls=\"accordion-685533081-content\" >\n\t\t\t<button class=\"toggle\" aria-label=\"Toggle\"><i class=\"icon-angle-down\"><\/i><\/button>\n\t\t\t<span>Descripcion General del Producto<\/span>\n\t\t<\/a>\n\t\t<div id=\"accordion-685533081-content\" class=\"accordion-inner\" aria-labelledby=\"accordion-685533081-label\" >\n\t\t\t\n\t<div id=\"text-2933481369\" class=\"text\">\n\t\t\n<p class=\"ds-markdown-paragraph\"><strong>HydroPure Whey CFM Prote\u00edna de Suero<\/strong><\/p>\n<p class=\"ds-markdown-paragraph\">La Prote\u00edna de Suero <strong>HydroPure<\/strong>\u00a0de <strong>Amix\u2122<\/strong> es l<strong><em>a prote\u00edna de suero m\u00e1s avanzada que hemos desarrollado<\/em><\/strong>. En una palabra: <em><strong>Excelencia<\/strong><\/em>. Al hidrolizar aislados de prote\u00edna de suero para <strong><em>descomponer las prote\u00ednas m\u00e1s grandes en piezas m\u00e1s peque\u00f1as<\/em><\/strong>, estos aislados de suero ultrapuros son capaces de entrar en su sistema r\u00e1pidamente. Esta f\u00f3rmula ultrapura y de r\u00e1pida digesti\u00f3n est\u00e1 adem\u00e1s infusionada con una matriz triple de p\u00e9ptidos \u00fanica <strong>PepForm\u2122<\/strong>, un Complejo pH-Activo y\u00a0<em>Lactobacillus sporogenes<\/em> <strong>LactoSpore\u00ae<\/strong>.<\/p>\n<p>Distribuido exclusivamente en Cuba por <strong>EQGYM<\/strong>.<\/p>\n\t\t\n<style>\n#text-2933481369 {\n  font-size: 0.9rem;\n  line-height: 1.05;\n}\n<\/style>\n\t<\/div>\n\t\n\t\t<\/div>\n\t<\/div>\n\t\n\t<div id=\"accordion-2160893619\" class=\"accordion-item\">\n\t\t<a id=\"accordion-2160893619-label\" class=\"accordion-title plain\" href=\"#accordion-item-beneficios\" aria-expanded=\"false\" aria-controls=\"accordion-2160893619-content\" >\n\t\t\t<button class=\"toggle\" aria-label=\"Toggle\"><i class=\"icon-angle-down\"><\/i><\/button>\n\t\t\t<span>Beneficios<\/span>\n\t\t<\/a>\n\t\t<div id=\"accordion-2160893619-content\" class=\"accordion-inner\" aria-labelledby=\"accordion-2160893619-label\" >\n\t\t\t\n\t<div id=\"text-686555603\" class=\"text\">\n\t\t\n<ul>\n<li class=\"ds-markdown-paragraph\">Sin rellenos ni cargadores<\/li>\n<li class=\"ds-markdown-paragraph\">Probado en laboratorio para garantizar su pureza<\/li>\n<li class=\"ds-markdown-paragraph\"><strong> Hydrovon\u00ae<\/strong> original<\/li>\n<li class=\"ds-markdown-paragraph\">Con Complejo <em><strong>pH-Activo<\/strong><\/em><\/li>\n<li class=\"ds-markdown-paragraph\">Endulzado con <strong><em>glic\u00f3sidos<\/em><\/strong> de esteviol y sucralosa<\/li>\n<li class=\"ds-markdown-paragraph\">Se mezcla muy bien con agua, jugo, leche, avena,<strong><em> etc<\/em><\/strong>.<\/li>\n<li class=\"ds-markdown-paragraph\">La prote\u00edna contribuye al crecimiento de la masa muscular<\/li>\n<li class=\"ds-markdown-paragraph\">La prote\u00edna contribuye al mantenimiento de la masa muscular<\/li>\n<\/ul>\n\t\t\n<style>\n#text-686555603 {\n  font-size: 0.9rem;\n  line-height: 1.05;\n}\n<\/style>\n\t<\/div>\n\t\n\t\t<\/div>\n\t<\/div>\n\t\n\t<div id=\"accordion-876990722\" class=\"accordion-item\">\n\t\t<a id=\"accordion-876990722-label\" class=\"accordion-title plain\" href=\"#accordion-item-informacion-nutricional\" aria-expanded=\"false\" aria-controls=\"accordion-876990722-content\" >\n\t\t\t<button class=\"toggle\" aria-label=\"Toggle\"><i class=\"icon-angle-down\"><\/i><\/button>\n\t\t\t<span>Informacion Nutricional<\/span>\n\t\t<\/a>\n\t\t<div id=\"accordion-876990722-content\" class=\"accordion-inner\" aria-labelledby=\"accordion-876990722-label\" >\n\t\t\t\n\t<div class=\"img has-hover x md-x lg-x y md-y lg-y\" id=\"image_712901183\">\n\t\t\t\t\t\t\t\t<div class=\"img-inner dark\" >\n\t\t\t<img loading=\"lazy\" decoding=\"async\" width=\"1583\" height=\"495\" src=\"https:\/\/eqgymcu.com\/wp-content\/uploads\/2025\/09\/hydropuretabla1.png\" class=\"attachment-original size-original\" alt=\"\" srcset=\"https:\/\/eqgymcu.com\/wp-content\/uploads\/2025\/09\/hydropuretabla1.png 1583w, https:\/\/eqgymcu.com\/wp-content\/uploads\/2025\/09\/hydropuretabla1-300x94.png 300w, https:\/\/eqgymcu.com\/wp-content\/uploads\/2025\/09\/hydropuretabla1-1024x320.png 1024w, https:\/\/eqgymcu.com\/wp-content\/uploads\/2025\/09\/hydropuretabla1-768x240.png 768w, https:\/\/eqgymcu.com\/wp-content\/uploads\/2025\/09\/hydropuretabla1-1536x480.png 1536w, https:\/\/eqgymcu.com\/wp-content\/uploads\/2025\/09\/hydropuretabla1-18x6.png 18w, https:\/\/eqgymcu.com\/wp-content\/uploads\/2025\/09\/hydropuretabla1-500x156.png 500w\" sizes=\"auto, (max-width: 1583px) 100vw, 1583px\" \/>\t\t\t\t\t\t\n\t\t\t\t\t<\/div>\n\t\t\t\t\t\t\t\t\n<style>\n#image_712901183 {\n  width: 100%;\n}\n<\/style>\n\t<\/div>\n\t\n\t<div class=\"img has-hover x md-x lg-x y md-y lg-y\" id=\"image_1132272057\">\n\t\t\t\t\t\t\t\t<div class=\"img-inner dark\" >\n\t\t\t<img loading=\"lazy\" decoding=\"async\" width=\"1582\" height=\"422\" src=\"https:\/\/eqgymcu.com\/wp-content\/uploads\/2025\/09\/hydropurewheytabla2.png\" class=\"attachment-original size-original\" alt=\"\" srcset=\"https:\/\/eqgymcu.com\/wp-content\/uploads\/2025\/09\/hydropurewheytabla2.png 1582w, https:\/\/eqgymcu.com\/wp-content\/uploads\/2025\/09\/hydropurewheytabla2-300x80.png 300w, https:\/\/eqgymcu.com\/wp-content\/uploads\/2025\/09\/hydropurewheytabla2-1024x273.png 1024w, https:\/\/eqgymcu.com\/wp-content\/uploads\/2025\/09\/hydropurewheytabla2-768x205.png 768w, https:\/\/eqgymcu.com\/wp-content\/uploads\/2025\/09\/hydropurewheytabla2-1536x410.png 1536w, https:\/\/eqgymcu.com\/wp-content\/uploads\/2025\/09\/hydropurewheytabla2-18x5.png 18w, https:\/\/eqgymcu.com\/wp-content\/uploads\/2025\/09\/hydropurewheytabla2-500x133.png 500w\" sizes=\"auto, (max-width: 1582px) 100vw, 1582px\" \/>\t\t\t\t\t\t\n\t\t\t\t\t<\/div>\n\t\t\t\t\t\t\t\t\n<style>\n#image_1132272057 {\n  width: 100%;\n}\n<\/style>\n\t<\/div>\n\t\n\t\t<\/div>\n\t<\/div>\n\t\n\t<div id=\"accordion-157223422\" class=\"accordion-item\">\n\t\t<a id=\"accordion-157223422-label\" class=\"accordion-title plain\" href=\"#accordion-item-precauciones\" aria-expanded=\"false\" aria-controls=\"accordion-157223422-content\" >\n\t\t\t<button class=\"toggle\" aria-label=\"Toggle\"><i class=\"icon-angle-down\"><\/i><\/button>\n\t\t\t<span>Precauciones<\/span>\n\t\t<\/a>\n\t\t<div id=\"accordion-157223422-content\" class=\"accordion-inner\" aria-labelledby=\"accordion-157223422-label\" >\n\t\t\t\n\t<div id=\"text-4153428220\" class=\"text\">\n\t\t\n<p class=\"ds-markdown-paragraph\"><strong>Advertencia de al\u00e9rgenos:<\/strong> Puede contener trazas de huevo, gluten, pescado, frutos de c\u00e1scara, cacahuetes y mariscos (crust\u00e1ceos y moluscos).<\/p>\n<p class=\"ds-markdown-paragraph\"><strong>Advertencia<\/strong>: No utilice este producto si est\u00e1 embarazada o en per\u00edodo de lactancia. El producto no est\u00e1 dise\u00f1ado para ni\u00f1os. El producto debe almacenarse fuera del alcance de los ni\u00f1os peque\u00f1os. \u00a1No exceda la dosis diaria recomendada indicada! Almacenar a una temperatura que no supere los <em><strong>25 \u00b0C<\/strong> <\/em>en un lugar fresco y seco alejado de la luz solar. Los complementos alimenticios no deben utilizarse como sustituto de una dieta variada. El productor no es responsable de ning\u00fan da\u00f1o causado por un uso o almacenamiento incorrectos.<\/p>\n\t\t\n<style>\n#text-4153428220 {\n  font-size: 0.9rem;\n  line-height: 1.05;\n}\n<\/style>\n\t<\/div>\n\t\n\t\t<\/div>\n\t<\/div>\n\t\n<\/div>","protected":false},"excerpt":{"rendered":"<p><strong><span style=\"color: #50b848;\"><em><span class=\"checkmark\">\u2713<\/span><\/em><\/span> Tecnolog\u00eda de hidr\u00f3lisis avanzada<\/strong>: Prote\u00ednas fraccionadas en p\u00e9ptidos m\u00e1s peque\u00f1os para absorci\u00f3n acelerada<br \/>\n<strong><span style=\"color: #50b848;\"><em><span class=\"checkmark\">\u2713<\/span><\/em><\/span> Aislados de suero ultra puros<\/strong>: Obtenidos mediante procesos de filtrado de \u00faltima generaci\u00f3n<br \/>\n<strong><span style=\"color: #50b848;\"><em><span class=\"checkmark\">\u2713<\/span><\/em><\/span> Absorci\u00f3n muscular r\u00e1pida<\/strong>: Llega a los m\u00fasculos en tiempo r\u00e9cord gracias a su formulaci\u00f3n prefigurada<br \/>\n<strong><em><span class=\"checkmark\" style=\"color: #50b848;\">\u2713<\/span><\/em> Matriz Triple PepForm\u00ae<\/strong>: P\u00e9ptidos exclusivos que optimizan la s\u00edntesis proteica<br \/>\n<strong><span style=\"color: #50b848;\"><em><span class=\"checkmark\">\u2713<\/span><\/em><\/span> Complejo pH-Active<\/strong>: Maximiza la biodisponibilidad de los nutrientes<br \/>\n<strong><span style=\"color: #50b848;\"><em><span class=\"checkmark\">\u2713<\/span> <\/em><\/span>Lactobacillus sporogenes LactoSpore\u00ae<\/strong>: Probi\u00f3tico que mejora la salud intestinal y la absorci\u00f3n<\/p>","protected":false},"featured_media":821,"comment_status":"open","ping_status":"closed","template":"","meta":[],"product_brand":[37],"product_cat":[36],"product_tag":[],"class_list":{"0":"post-822","1":"product","2":"type-product","3":"status-publish","4":"has-post-thumbnail","6":"product_brand-amix","7":"product_cat-suplementos","8":"pa_sabor-crema-de-cacahuete-cookies-2","9":"pa_sabor-doble-chocolate","10":"pa_sabor-yogurt-frances-de-fresa","12":"first","13":"onbackorder","14":"shipping-taxable","15":"purchasable","16":"product-type-variable","17":"has-default-attributes"},"_links":{"self":[{"href":"https:\/\/eqgymcu.com\/en\/wp-json\/wp\/v2\/product\/822","targetHints":{"allow":["GET"]}}],"collection":[{"href":"https:\/\/eqgymcu.com\/en\/wp-json\/wp\/v2\/product"}],"about":[{"href":"https:\/\/eqgymcu.com\/en\/wp-json\/wp\/v2\/types\/product"}],"replies":[{"embeddable":true,"href":"https:\/\/eqgymcu.com\/en\/wp-json\/wp\/v2\/comments?post=822"}],"wp:featuredmedia":[{"embeddable":true,"href":"https:\/\/eqgymcu.com\/en\/wp-json\/wp\/v2\/media\/821"}],"wp:attachment":[{"href":"https:\/\/eqgymcu.com\/en\/wp-json\/wp\/v2\/media?parent=822"}],"wp:term":[{"taxonomy":"product_brand","embeddable":true,"href":"https:\/\/eqgymcu.com\/en\/wp-json\/wp\/v2\/product_brand?post=822"},{"taxonomy":"product_cat","embeddable":true,"href":"https:\/\/eqgymcu.com\/en\/wp-json\/wp\/v2\/product_cat?post=822"},{"taxonomy":"product_tag","embeddable":true,"href":"https:\/\/eqgymcu.com\/en\/wp-json\/wp\/v2\/product_tag?post=822"}],"curies":[{"name":"wp","href":"https:\/\/api.w.org\/{rel}","templated":true}]}}